{"id":115516,"date":"2026-01-04T00:00:00","date_gmt":"2026-01-04T05:00:00","guid":{"rendered":"http:\/\/gpl-love.com\/es\/producto\/superio-job-board-wordpress-theme\/"},"modified":"2026-04-10T11:26:55","modified_gmt":"2026-04-10T16:26:55","slug":"superio-job-board-wordpress-theme","status":"publish","type":"product","link":"https:\/\/gpl-love.com\/es\/producto\/superio-job-board-wordpress-theme\/","title":{"rendered":"Superio Job Board WordPress Theme 1.3.34"},"content":{"rendered":"<h3>Superio Job Board WordPress Theme Caracteristicas<\/h3>\n<p>El tema de WordPress de Superio Job Board, reconocido por su naturaleza formidable y multifac\u00e9tica, demuestra ser una soluci\u00f3n ejemplar cuando se trata de elaborar sofisticados tableros de trabajo y sitios web de reclutamiento. Poseer una variedad diversa de opciones y caracter\u00edsticas personalizables, que abarcan una variedad de listados de empleo, una funcionalidad de b\u00fasqueda avanzada y perfiles de miembros integrales, este tema atiende innegablemente las necesidades y aspiraciones de empresas, reclutadores y solicitantes de empleo. Adem\u00e1s, su capacidad de respuesta incomparable garantiza una experiencia est\u00e9ticamente agradable y perfecta en todo tipo de dispositivos. Con su dise\u00f1o impecablemente pulido y su interfaz intuitivamente navegable, el tema de WordPress de la Junta Superio surge como una elecci\u00f3n inequ\u00edvoca para aquellos que buscan establecer una junta de trabajo superior o un sitio de reclutamiento de calidad incomparable.<\/p>\n<ul>\n<li>Opciones de configuraci\u00f3n y personalizaci\u00f3n f\u00e1ciles para mostrar publicaciones de trabajo<\/li>\n<li>Opciones de dise\u00f1o m\u00faltiples para listados de trabajo y p\u00e1ginas de trabajo individuales<\/li>\n<li>Integraci\u00f3n con complementos populares de la junta de trabajo, como WP Job Manager y Reanuda, Gerente<\/li>\n<li>Formularios de aplicaci\u00f3n personalizables y sistema de seguimiento de solicitantes<\/li>\n<li>Opci\u00f3n para alertas de trabajo y b\u00fasquedas guardadas para usuarios<\/li>\n<li>Dise\u00f1o receptivo para la compatibilidad con todos los dispositivos<\/li>\n<li>Compartir en redes sociales y compatibilidad con plataformas de redes sociales populares<\/li>\n<li>Optimizaci\u00f3n de SEO para una mejor clasificaci\u00f3n de motores de b\u00fasqueda<\/li>\n<li>Opci\u00f3n para paquetes de publicaci\u00f3n de trabajo basados \u200b\u200ben suscripci\u00f3n para empleadores<\/li>\n<li>Opciones de filtrado de b\u00fasqueda avanzada para solicitantes de empleo.<\/li>\n<\/ul>\n","protected":false},"excerpt":{"rendered":"<p>El tema de WordPress de Superio Job Board demuestra ser el ep\u00edtome de un remedio formidable cuando se trata del establecimiento de un exquisito sitio web de la Junta de Trabajo Profesional. Imbrimido de una variedad de caracter\u00edsticas de vanguardia, que van desde widgets a medida hasta formularios de env\u00edo de front-end, as\u00ed como una gesti\u00f3n de listado de trabajo sin interrupciones y opciones de b\u00fasqueda de vanguardia, este tema fenomenal est\u00e1 dise\u00f1ado con un elegante y contempor\u00e1neo Est\u00e9tica que est\u00e1 completamente en sinton\u00eda con todos los tama\u00f1os de pantalla, asegurando as\u00ed una experiencia de usuario perfecta. En virtud de este notable tema, la creaci\u00f3n de publicaciones de trabajo se convierte en una tarea notablemente sin esfuerzo, que finalmente culmin\u00f3 en la entrega de un viaje de caza de empleo inigualable a sus apreciados usuarios. Abrace hoy el tema de WordPress de la junta de empleo de Superio y impulse su junta de trabajo a alturas de \u00e9xito incomparables.<\/p>\n","protected":false},"featured_media":167663,"comment_status":"open","ping_status":"open","template":"","meta":[],"product_brand":[2337],"product_cat":[1307,1237,1238],"product_tag":[1391],"class_list":{"0":"post-115516","1":"product","2":"type-product","3":"status-publish","4":"has-post-thumbnail","6":"product_brand-themeforest","7":"product_cat-negocio-wordpress-temas","8":"product_cat-temas","9":"product_cat-wordpress-temas","10":"product_tag-themeforest","11":"member-discount","12":"discount-restricted","14":"first","15":"instock","16":"sale","17":"downloadable","18":"virtual","19":"sold-individually","20":"purchasable","21":"product-type-simple"},"_links":{"self":[{"href":"https:\/\/gpl-love.com\/es\/wp-json\/wp\/v2\/product\/115516","targetHints":{"allow":["GET"]}}],"collection":[{"href":"https:\/\/gpl-love.com\/es\/wp-json\/wp\/v2\/product"}],"about":[{"href":"https:\/\/gpl-love.com\/es\/wp-json\/wp\/v2\/types\/product"}],"replies":[{"embeddable":true,"href":"https:\/\/gpl-love.com\/es\/wp-json\/wp\/v2\/comments?post=115516"}],"wp:featuredmedia":[{"embeddable":true,"href":"https:\/\/gpl-love.com\/es\/wp-json\/wp\/v2\/media\/167663"}],"wp:attachment":[{"href":"https:\/\/gpl-love.com\/es\/wp-json\/wp\/v2\/media?parent=115516"}],"wp:term":[{"taxonomy":"product_brand","embeddable":true,"href":"https:\/\/gpl-love.com\/es\/wp-json\/wp\/v2\/product_brand?post=115516"},{"taxonomy":"product_cat","embeddable":true,"href":"https:\/\/gpl-love.com\/es\/wp-json\/wp\/v2\/product_cat?post=115516"},{"taxonomy":"product_tag","embeddable":true,"href":"https:\/\/gpl-love.com\/es\/wp-json\/wp\/v2\/product_tag?post=115516"}],"curies":[{"name":"wp","href":"https:\/\/api.w.org\/{rel}","templated":true}]}}