{"id":115441,"date":"2026-02-05T00:00:00","date_gmt":"2026-02-05T05:00:00","guid":{"rendered":"http:\/\/gpl-love.com\/es\/?post_type=product&#038;p=115441"},"modified":"2026-03-09T08:26:00","modified_gmt":"2026-03-09T13:26:00","slug":"woocommerce-table-rate-shipping","status":"publish","type":"product","link":"https:\/\/gpl-love.com\/es\/producto\/woocommerce-table-rate-shipping\/","title":{"rendered":"WooCommerce Table Rate Shipping 3.6.1"},"content":{"rendered":"<h3>WooCommerce Table Rate Shipping Caracteristicas<\/h3>\n<p>El complemento de env\u00edo de tarifa de la tabla de WooCommerce es una herramienta de env\u00edo inmensamente potente que permite a las empresas establecer sin esfuerzo las tarifas de env\u00edo basadas en una amplia gama de factores, que abarca el peso, el precio y la ubicaci\u00f3n. Al utilizar este complemento ingenioso, las empresas tienen la capacidad de configurar intrincadas regulaciones de env\u00edo que dependan de zonas distintas, clases de env\u00edo y categor\u00edas de productos. Adem\u00e1s, este notable complemento extiende el soporte al env\u00edo local e internacional, al tiempo que entrega tarifas de env\u00edo en tiempo real que se originan en operadores de renombre como USPS, FedEx y UPS. En consecuencia, las empresas que aprovechan el complemento de env\u00edo de la tasa de mesa de WooCommerce pueden proporcionar a su estimada clientela con gastos de env\u00edo impecablemente precisos y totalmente transparentes, aumentando as\u00ed efectivamente la satisfacci\u00f3n del cliente y fomentando el crecimiento exponencial en las ventas.<\/p>\n<ul>\n<li>Complemento de env\u00edo avanzado para wooCommerce<\/li>\n<li>Permite a los propietarios de tiendas configurar y personalizar las tarifas de env\u00edo en funci\u00f3n de varios criterios<\/li>\n<li>Admite m\u00faltiples opciones de env\u00edo que incluyen peso, cantidad, destino y m\u00e1s<\/li>\n<li>Ofrece opciones de precios flexibles, como la tasa de art\u00edculo, la tasa porcentual y la tasa plana<\/li>\n<li>Permite la creaci\u00f3n de zonas de env\u00edo personalizadas y env\u00edo de clase<\/li>\n<li>Se integra a la perfecci\u00f3n con WooCommerce y otros complementos<\/li>\n<li>Habilita los c\u00e1lculos de env\u00edo en tiempo real y la informaci\u00f3n de seguimiento<\/li>\n<li>Proporciona opciones de env\u00edo amigables con el cliente y transparencia en los precios<\/li>\n<li>Ofrece una interfaz f\u00e1cil de usar para una f\u00e1cil configuraci\u00f3n y administraci\u00f3n de tarifas de env\u00edo<\/li>\n<li>Mejora la experiencia del cliente y aumenta las conversiones al optimizar el proceso de env\u00edo.<\/li>\n<\/ul>\n","protected":false},"excerpt":{"rendered":"<p>La extensi\u00f3n de env\u00edo de la tasa de mesa de WooCommerce es una herramienta de env\u00edo inmensamente robusta e impactante que le permite establecer tablas de tarifas personalizadas fundadas en una gran cantidad de criterios que incluyen peso, volumen, destino y clase de env\u00edo. Este complemento le brinda la capacidad de generar una serie ilimitada de m\u00e9todos de env\u00edo, cada uno equipado con tarifas y regulaciones distintas, lo que facilita la gesti\u00f3n perfecta de los intrincados escenarios de env\u00edo. La interfaz f\u00e1cil de usar acelera la configuraci\u00f3n de las tarifas en cuesti\u00f3n de minutos, mientras que la ventaja adicional de crear e importar tablas de tarifas CSV amplifica a\u00fan m\u00e1s la flexibilidad. Independientemente de si preside una tienda diminuta en l\u00ednea o una plataforma expansiva de comercio electr\u00f3nico, la indispensabilidad del env\u00edo de la tabla de WooCommerce como un recurso indispensable para supervisar sus alternativas de env\u00edo no puede ser exagerada.<\/p>\n","protected":false},"featured_media":168288,"comment_status":"open","ping_status":"open","template":"","meta":[],"product_brand":[2344],"product_cat":[1208,1207,1206],"product_tag":[1423],"class_list":{"0":"post-115441","1":"product","2":"type-product","3":"status-publish","4":"has-post-thumbnail","6":"product_brand-woocommerce","7":"product_cat-administracion","8":"product_cat-comercio-electronico-plugins","9":"product_cat-plugins","10":"product_tag-woocommerce","11":"member-discount","12":"discount-restricted","14":"first","15":"instock","16":"sale","17":"downloadable","18":"virtual","19":"sold-individually","20":"purchasable","21":"product-type-simple"},"_links":{"self":[{"href":"https:\/\/gpl-love.com\/es\/wp-json\/wp\/v2\/product\/115441","targetHints":{"allow":["GET"]}}],"collection":[{"href":"https:\/\/gpl-love.com\/es\/wp-json\/wp\/v2\/product"}],"about":[{"href":"https:\/\/gpl-love.com\/es\/wp-json\/wp\/v2\/types\/product"}],"replies":[{"embeddable":true,"href":"https:\/\/gpl-love.com\/es\/wp-json\/wp\/v2\/comments?post=115441"}],"wp:featuredmedia":[{"embeddable":true,"href":"https:\/\/gpl-love.com\/es\/wp-json\/wp\/v2\/media\/168288"}],"wp:attachment":[{"href":"https:\/\/gpl-love.com\/es\/wp-json\/wp\/v2\/media?parent=115441"}],"wp:term":[{"taxonomy":"product_brand","embeddable":true,"href":"https:\/\/gpl-love.com\/es\/wp-json\/wp\/v2\/product_brand?post=115441"},{"taxonomy":"product_cat","embeddable":true,"href":"https:\/\/gpl-love.com\/es\/wp-json\/wp\/v2\/product_cat?post=115441"},{"taxonomy":"product_tag","embeddable":true,"href":"https:\/\/gpl-love.com\/es\/wp-json\/wp\/v2\/product_tag?post=115441"}],"curies":[{"name":"wp","href":"https:\/\/api.w.org\/{rel}","templated":true}]}}