{"id":115294,"date":"2025-04-29T00:00:00","date_gmt":"2025-04-29T05:00:00","guid":{"rendered":"http:\/\/gpl-love.com\/es\/?post_type=product&#038;p=115294"},"modified":"2026-03-09T07:35:00","modified_gmt":"2026-03-09T12:35:00","slug":"finale-woocommerce-sales-countdown-timer-y-discount-plugin","status":"publish","type":"product","link":"https:\/\/gpl-love.com\/es\/producto\/finale-woocommerce-sales-countdown-timer-y-discount-plugin\/","title":{"rendered":"Finale WooCommerce Sales Countdown Timer y Discount Plugin 2.22.1"},"content":{"rendered":"<h3>Finale WooCommerce Sales Countdown Timer y Discount Plugin Caracteristicas<\/h3>\n<p>El temporizador de cuenta de ventas de WooCommerce final es una herramienta incre\u00edblemente robusta y efectiva que sirve para mejorar en gran medida el rendimiento de los minoristas en l\u00ednea al aumentar profundamente sus ventas, amplificar la urgencia que sienten los clientes potenciales y cultivar un sentido palpable de urgencia entre ellos. Con una interfaz incre\u00edblemente f\u00e1cil de usar, este complemento empodera a los propietarios de las tiendas con la capacidad de incorporar sin esfuerzo temporizadores de cuenta regresiva en sus sitios web, fomentando de manera brillante un sentido de sensibilidad de tiempo intensamente dentro de los clientes, ya que se recuerdan persistentemente la ventana cada vez mayor de la oportunidad para capitalizar descuentos atractivos. A trav\u00e9s de este complemento extraordinario, los propietarios de tiendas se otorgan la capacidad extraordinaria de establecer e implementar una amplia gama de descuentos y ofertas, incluidos, entre otras, cautivadoras ventas flash y tentadoras de ofertas de tiempo limitado, que se materializan cautivadoramente una vez que el temporizador de cuenta regresiva alcanza tentadoramente cero cero. . Este complemento impresionante no solo facilita un aumento inequ\u00edvoco en las ventas, sino que tambi\u00e9n engendra magistralmente una profunda sensaci\u00f3n de estimulaci\u00f3n y urgencia, as\u00ed que eleva maravillosamente la experiencia de compra general para todos los clientes lo suficientemente afortunados como para participar en \u00e9l.<\/p>\n<ul>\n<li>Muestra un temporizador de cuenta regresiva para ventas y descuentos en su tienda WooCommerce<\/li>\n<li>Opciones de dise\u00f1o y estilo personalizables para el temporizador de cuenta regresiva<\/li>\n<li>Opci\u00f3n para mostrar el precio de venta y el porcentaje de descuento<\/li>\n<li>Opciones de programaci\u00f3n flexible para establecer el per\u00edodo de venta y descuento<\/li>\n<li>Opci\u00f3n para mostrar el temporizador de cuenta regresiva solo para productos espec\u00edficos o categor\u00edas de productos<\/li>\n<li>Eliminaci\u00f3n autom\u00e1tica del temporizador de cuenta regresiva una vez que ha finalizado el per\u00edodo de venta o descuento<\/li>\n<li>Aumenta el tr\u00e1fico del sitio y la tasa de conversi\u00f3n creando urgencia y alentando las compras r\u00e1pidas<\/li>\n<li>F\u00e1cil de instalar y usar sin requerido conocimiento de codificaci\u00f3n<\/li>\n<li>Compatible con todos los principales navegadores web y dispositivos m\u00f3viles<\/li>\n<li>Precios asequibles sin suscripciones mensuales o anuales<\/li>\n<\/ul>\n","protected":false},"excerpt":{"rendered":"<p>El temporizador de cuenta de ventas de WooCommerce final y el complemento de descuento, que es una herramienta incre\u00edblemente robusta y potente, est\u00e1 espec\u00edficamente dise\u00f1ada para empresas de comercio electr\u00f3nico que est\u00e1n interesadas en mejorar sus ventas y aumentar la participaci\u00f3n del cliente. Este complemento excepcional le permite generar sin esfuerzo temporizadores de cuenta regresiva personalizados, lo que muestra efectivamente la cantidad precisa de tiempo restante hasta la culminaci\u00f3n de una venta o promoci\u00f3n. Adem\u00e1s, tambi\u00e9n le permite implementar descuentos atractivos en varios productos durante este per\u00edodo cr\u00edtico, estimulando e incentivando a\u00fan m\u00e1s a los compradores potenciales. Adem\u00e1s, el complemento se integra perfectamente con su tienda WooCommerce existente, que ofrece una experiencia sin problemas y sin problemas, y puede personalizarse sin esfuerzo para alinearse perfectamente con su marca \u00fanica. Al aprovechar las notables capacidades del temporizador de cuenta de ventas de WooCommerce final, usted tiene la notable capacidad de elaborar una atm\u00f3sfera de urgencia que mejora significativamente las ventas y posteriormente amplifica su flujo de ingresos.<\/p>\n","protected":false},"featured_media":166105,"comment_status":"open","ping_status":"open","template":"","meta":[],"product_brand":[2453],"product_cat":[1207,1248,1206],"product_tag":[2168],"class_list":{"0":"post-115294","1":"product","2":"type-product","3":"status-publish","4":"has-post-thumbnail","6":"product_brand-xl-plugins","7":"product_cat-comercio-electronico-plugins","8":"product_cat-personalizacion-comercio-electronico-plugins","9":"product_cat-plugins","10":"product_tag-xl-plugins","11":"member-discount","12":"discount-restricted","14":"first","15":"instock","16":"sale","17":"downloadable","18":"virtual","19":"sold-individually","20":"purchasable","21":"product-type-simple"},"_links":{"self":[{"href":"https:\/\/gpl-love.com\/es\/wp-json\/wp\/v2\/product\/115294","targetHints":{"allow":["GET"]}}],"collection":[{"href":"https:\/\/gpl-love.com\/es\/wp-json\/wp\/v2\/product"}],"about":[{"href":"https:\/\/gpl-love.com\/es\/wp-json\/wp\/v2\/types\/product"}],"replies":[{"embeddable":true,"href":"https:\/\/gpl-love.com\/es\/wp-json\/wp\/v2\/comments?post=115294"}],"wp:featuredmedia":[{"embeddable":true,"href":"https:\/\/gpl-love.com\/es\/wp-json\/wp\/v2\/media\/166105"}],"wp:attachment":[{"href":"https:\/\/gpl-love.com\/es\/wp-json\/wp\/v2\/media?parent=115294"}],"wp:term":[{"taxonomy":"product_brand","embeddable":true,"href":"https:\/\/gpl-love.com\/es\/wp-json\/wp\/v2\/product_brand?post=115294"},{"taxonomy":"product_cat","embeddable":true,"href":"https:\/\/gpl-love.com\/es\/wp-json\/wp\/v2\/product_cat?post=115294"},{"taxonomy":"product_tag","embeddable":true,"href":"https:\/\/gpl-love.com\/es\/wp-json\/wp\/v2\/product_tag?post=115294"}],"curies":[{"name":"wp","href":"https:\/\/api.w.org\/{rel}","templated":true}]}}