{"id":115292,"date":"2025-12-04T00:00:00","date_gmt":"2025-12-04T05:00:00","guid":{"rendered":"http:\/\/gpl-love.com\/es\/?post_type=product&#038;p=115292"},"modified":"2026-03-13T17:21:06","modified_gmt":"2026-03-13T22:21:06","slug":"freelancers-wordpress-tema-the-ark","status":"publish","type":"product","link":"https:\/\/gpl-love.com\/es\/producto\/freelancers-wordpress-tema-the-ark\/","title":{"rendered":"Freelancers WordPress Tema The Ark 1.74.0"},"content":{"rendered":"<h3>Freelancers WordPress Tema The Ark Caracteristicas<\/h3>\n<p>El tema de WordPress de Freelancers conocido como el Arca se presenta como el ep\u00edtome de una soluci\u00f3n para las personas que buscan establecer una plataforma en l\u00ednea que exude la profesionalidad y muestre una est\u00e9tica de calidad superior. Ofreciendo una extensa gama de dise\u00f1os personalizables y una selecci\u00f3n diversa de plantillas preconstruidas, este tema atiende a las necesidades y deseos de los trabajadores independientes que anhelan presentar su trabajo de manera visualmente cautivadora, facilitando as\u00ed la atracci\u00f3n de clientes potenciales. Adem\u00e1s, el ARK cuenta con una optimizaci\u00f3n inherente para los motores de b\u00fasqueda, un atributo que inevitablemente contribuye a la elevaci\u00f3n de las clasificaciones de su sitio web en las p\u00e1ginas de resultados de los motores de b\u00fasqueda sagrados. Adem\u00e1s de esto, el tema sobresale en proporcionar a los usuarios una interfaz f\u00e1cil de usar que sea intuitivamente navegable, acompa\u00f1ada de una variedad de caracter\u00edsticas avanzadas que permiten la personalizaci\u00f3n de su sitio de acuerdo con sus preferencias personales. En general, el Arca es un tema incomparable de WordPress que est\u00e1 imbuido de potentes capacidades, asegurando la creaci\u00f3n de una presencia en l\u00ednea refinada y profesional que seguramente dejar\u00e1 una impresi\u00f3n duradera en sus espectadores.<\/p>\n<ul>\n<li>Tema de WordPress personalizable dise\u00f1ado para freelancers y otros profesionales creativos<\/li>\n<li>Incluye m\u00e1s de 300 p\u00e1ginas de demostraci\u00f3n preconstruidas y m\u00e1s de 200 elementos preconstruidos para ayudar a los usuarios a crear r\u00e1pidamente un sitio web \u00fanico y de aspecto profesional.<\/li>\n<li>Cuenta con un dise\u00f1o limpio y moderno que es amigable para dispositivos m\u00f3viles y optimizado para los motores de b\u00fasqueda<\/li>\n<li>Viene con un constructor intuitivo de arrastrar y soltar que permite a los usuarios personalizar f\u00e1cilmente su sitio sin ninguna habilidad de codificaci\u00f3n<\/li>\n<li>Ofrece una gama de caracter\u00edsticas avanzadas como desplazamiento de paralaje, fondos de video y efectos de animaci\u00f3n para ayudar a los usuarios a crear contenido atractivo<\/li>\n<li>Incluye un poderoso panel de opciones de temas que permite a los usuarios administrar f\u00e1cilmente la configuraci\u00f3n, el SEO y el rendimiento de su sitio.<\/li>\n<li>Disponible en varios idiomas y ofrece un excelente soporte y documentaci\u00f3n para ayudar a los usuarios a comenzar r\u00e1pidamente<\/li>\n<li>Se integra a la perfecci\u00f3n con las populares herramientas de terceros como WooCommerce, WPForms y Slider Revolution, lo que permite a los usuarios agregar funcionalidad, formularios y controles deslizantes de comercio electr\u00f3nico a su sitio<\/li>\n<li>Perfecto para freelancers y profesionales creativos que buscan mostrar su trabajo y atraer nuevos clientes.<\/li>\n<\/ul>\n","protected":false},"excerpt":{"rendered":"<p>El tema de WordPress de Freelancers, conocido como el Arca, es un tema exquisitamente dise\u00f1ado y notablemente vers\u00e1til que ha sido dise\u00f1ado espec\u00edficamente para los trabajadores independientes. Cuenta con una extensa variedad de m\u00e1s de 300 p\u00e1ginas de demostraci\u00f3n preconstruidas y una impresionante selecci\u00f3n de 20 p\u00e1ginas de inicio previas a la construcci\u00f3n, proporcionando as\u00ed a los usuarios una gama incre\u00edblemente diversa de opciones personalizables. Adem\u00e1s, estas opciones no solo son totalmente receptivas, sino que tambi\u00e9n est\u00e1n optimizadas por expertos para un rendimiento \u00f3ptimo en todos los dispositivos. El ARK tambi\u00e9n ofrece un constructor de p\u00e1ginas de arrastre y suelto excepcionalmente f\u00e1cil de usar, que permite a las personas crear p\u00e1ginas sin esfuerzo y sin problemas que sean verdaderamente \u00fanicas y cautivadoras. Adem\u00e1s, est\u00e1 equipado con una gran variedad de m\u00e1s de 200 bloques preconstruidos, mejorando a\u00fan m\u00e1s la flexibilidad y la creatividad de sus usuarios. En particular, el ARK se integra perfectamente con complementos muy populares como WooCommerce y el Formulario de contacto 7, lo que permite a las personas incorporar sin esfuerzo caracter\u00edsticas esenciales en sus sitios web. En esencia, el arca demuestra ser una soluci\u00f3n impecable para cualquier independiente que busque presentar su trabajo de una manera sofisticada y est\u00e9ticamente agradable.<\/p>\n","protected":false},"featured_media":166167,"comment_status":"open","ping_status":"open","template":"","meta":[],"product_brand":[2337],"product_cat":[1307,1237,1238],"product_tag":[1391],"class_list":{"0":"post-115292","1":"product","2":"type-product","3":"status-publish","4":"has-post-thumbnail","6":"product_brand-themeforest","7":"product_cat-negocio-wordpress-temas","8":"product_cat-temas","9":"product_cat-wordpress-temas","10":"product_tag-themeforest","11":"member-discount","12":"discount-restricted","14":"first","15":"instock","16":"sale","17":"downloadable","18":"virtual","19":"sold-individually","20":"purchasable","21":"product-type-simple"},"_links":{"self":[{"href":"https:\/\/gpl-love.com\/es\/wp-json\/wp\/v2\/product\/115292","targetHints":{"allow":["GET"]}}],"collection":[{"href":"https:\/\/gpl-love.com\/es\/wp-json\/wp\/v2\/product"}],"about":[{"href":"https:\/\/gpl-love.com\/es\/wp-json\/wp\/v2\/types\/product"}],"replies":[{"embeddable":true,"href":"https:\/\/gpl-love.com\/es\/wp-json\/wp\/v2\/comments?post=115292"}],"wp:featuredmedia":[{"embeddable":true,"href":"https:\/\/gpl-love.com\/es\/wp-json\/wp\/v2\/media\/166167"}],"wp:attachment":[{"href":"https:\/\/gpl-love.com\/es\/wp-json\/wp\/v2\/media?parent=115292"}],"wp:term":[{"taxonomy":"product_brand","embeddable":true,"href":"https:\/\/gpl-love.com\/es\/wp-json\/wp\/v2\/product_brand?post=115292"},{"taxonomy":"product_cat","embeddable":true,"href":"https:\/\/gpl-love.com\/es\/wp-json\/wp\/v2\/product_cat?post=115292"},{"taxonomy":"product_tag","embeddable":true,"href":"https:\/\/gpl-love.com\/es\/wp-json\/wp\/v2\/product_tag?post=115292"}],"curies":[{"name":"wp","href":"https:\/\/api.w.org\/{rel}","templated":true}]}}