{"id":115290,"date":"2021-12-22T00:00:00","date_gmt":"2021-12-22T05:00:00","guid":{"rendered":"http:\/\/gpl-love.com\/es\/?post_type=product&#038;p=115290"},"modified":"2026-03-09T07:34:53","modified_gmt":"2026-03-09T12:34:53","slug":"file-renaming-on-upload-pro","status":"publish","type":"product","link":"https:\/\/gpl-love.com\/es\/producto\/file-renaming-on-upload-pro\/","title":{"rendered":"File Renaming on Upload Pro 1.3.2"},"content":{"rendered":"<h3>File Renaming on Upload Pro Caracteristicas<\/h3>\n<p>El cambio de nombre de archivos en Upload Pro es una soluci\u00f3n de software incre\u00edblemente robusta y altamente efectiva que sirve para simplificar y mejorar en gran medida el proceso general de administraci\u00f3n de archivos al ofrecer una amplia gama de opciones altamente personalizables para nombres de archivos. Esta herramienta excepcional otorga a sus usuarios la notable capacidad de modificar y alterar sin esfuerzo los nombres de archivos en el momento preciso de carga, disminuyendo significativamente la probabilidad de encontrar cualquier nombre de archivos duplicados y reforzando simult\u00e1neamente la organizaci\u00f3n y la orden de todo el sistema de archivos. Con una variedad de caracter\u00edsticas verdaderamente excepcionales, como sus notables capacidades automatizadas de cambio de nombre, sus prefijos y sufijos personalizados altamente vers\u00e1tiles y adaptables, as\u00ed como su extraordinaria funcionalidad de cambio de nombre a granel, que renombra el archivo en la carga de la carga sin duda se destaca como una herramienta indispensable y absolutamente esencial para las personas que con frecuencia se encuentran lidiando con un inmenso volumen de archivos. Ya sea que sea un fot\u00f3grafo realizado y profesional, un dise\u00f1ador gr\u00e1fico altamente calificado, o incluso un individuo que busca activamente optimizar y mejorar la eficacia general y la eficiencia de sus pr\u00e1cticas de gesti\u00f3n de archivos, esta extraordinaria soluci\u00f3n de software ofrece orgullosamente una verdadera excepcional. y una soluci\u00f3n notablemente intuitiva para optimizar sin problemas todo el proceso de cambio de nombre de archivos de una manera que sea altamente consecuente y excepcionalmente f\u00e1cil de usar.<\/p>\n<ul>\n<li>Cambiar el nombre de los archivos de manera r\u00e1pida y f\u00e1cil al cargar en su sitio web<\/li>\n<li>Elimine la necesidad de renombrar manual o sistemas complicados de gesti\u00f3n de archivos<\/li>\n<li>Seleccione de una variedad de opciones de cambio de nombre, que incluyen agregar prefijos, sufijos y sellos de fecha\/hora<\/li>\n<li>Organice sus archivos de manera m\u00e1s eficiente con convenciones de nombres personalizadas<\/li>\n<li>Compatible con una amplia gama de tipos de archivos, desde im\u00e1genes hasta documentos y videos<\/li>\n<li>La interfaz intuitiva facilita que cualquier persona use, independientemente del nivel de habilidad t\u00e9cnica<\/li>\n<li>Ahorre tiempo y aumente la productividad al optimizar su proceso de gesti\u00f3n de archivos<\/li>\n<li>Confiable y seguro, con todo el cambio de nombre de archivos localmente en su servidor<\/li>\n<li>Las opciones flexibles le permiten personalizar el proceso de cambio de nombre para adaptarse mejor a sus necesidades espec\u00edficas<\/li>\n<li>Soporte completo proporcionado, con documentaci\u00f3n f\u00e1cil de seguir y un servicio al cliente receptivo.<\/li>\n<\/ul>\n","protected":false},"excerpt":{"rendered":"<p>Al utilizar la incre\u00edble funcionalidad del cambio de nombre de archivos en la carga profesional, tiene la notable capacidad de modificar sin esfuerzo y expedito los nombres de sus archivos durante el proceso de cargarlos a su estimado sitio web o servidor. Este procedimiento notablemente eficiente y simplificado finalmente facilita el mantenimiento de un sistema de archivos organizado y sin esfuerzo navegable, lo que le ahorra tiempo valioso y un agravamiento innecesario. Las opciones inherentes que se integran dentro de esta herramienta de vanguardia le permiten ejercer autoridad integral y discreci\u00f3n sobre las convenciones de nombres espec\u00edficas que opta por emplear. Ya sea que sea un fot\u00f3grafo consumado, un bloguero prol\u00edfico o un desarrollador web experimentado, la indispensabilidad del cambio de nombre de los archivos en la carga Pro en t\u00e9rminos de optimizaci\u00f3n de la eficacia de los esfuerzos de administraci\u00f3n de archivos no puede ser exagerada.<\/p>\n","protected":false},"featured_media":166101,"comment_status":"open","ping_status":"open","template":"","meta":[],"product_brand":[2452],"product_cat":[1206,1360,1211],"product_tag":[2167],"class_list":{"0":"post-115290","1":"product","2":"type-product","3":"status-publish","4":"has-post-thumbnail","6":"product_brand-wp-factory","7":"product_cat-plugins","8":"product_cat-seo","9":"product_cat-wordpress-plugins","10":"product_tag-wp-factory","11":"member-discount","12":"discount-restricted","14":"first","15":"instock","16":"sale","17":"downloadable","18":"virtual","19":"sold-individually","20":"purchasable","21":"product-type-simple"},"_links":{"self":[{"href":"https:\/\/gpl-love.com\/es\/wp-json\/wp\/v2\/product\/115290","targetHints":{"allow":["GET"]}}],"collection":[{"href":"https:\/\/gpl-love.com\/es\/wp-json\/wp\/v2\/product"}],"about":[{"href":"https:\/\/gpl-love.com\/es\/wp-json\/wp\/v2\/types\/product"}],"replies":[{"embeddable":true,"href":"https:\/\/gpl-love.com\/es\/wp-json\/wp\/v2\/comments?post=115290"}],"wp:featuredmedia":[{"embeddable":true,"href":"https:\/\/gpl-love.com\/es\/wp-json\/wp\/v2\/media\/166101"}],"wp:attachment":[{"href":"https:\/\/gpl-love.com\/es\/wp-json\/wp\/v2\/media?parent=115290"}],"wp:term":[{"taxonomy":"product_brand","embeddable":true,"href":"https:\/\/gpl-love.com\/es\/wp-json\/wp\/v2\/product_brand?post=115290"},{"taxonomy":"product_cat","embeddable":true,"href":"https:\/\/gpl-love.com\/es\/wp-json\/wp\/v2\/product_cat?post=115290"},{"taxonomy":"product_tag","embeddable":true,"href":"https:\/\/gpl-love.com\/es\/wp-json\/wp\/v2\/product_tag?post=115290"}],"curies":[{"name":"wp","href":"https:\/\/api.w.org\/{rel}","templated":true}]}}