{"id":115276,"date":"2025-09-29T00:00:00","date_gmt":"2025-09-29T05:00:00","guid":{"rendered":"http:\/\/gpl-love.com\/es\/?post_type=product&#038;p=115276"},"modified":"2026-03-09T07:30:53","modified_gmt":"2026-03-09T12:30:53","slug":"exclusive-addons-elementor-pro","status":"publish","type":"product","link":"https:\/\/gpl-love.com\/es\/producto\/exclusive-addons-elementor-pro\/","title":{"rendered":"Exclusive Addons para Elementor Pro 1.5.9.3"},"content":{"rendered":"<h3>Exclusive Addons para Elementor Pro Caracteristicas<\/h3>\n<p>Elementor Pro Exclusive Addons, una herramienta incre\u00edblemente potente, sirve para mejorar las capacidades de Elementor, que es ampliamente reconocida como uno de los complementos de construcci\u00f3n de p\u00e1ginas m\u00e1s populares para WordPress. Al incorporar este complemento en su arsenal, los usuarios obtienen acceso a una extensa gama de caracter\u00edsticas que lamentablemente est\u00e1n ausentes en la versi\u00f3n est\u00e1ndar de Elementor. Estos abarcan widgets avanzados, plantillas predise\u00f1adas meticulosamente elaboradas y una gran cantidad de otras herramientas indispensables que facilitan sin esfuerzo la creaci\u00f3n de sitios web exquisitos y a medida. Ya sea que cuenta con un entorno de desarrollo web novato o experimentado, los complementos exclusivos Elementor Pro indudablemente demostrar\u00e1n ser un activo invaluable, ayudando en la conservaci\u00f3n del tiempo precioso y otorgar\u00e1n la capacidad de producir sitios web visualmente llamativos con facilidad consumada. Por lo tanto, si aspira a elevar la calidad de su sitio web a alturas sin precedentes, ser\u00eda muy prudente aprovechar esta oportunidad y darle un giro a los complementos exclusivos de Elementor Pro sin demora.<\/p>\n<ul>\n<li>Complementos exclusivos para el Elementor Pro Page Builder<\/li>\n<li>Interfaz visual intuitiva para una f\u00e1cil personalizaci\u00f3n<\/li>\n<li>Extensa biblioteca de widgets y plantillas premium<\/li>\n<li>Dise\u00f1os de aspecto profesional para cualquier tipo de sitio web<\/li>\n<li>Codificaci\u00f3n de alta calidad para un rendimiento optimizado<\/li>\n<li>Actualizaciones regulares y nuevas funciones para el valor continuo<\/li>\n<li>Equipo de apoyo dedicado para asistencia y orientaci\u00f3n<\/li>\n<li>Compatibilidad con temas y complementos de WordPress principales<\/li>\n<li>Opciones de precios asequibles para individuos y agencias<\/li>\n<li>Garant\u00eda de satisfacci\u00f3n del 100% para la confianza del cliente.<\/li>\n<\/ul>\n","protected":false},"excerpt":{"rendered":"<p>Elementor Pro Exclusive Addons, una colecci\u00f3n integral de herramientas potentes, sirve para amplificar la funcionalidad de Elementor, un reconocido constructor de sitios web. Estos complementos, llenos de versatilidad, proporcionan soluciones ingeniosas para inventar sin esfuerzo sitios web que exudan un aire de profesionalismo. Desde la inclusi\u00f3n de los efectos de desplazamiento de paralaje de vanguardia hasta la formulaci\u00f3n de dise\u00f1os posteriores a medida, los complementos exclusivos Elementor Pro ofrecen una amplia gama de caracter\u00edsticas, lo que permite la creaci\u00f3n de dise\u00f1os impresionantes sintieran la necesidad de habilidades de codificaci\u00f3n intrincadas. Con una interfaz que es f\u00e1cil de usar y susceptible de personalizaci\u00f3n, estos complementos facilitan la personalizaci\u00f3n de su sitio web de acuerdo con sus inclinaciones distintas. Ya sea que sea un dise\u00f1ador web o un desarrollador, estos complementos resultan invaluables para racionalizar el arduo proceso de creaci\u00f3n del sitio web, ahorrando as\u00ed un tiempo precioso. Le otorgando la capacidad de elevar el dise\u00f1o de su sitio web a alturas sin precedentes, los complementos exclusivos de Elementor Pro seguramente cautivan y deslumbrar\u00e1n a su audiencia exigente.<\/p>\n","protected":false},"featured_media":165941,"comment_status":"open","ping_status":"open","template":"","meta":[],"product_brand":[2435],"product_cat":[1214,1206,1211],"product_tag":[2165],"class_list":{"0":"post-115276","1":"product","2":"type-product","3":"status-publish","4":"has-post-thumbnail","6":"product_brand-devscred","7":"product_cat-personalizacion","8":"product_cat-plugins","9":"product_cat-wordpress-plugins","10":"product_tag-devscred","11":"member-discount","12":"discount-restricted","14":"first","15":"instock","16":"sale","17":"downloadable","18":"virtual","19":"sold-individually","20":"purchasable","21":"product-type-simple"},"_links":{"self":[{"href":"https:\/\/gpl-love.com\/es\/wp-json\/wp\/v2\/product\/115276","targetHints":{"allow":["GET"]}}],"collection":[{"href":"https:\/\/gpl-love.com\/es\/wp-json\/wp\/v2\/product"}],"about":[{"href":"https:\/\/gpl-love.com\/es\/wp-json\/wp\/v2\/types\/product"}],"replies":[{"embeddable":true,"href":"https:\/\/gpl-love.com\/es\/wp-json\/wp\/v2\/comments?post=115276"}],"wp:featuredmedia":[{"embeddable":true,"href":"https:\/\/gpl-love.com\/es\/wp-json\/wp\/v2\/media\/165941"}],"wp:attachment":[{"href":"https:\/\/gpl-love.com\/es\/wp-json\/wp\/v2\/media?parent=115276"}],"wp:term":[{"taxonomy":"product_brand","embeddable":true,"href":"https:\/\/gpl-love.com\/es\/wp-json\/wp\/v2\/product_brand?post=115276"},{"taxonomy":"product_cat","embeddable":true,"href":"https:\/\/gpl-love.com\/es\/wp-json\/wp\/v2\/product_cat?post=115276"},{"taxonomy":"product_tag","embeddable":true,"href":"https:\/\/gpl-love.com\/es\/wp-json\/wp\/v2\/product_tag?post=115276"}],"curies":[{"name":"wp","href":"https:\/\/api.w.org\/{rel}","templated":true}]}}