{"id":115274,"date":"2026-04-16T00:00:00","date_gmt":"2026-04-16T05:00:00","guid":{"rendered":"http:\/\/gpl-love.com\/es\/?post_type=product&#038;p=115274"},"modified":"2026-04-16T17:16:29","modified_gmt":"2026-04-16T22:16:29","slug":"sway-multi-purpose-wordpress-tema-with-page-builder","status":"publish","type":"product","link":"https:\/\/gpl-love.com\/es\/producto\/sway-multi-purpose-wordpress-tema-with-page-builder\/","title":{"rendered":"Sway Multi-Purpose WordPress Tema with Page Builder 4.8"},"content":{"rendered":"<h3>Sway Multi-Purpose WordPress Tema with Page Builder Caracteristicas<\/h3>\n<p>El tema de WordPress multiprop\u00f3sito Sway con Page Builder es un tema que lo abarca todo y altamente adaptable que es ideal para cualquier tipo de sitio web o blog. Con su constructor de p\u00e1ginas f\u00e1cil de usar, el proceso de crear p\u00e1ginas y dise\u00f1os personalizados es un esfuerzo sin problemas y sin esfuerzo. Este tema cuenta con una extensa gama de caracter\u00edsticas y opciones, como m\u00faltiples dise\u00f1os de p\u00e1gina de inicio, una variedad de estilos de encabezado y pie de p\u00e1gina, y una variedad de elementos de dise\u00f1o. Adem\u00e1s, es totalmente receptivo, y garantiza que su sitio parezca impresionante en todos los dispositivos. Adem\u00e1s, Sway proporciona una variedad de demostraciones predise\u00f1adas para acelerar y simplificar la configuraci\u00f3n inicial. Independientemente de si est\u00e1 administrando un sitio web comercial o un blog personal, el tema de WordPress multiprop\u00f3sito Sway abarca todo lo necesario para establecer una presencia en l\u00ednea pulida y sofisticada.<\/p>\n<ul>\n<li>Sway es un tema de WordPress altamente vers\u00e1til y poderoso dise\u00f1ado para usar en una variedad de contextos y aplicaciones.<\/li>\n<li>Con su constructor de p\u00e1ginas intuitivo, puede crear r\u00e1pidos y f\u00e1cilmente sitios web impresionantes con dise\u00f1o y funcionalidad de grado profesional.<\/li>\n<li>Con una gama de plantillas y dise\u00f1os predise\u00f1ados, Sway facilita el lanzamiento de su sitio con un m\u00ednimo de alboroto o tiempo de configuraci\u00f3n.<\/li>\n<li>Totalmente personalizable y receptivo, Sway asegura que su sitio se vea y se desempe\u00f1a muy bien en cualquier dispositivo o tama\u00f1o de pantalla.<\/li>\n<li>Con su extensa biblioteca de complementos e integraciones, Sway ofrece una gran cantidad de caracter\u00edsticas y capacidades adicionales para ayudarlo a alcanzar sus objetivos en l\u00ednea.<\/li>\n<li>Ya sea que est\u00e9 construyendo un sitio corporativo, una tienda en l\u00ednea, un blog o cualquier otro tipo de sitio, Sway lo tiene cubierto con todo lo que necesita para tener \u00e9xito.<\/li>\n<li>Con su interfaz f\u00e1cil de usar y caracter\u00edsticas potentes, Sway es la opci\u00f3n ideal para cualquier persona que busque un tema de WordPress robusto y vers\u00e1til que entregue resultados.<\/li>\n<\/ul>\n","protected":false},"excerpt":{"rendered":"<p>Sway, que es el mejor tema de WordPress multiprop\u00f3sito que cuenta con un notable constructor de p\u00e1ginas, se presenta como una soluci\u00f3n din\u00e1mica que atiende a diversas necesidades de desarrollo de sitios web. Su versatilidad no conoce l\u00edmites, lo que permite a los usuarios emplear influencia para cualquier nicho y crear sitios web impresionantes sin esfuerzo que se destaquen sin esfuerzo entre la multitud. Dise\u00f1ado para aprovechar completamente el inmenso potencial de WordPress, este tema est\u00e1 lleno de caracter\u00edsticas avanzadas, una gran cantidad de opciones de dise\u00f1o y una integraci\u00f3n perfecta con complementos de renombre. En particular, la inclusi\u00f3n de un constructor de p\u00e1ginas visual permite a los usuarios personalizar sus p\u00e1ginas web a trav\u00e9s de un mecanismo simple de arrastrar y soltar, eliminando la necesidad de cualquier comprensi\u00f3n del c\u00f3digo complejo. En esencia, Sway sirve como el instrumento perfecto para revolucionar la presencia en l\u00ednea, independientemente de si son un negocio, un individuo creativo o un profesional experimentado.<\/p>\n","protected":false},"featured_media":167677,"comment_status":"open","ping_status":"open","template":"","meta":[],"product_brand":[2337],"product_cat":[1239,1237,1238],"product_tag":[1391],"class_list":{"0":"post-115274","1":"product","2":"type-product","3":"status-publish","4":"has-post-thumbnail","6":"product_brand-themeforest","7":"product_cat-de-multiples-fines","8":"product_cat-temas","9":"product_cat-wordpress-temas","10":"product_tag-themeforest","11":"member-discount","12":"discount-restricted","14":"first","15":"instock","16":"sale","17":"downloadable","18":"virtual","19":"sold-individually","20":"purchasable","21":"product-type-simple"},"_links":{"self":[{"href":"https:\/\/gpl-love.com\/es\/wp-json\/wp\/v2\/product\/115274","targetHints":{"allow":["GET"]}}],"collection":[{"href":"https:\/\/gpl-love.com\/es\/wp-json\/wp\/v2\/product"}],"about":[{"href":"https:\/\/gpl-love.com\/es\/wp-json\/wp\/v2\/types\/product"}],"replies":[{"embeddable":true,"href":"https:\/\/gpl-love.com\/es\/wp-json\/wp\/v2\/comments?post=115274"}],"wp:featuredmedia":[{"embeddable":true,"href":"https:\/\/gpl-love.com\/es\/wp-json\/wp\/v2\/media\/167677"}],"wp:attachment":[{"href":"https:\/\/gpl-love.com\/es\/wp-json\/wp\/v2\/media?parent=115274"}],"wp:term":[{"taxonomy":"product_brand","embeddable":true,"href":"https:\/\/gpl-love.com\/es\/wp-json\/wp\/v2\/product_brand?post=115274"},{"taxonomy":"product_cat","embeddable":true,"href":"https:\/\/gpl-love.com\/es\/wp-json\/wp\/v2\/product_cat?post=115274"},{"taxonomy":"product_tag","embeddable":true,"href":"https:\/\/gpl-love.com\/es\/wp-json\/wp\/v2\/product_tag?post=115274"}],"curies":[{"name":"wp","href":"https:\/\/api.w.org\/{rel}","templated":true}]}}