{"id":115240,"date":"2026-04-07T00:00:00","date_gmt":"2026-04-07T05:00:00","guid":{"rendered":"http:\/\/gpl-love.com\/es\/?post_type=product&#038;p=115240"},"modified":"2026-04-07T17:15:19","modified_gmt":"2026-04-07T22:15:19","slug":"complianz-privacy-suite-gdpr-y-ccpa-premium","status":"publish","type":"product","link":"https:\/\/gpl-love.com\/es\/producto\/complianz-privacy-suite-gdpr-y-ccpa-premium\/","title":{"rendered":"Complianz Privacy Suite GDPR \/ CCPA Premium 7.5.7.2"},"content":{"rendered":"<h3>Complianz Privacy Suite GDPR \/ CCPA Premium Caracteristicas<\/h3>\n<p>El suite de privacidad de cumplimiento GDPR \/ CCPA Premium ofrece una soluci\u00f3n de privacidad integral y de abogado que ayuda a los propietarios de sitios web a defender y adherirse a las leyes de privacidad de datos establecidas por el Reglamento General de Protecci\u00f3n de Datos (GDPR) y la Ley de Privacidad del Consumidor de California (CCPA). A trav\u00e9s de la utilizaci\u00f3n de este software excepcional, los propietarios de sitios web poseen la capacidad de personalizar sus pancartas de consentimiento de cookies, crear y supervisar las pol\u00edticas de cookies, y ajustar la configuraci\u00f3n de privacidad para garantizar un cumplimiento sin problemas con las regulaciones de privacidad m\u00e1s actualizadas. La versi\u00f3n premium de elogio de este software tambi\u00e9n cuenta con una variedad de caracter\u00edsticas avanzadas que incluyen, entre otros, el escaneo de cookies automatizado, un registro de consentimiento, as\u00ed como un tablero de consentimiento que agiliza efectivamente el proceso de gesti\u00f3n de consentimiento de los usuarios. En consecuencia, al integrar la prima GDPR \/ CCPA de cumplimiento de privacidad en sus sitios web, los propietarios de sitios web proporcionan con \u00e9xito a sus usuarios una experiencia de navegaci\u00f3n impecable y segura, mientras que evade h\u00e1bilmente las multas potencialmente exorbitantes que acompa\u00f1an las infracciones de cumplimiento.<\/p>\n<ul>\n<li>Soluci\u00f3n de cumplimiento de privacidad integral y f\u00e1cil de usar para regulaciones GDPR y CCPA<\/li>\n<li>Ayuda a los propietarios de sitios web a garantizar que est\u00e9n recopilando, procesando y almacenando datos de los usuarios de acuerdo con los requisitos legales<\/li>\n<li>Incluye un banner de consentimiento de cookies y una herramienta de administraci\u00f3n<\/li>\n<li>Permite a los usuarios ejercer f\u00e1cilmente sus derechos bajo GDPR y CCPA, incluido el derecho a acceder, eliminar y modificar sus datos personales.<\/li>\n<li>Proporciona notificaciones de incumplimiento de datos robustas y mecanismos de informes<\/li>\n<li>Ofrece una pol\u00edtica de privacidad personalizable y t\u00e9rminos de plantillas de servicio<\/li>\n<li>Incluye atenci\u00f3n al cliente dedicada para todos los usuarios, con soporte premium disponible para suscriptores<\/li>\n<li>Rastrear y registrar la actividad de consentimiento de usuario y procesamiento de datos para fines de informes de cumplimiento<\/li>\n<li>Proporciona una gu\u00eda clara y procesable para los propietarios de sitios web que buscan mejorar su postura de cumplimiento de la privacidad.<\/li>\n<\/ul>\n","protected":false},"excerpt":{"rendered":"<p>Aseg\u00farese de que su negocio se mantenga por delante de la curva con la prima GDPR \/ CCPA de la suite de privacidad de cumplimiento. Este conjunto de software de \u00faltima generaci\u00f3n est\u00e1 dise\u00f1ado espec\u00edficamente para garantizar que las operaciones en l\u00ednea de su empresa sigan cumpliendo con las \u00faltimas regulaciones de la Regulaci\u00f3n General de Protecci\u00f3n de Datos (GDPR) y la Ley de Privacidad del Consumidor de California (CCPA). La versi\u00f3n Premium ofrece una amplia gama de caracter\u00edsticas que incluyen una ventana emergente de consentimiento de cookies GDPR, un formulario de exclusi\u00f3n CCPA y un protocolo de notificaci\u00f3n de violaci\u00f3n de datos. Estas caracter\u00edsticas no solo simplifican el cumplimiento, sino que tambi\u00e9n demuestran su compromiso con la privacidad de los datos, mejorando la reputaci\u00f3n de su marca. Con este software, puede evitar fuertes multas y complicaciones legales al tiempo que aumenta la confianza del cliente. Actualice a la suite de privacidad de cumplimiento GDPR \/ CCPA Premium y haga que el cumplimiento de la privacidad sea muy f\u00e1cil.<\/p>\n","protected":false},"featured_media":165647,"comment_status":"open","ping_status":"open","template":"","meta":[],"product_brand":[2401],"product_cat":[1214,1206,1211],"product_tag":[2164],"class_list":{"0":"post-115240","1":"product","2":"type-product","3":"status-publish","4":"has-post-thumbnail","6":"product_brand-complianz","7":"product_cat-personalizacion","8":"product_cat-plugins","9":"product_cat-wordpress-plugins","10":"product_tag-complianz","11":"member-discount","12":"discount-restricted","14":"first","15":"instock","16":"sale","17":"downloadable","18":"virtual","19":"sold-individually","20":"purchasable","21":"product-type-simple"},"_links":{"self":[{"href":"https:\/\/gpl-love.com\/es\/wp-json\/wp\/v2\/product\/115240","targetHints":{"allow":["GET"]}}],"collection":[{"href":"https:\/\/gpl-love.com\/es\/wp-json\/wp\/v2\/product"}],"about":[{"href":"https:\/\/gpl-love.com\/es\/wp-json\/wp\/v2\/types\/product"}],"replies":[{"embeddable":true,"href":"https:\/\/gpl-love.com\/es\/wp-json\/wp\/v2\/comments?post=115240"}],"wp:featuredmedia":[{"embeddable":true,"href":"https:\/\/gpl-love.com\/es\/wp-json\/wp\/v2\/media\/165647"}],"wp:attachment":[{"href":"https:\/\/gpl-love.com\/es\/wp-json\/wp\/v2\/media?parent=115240"}],"wp:term":[{"taxonomy":"product_brand","embeddable":true,"href":"https:\/\/gpl-love.com\/es\/wp-json\/wp\/v2\/product_brand?post=115240"},{"taxonomy":"product_cat","embeddable":true,"href":"https:\/\/gpl-love.com\/es\/wp-json\/wp\/v2\/product_cat?post=115240"},{"taxonomy":"product_tag","embeddable":true,"href":"https:\/\/gpl-love.com\/es\/wp-json\/wp\/v2\/product_tag?post=115240"}],"curies":[{"name":"wp","href":"https:\/\/api.w.org\/{rel}","templated":true}]}}