{"id":115236,"date":"2026-04-18T00:00:00","date_gmt":"2026-04-18T05:00:00","guid":{"rendered":"http:\/\/gpl-love.com\/es\/?post_type=product&#038;p=115236"},"modified":"2026-04-18T17:15:13","modified_gmt":"2026-04-18T22:15:13","slug":"wp-ultimo-y-addons-easily-create-a-premium-network-of-sites","status":"publish","type":"product","link":"https:\/\/gpl-love.com\/es\/producto\/wp-ultimo-y-addons-easily-create-a-premium-network-of-sites\/","title":{"rendered":"All in One WP Migration Unlimited Extension 2.84"},"content":{"rendered":"<h3>All in One WP Migration Unlimited Extension Caracteristicas<\/h3>\n<p>La extensi\u00f3n ilimitada de Migration All in One WP, reconocida por su efectividad, sirve como un instrumento potente adaptado espec\u00edficamente para los propietarios del sitio web de WordPress que requieren una reubicaci\u00f3n sin interrupciones o migraci\u00f3n de los datos invaluables del sitio web a una localidad alternativa. A trav\u00e9s de la utilizaci\u00f3n de esta notable extensi\u00f3n, los operadores del sitio web pueden transmitir sin esfuerzo su amplia gama de datos del sitio web, abarcar pero no restringidos a im\u00e1genes, temas, complementos, as\u00ed como bases de datos, a un dominio o host completamente nuevo sin necesidad de ninguna propiedad en el \u00e1mbito de tecnolog\u00eda. Adem\u00e1s, la extensi\u00f3n en cuesti\u00f3n otorga a los usuarios la invaluable oportunidad de migraci\u00f3n ilimitada, lo que les permite ejecutar la transferencia de datos de su sitio web con frecuencia y sin limitaciones en t\u00e9rminos del tama\u00f1o de su sitio. Con un extenso repertorio de caracter\u00edsticas, esta extensi\u00f3n se presenta como una soluci\u00f3n ideal para las personas que anhelan una resoluci\u00f3n expedita y sin complicaciones a las predicamentos de migraci\u00f3n de sus sitios web, lo que la hace compatible con todos los g\u00e9neros de sitios web de WordPress. En consecuencia, la indispensabilidad de la extensi\u00f3n ilimitada de migraci\u00f3n All in One WP se hace evidente, ya que surge como una herramienta imprescindible para las personas que desean efectuar la reubicaci\u00f3n de su sitio web de WordPress con una facilidad y conveniencia incomparables.<\/p>\n<ul>\n<li>Proporciona una migraci\u00f3n f\u00e1cil del sitio web de WordPress a un nuevo servidor o dominio<\/li>\n<li>Se puede utilizar para crear una copia de seguridad de los archivos, la base de datos, los temas y los complementos de su sitio web<\/li>\n<li>Permite a los usuarios exportar e importar archivos en varios formatos de archivo, incluidos zip, alquitr\u00e1n y gzip<\/li>\n<li>Viene con una extensi\u00f3n ilimitada, lo que permite m\u00faltiples migraci\u00f3n del sitio web<\/li>\n<li>Compatible con todo tipo de proveedores de alojamiento y servidores web<\/li>\n<li>Seguro, con cifrado de todos los archivos e informaci\u00f3n de la base de datos durante la migraci\u00f3n<\/li>\n<li>Le brinda el control total sobre el proceso de migraci\u00f3n, poder elegir qu\u00e9 partes de su sitio web exportar o importar<\/li>\n<li>Adecuado para usuarios de WordPress novatos y experimentados, con interfaz f\u00e1cil de usar y documentaci\u00f3n detallada.<\/li>\n<\/ul>\n","protected":false},"excerpt":{"rendered":"<p>Introducci\u00f3n de la extensi\u00f3n ilimitada de migraci\u00f3n WP todo en uno: una herramienta imprescindible para la migraci\u00f3n de sitios web sin problemas. Esta extensi\u00f3n de WordPress que lo abarca est\u00e1 dise\u00f1ada para manejar la migraci\u00f3n ilimitada del sitio web, asegurando una transferencia sin problemas de los datos de su sitio web. Admite una variedad de extensiones, lo que lo hace ampliamente compatible y vers\u00e1til. Con la extensi\u00f3n ilimitada, no se limita a los l\u00edmites de tama\u00f1o, lo que le permite migrar todos sus datos, independientemente de su volumen. Esta extensi\u00f3n rica en caracter\u00edsticas ofrece una interfaz f\u00e1cil de usar, que lo ayuda a llevar a cabo el proceso de migraci\u00f3n sin esfuerzo. La extensi\u00f3n ilimitada de migraci\u00f3n WP todo en uno es su soluci\u00f3n definitiva para la migraci\u00f3n de sitios web eficiente, segura e ilimitada.<\/p>\n","protected":false},"featured_media":165353,"comment_status":"open","ping_status":"closed","template":"","meta":[],"product_brand":[2709],"product_cat":[1212,1206,1211],"product_tag":[2710],"class_list":{"0":"post-115236","1":"product","2":"type-product","3":"status-publish","4":"has-post-thumbnail","6":"product_brand-servmask","7":"product_cat-administracion-wordpress-plugins","8":"product_cat-plugins","9":"product_cat-wordpress-plugins","10":"product_tag-servmask","11":"member-discount","12":"discount-restricted","14":"first","15":"instock","16":"sale","17":"downloadable","18":"virtual","19":"sold-individually","20":"purchasable","21":"product-type-simple"},"_links":{"self":[{"href":"https:\/\/gpl-love.com\/es\/wp-json\/wp\/v2\/product\/115236","targetHints":{"allow":["GET"]}}],"collection":[{"href":"https:\/\/gpl-love.com\/es\/wp-json\/wp\/v2\/product"}],"about":[{"href":"https:\/\/gpl-love.com\/es\/wp-json\/wp\/v2\/types\/product"}],"replies":[{"embeddable":true,"href":"https:\/\/gpl-love.com\/es\/wp-json\/wp\/v2\/comments?post=115236"}],"wp:featuredmedia":[{"embeddable":true,"href":"https:\/\/gpl-love.com\/es\/wp-json\/wp\/v2\/media\/165353"}],"wp:attachment":[{"href":"https:\/\/gpl-love.com\/es\/wp-json\/wp\/v2\/media?parent=115236"}],"wp:term":[{"taxonomy":"product_brand","embeddable":true,"href":"https:\/\/gpl-love.com\/es\/wp-json\/wp\/v2\/product_brand?post=115236"},{"taxonomy":"product_cat","embeddable":true,"href":"https:\/\/gpl-love.com\/es\/wp-json\/wp\/v2\/product_cat?post=115236"},{"taxonomy":"product_tag","embeddable":true,"href":"https:\/\/gpl-love.com\/es\/wp-json\/wp\/v2\/product_tag?post=115236"}],"curies":[{"name":"wp","href":"https:\/\/api.w.org\/{rel}","templated":true}]}}