{"id":115195,"date":"2024-09-17T00:00:00","date_gmt":"2024-09-17T05:00:00","guid":{"rendered":"http:\/\/gpl-love.com\/es\/?post_type=product&#038;p=115195"},"modified":"2026-04-10T11:29:36","modified_gmt":"2026-04-10T16:29:36","slug":"uncanny-groups-para-learndash","status":"publish","type":"product","link":"https:\/\/gpl-love.com\/es\/producto\/uncanny-groups-para-learndash\/","title":{"rendered":"Uncanny Groups para LearnDash 6.1.1"},"content":{"rendered":"<h3>Uncanny Groups para LearnDash Caracteristicas<\/h3>\n<p>Los grupos extra\u00f1os para LearnDash Plugin es una herramienta incre\u00edblemente robusta que cuenta con una variedad de caracter\u00edsticas potentes, todas dise\u00f1adas para mejorar y optimizar las funcionalidades de gesti\u00f3n de grupos y comunicaci\u00f3n dentro de sus LEVDASH LMS. Al implementar este complemento, obtendr\u00e1 la capacidad de crear sin esfuerzo y supervisar efectivamente grupos de alumnos, al tiempo que tiene la capacidad de designar l\u00edderes grupales y asignar cursos espec\u00edficos a estos grupos designados. Adem\u00e1s, los grupos extra\u00f1os para LearnDash Plugin le brindan la oportunidad de activar discusiones grupales y caracter\u00edsticas de mensajer\u00eda, fomentando as\u00ed un entorno propicio para la colaboraci\u00f3n y la comunicaci\u00f3n entre los alumnos, as\u00ed como entre los alumnos e instructores. Este complemento tambi\u00e9n es altamente personalizable, lo que le brinda autonom\u00eda y autoridad completa en t\u00e9rminos de estructuraci\u00f3n y gesti\u00f3n de estos grupos. En \u00faltima instancia, al aprovechar las capacidades formidables de los grupos extra\u00f1os para LearnDash, cultivar\u00e1 una atm\u00f3sfera educativa que sea atractiva e interactiva, facilitando as\u00ed una experiencia de aprendizaje m\u00e1s eficiente y en evoluci\u00f3n din\u00e1mica.<\/p>\n<ul>\n<li>Organice f\u00e1cilmente sus cursos y usuarios de LearnDash en grupos espec\u00edficos<\/li>\n<li>Asignar l\u00edderes grupales para administrar y monitorear la actividad grupal<\/li>\n<li>Personalizar los criterios grupales y los requisitos de membres\u00eda<\/li>\n<li>Simplifique la comunicaci\u00f3n con mensajes grupales y anuncios<\/li>\n<li>Monitorear el progreso del grupo con seguimiento de rendimiento e informes<\/li>\n<li>Compatible con temas y extensiones de LearnDash<\/li>\n<li>Aumento de la participaci\u00f3n y motivaci\u00f3n de los estudiantes a trav\u00e9s de la interacci\u00f3n y el apoyo de los compa\u00f1eros.<\/li>\n<\/ul>\n","protected":false},"excerpt":{"rendered":"<p>Los grupos extra\u00f1os para LearnDash emergen como un instrumento extremadamente robusto que facilita la organizaci\u00f3n de sus cursos y usuarios de aprendizaje en grupos, simplificando as\u00ed el proceso de administraci\u00f3n y asignaci\u00f3n de cursos. Mediante esta caracter\u00edstica complementaria, posee la capacidad de fabricar grupos personalizados, designar l\u00edderes grupales e incluso establecer asignaciones de grupos autom\u00e1ticas dependientes de los perfiles de usuario. Este complemento particular constituye un activo indispensable para cualquier entidad que anhele impulsar su experiencia LearnDash a alturas sin precedentes.<\/p>\n","protected":false},"featured_media":167894,"comment_status":"open","ping_status":"open","template":"","meta":[],"product_brand":[2485],"product_cat":[1214,1206,1211],"product_tag":[1745],"class_list":{"0":"post-115195","1":"product","2":"type-product","3":"status-publish","4":"has-post-thumbnail","6":"product_brand-uncanny-owl","7":"product_cat-personalizacion","8":"product_cat-plugins","9":"product_cat-wordpress-plugins","10":"product_tag-uncanny-owl","11":"member-discount","12":"discount-restricted","14":"first","15":"instock","16":"sale","17":"downloadable","18":"virtual","19":"sold-individually","20":"purchasable","21":"product-type-simple"},"_links":{"self":[{"href":"https:\/\/gpl-love.com\/es\/wp-json\/wp\/v2\/product\/115195","targetHints":{"allow":["GET"]}}],"collection":[{"href":"https:\/\/gpl-love.com\/es\/wp-json\/wp\/v2\/product"}],"about":[{"href":"https:\/\/gpl-love.com\/es\/wp-json\/wp\/v2\/types\/product"}],"replies":[{"embeddable":true,"href":"https:\/\/gpl-love.com\/es\/wp-json\/wp\/v2\/comments?post=115195"}],"wp:featuredmedia":[{"embeddable":true,"href":"https:\/\/gpl-love.com\/es\/wp-json\/wp\/v2\/media\/167894"}],"wp:attachment":[{"href":"https:\/\/gpl-love.com\/es\/wp-json\/wp\/v2\/media?parent=115195"}],"wp:term":[{"taxonomy":"product_brand","embeddable":true,"href":"https:\/\/gpl-love.com\/es\/wp-json\/wp\/v2\/product_brand?post=115195"},{"taxonomy":"product_cat","embeddable":true,"href":"https:\/\/gpl-love.com\/es\/wp-json\/wp\/v2\/product_cat?post=115195"},{"taxonomy":"product_tag","embeddable":true,"href":"https:\/\/gpl-love.com\/es\/wp-json\/wp\/v2\/product_tag?post=115195"}],"curies":[{"name":"wp","href":"https:\/\/api.w.org\/{rel}","templated":true}]}}