{"id":115184,"date":"2025-11-30T00:00:00","date_gmt":"2025-11-30T05:00:00","guid":{"rendered":"http:\/\/gpl-love.com\/es\/producto\/external-importer-pro-import-affiliate-products-into-woocommerce\/"},"modified":"2026-03-09T07:33:57","modified_gmt":"2026-03-09T12:33:57","slug":"external-importer-pro-import-affiliate-products-into-woocommerce","status":"publish","type":"product","link":"https:\/\/gpl-love.com\/es\/producto\/external-importer-pro-import-affiliate-products-into-woocommerce\/","title":{"rendered":"External Importer Pro Import Affiliate Products Into WooCommerce 2.21.0"},"content":{"rendered":"<h3>External Importer Pro Import Affiliate Products Into WooCommerce Caracteristicas<\/h3>\n<p>Los productos afiliados de importaci\u00f3n de importadores externos en WooCommerce es una herramienta incre\u00edblemente robusta y efectiva que otorga a los usuarios la capacidad de importar sin esfuerzo productos afiliados a su tienda en l\u00ednea de WooCommerce. A trav\u00e9s de la utilizaci\u00f3n de esta herramienta, a los usuarios se les otorga la capacidad perfecta para integrar una amplia gama de productos afiliados de una multitud de fuentes externas, incluidas, entre otros, Amazon y eBay, en su tienda WooCommerce con solo pocos clics. Esta herramienta sirve como un activo invaluable, ya que permite a los usuarios conservar el tiempo y el esfuerzo, negando la necesidad de ingresar la informaci\u00f3n del producto manualmente o cargar im\u00e1genes del producto. Los productos afiliados de importaci\u00f3n de importadores externos en WooCommerce es sin duda una necesidad absoluta para cualquier propietario de la tienda en l\u00ednea que desee ampliar sus ofertas de productos y aumentar su potencial para la generaci\u00f3n de ingresos.<\/p>\n<ul>\n<li>Importar y exhibir productos afiliados sin esfuerzo en su tienda WooCommerce<\/li>\n<li>Configure f\u00e1cilmente su programa de afiliados y obtenga comisiones de los productos que importe<\/li>\n<li>Importar productos de m\u00faltiples redes afiliadas como Amazon, eBay, Rakuten y m\u00e1s<\/li>\n<li>Opci\u00f3n para seleccionar productos espec\u00edficos para importar, seg\u00fan las palabras clave o la categor\u00eda<\/li>\n<li>Opciones de filtrado avanzadas para garantizar que se importen productos relevantes y de alta calidad<\/li>\n<li>Actualizaciones autom\u00e1ticas a la informaci\u00f3n del producto, como el precio y la disponibilidad.<\/li>\n<li>Un clic para actualizar y sincronizar productos importados con su fuente<\/li>\n<li>Opci\u00f3n para personalizar la informaci\u00f3n del producto y agregar su propia marca<\/li>\n<li>Ahorre tiempo y agilice su flujo de trabajo automatizando las importaciones de productos<\/li>\n<li>Experiencia de usuario mejorada para clientes con una gama m\u00e1s amplia de productos para elegir en su tienda.<\/li>\n<\/ul>\n","protected":false},"excerpt":{"rendered":"<p>External Importer Pro es una herramienta excepcional e indispensable que est\u00e1 espec\u00edficamente dise\u00f1ada para facilitar la importaci\u00f3n de productos afiliados sin problemas y sin esfuerzo en su tienda WooCommerce. Esta notable herramienta simplifica todo el proceso al permitirle recuperar e importar informaci\u00f3n de productos pertinente directamente de una mir\u00edada de fuentes externas, como las plataformas de comercio electr\u00f3nico de renombre mundial Amazon y eBay, as\u00ed como de otras redes afiliadas. Con su interfaz de uso de usuarios f\u00e1cilmente dise\u00f1ada y su gran parte de las caracter\u00edsticas de vanguardia, esta herramienta altamente eficiente le otorga la capacidad de importar de inmediato y sin esfuerzo una amplia gama de productos, que abarca no solo sus im\u00e1genes convincentes sino tambi\u00e9n sus precios convincentes, descripciones integrales, y una serie de otros atributos de productos invaluables. Al racionalizar y optimizar efectivamente el proceso de importaci\u00f3n del producto, esta potente herramienta le ahorra dr\u00e1sticamente una cantidad sustancial de tiempo valioso y al mismo tiempo impulsa su potencial de ventas a alturas sin precedentes. Capitalice esta oportunidad incomparable para revolucionar sus esfuerzos de importaci\u00f3n de productos afiliados al adquirir f\u00e1cilmente el incomparable importador externo Pro y elevar su rendimiento a un nivel de excelencia verdaderamente inigualable.<\/p>\n","protected":false},"featured_media":166068,"comment_status":"open","ping_status":"open","template":"","meta":[],"product_brand":[2446],"product_cat":[1208,1207,1206],"product_tag":[2161],"class_list":{"0":"post-115184","1":"product","2":"type-product","3":"status-publish","4":"has-post-thumbnail","6":"product_brand-keywordrush","7":"product_cat-administracion","8":"product_cat-comercio-electronico-plugins","9":"product_cat-plugins","10":"product_tag-keywordrush","11":"member-discount","12":"discount-restricted","14":"first","15":"instock","16":"sale","17":"downloadable","18":"virtual","19":"sold-individually","20":"purchasable","21":"product-type-simple"},"_links":{"self":[{"href":"https:\/\/gpl-love.com\/es\/wp-json\/wp\/v2\/product\/115184","targetHints":{"allow":["GET"]}}],"collection":[{"href":"https:\/\/gpl-love.com\/es\/wp-json\/wp\/v2\/product"}],"about":[{"href":"https:\/\/gpl-love.com\/es\/wp-json\/wp\/v2\/types\/product"}],"replies":[{"embeddable":true,"href":"https:\/\/gpl-love.com\/es\/wp-json\/wp\/v2\/comments?post=115184"}],"wp:featuredmedia":[{"embeddable":true,"href":"https:\/\/gpl-love.com\/es\/wp-json\/wp\/v2\/media\/166068"}],"wp:attachment":[{"href":"https:\/\/gpl-love.com\/es\/wp-json\/wp\/v2\/media?parent=115184"}],"wp:term":[{"taxonomy":"product_brand","embeddable":true,"href":"https:\/\/gpl-love.com\/es\/wp-json\/wp\/v2\/product_brand?post=115184"},{"taxonomy":"product_cat","embeddable":true,"href":"https:\/\/gpl-love.com\/es\/wp-json\/wp\/v2\/product_cat?post=115184"},{"taxonomy":"product_tag","embeddable":true,"href":"https:\/\/gpl-love.com\/es\/wp-json\/wp\/v2\/product_tag?post=115184"}],"curies":[{"name":"wp","href":"https:\/\/api.w.org\/{rel}","templated":true}]}}