{"id":115182,"date":"2022-03-07T00:00:00","date_gmt":"2022-03-07T05:00:00","guid":{"rendered":"http:\/\/gpl-love.com\/es\/producto\/firezy-multipurpose-woocommerce-theme\/"},"modified":"2026-03-13T17:20:51","modified_gmt":"2026-03-13T22:20:51","slug":"firezy-multipurpose-woocommerce-theme","status":"publish","type":"product","link":"https:\/\/gpl-love.com\/es\/producto\/firezy-multipurpose-woocommerce-theme\/","title":{"rendered":"Firezy Multipurpose WooCommerce Theme 5.9.0"},"content":{"rendered":"<h3>Firezy Multipurpose WooCommerce Theme Caracteristicas<\/h3>\n<p>El tema de WooCommerce multiprop\u00f3sito de FirEzy, un tema altamente vers\u00e1til e integral dise\u00f1ado espec\u00edficamente para la utilizaci\u00f3n en los sitios web de WooCommerce, presenta una gran cantidad de caracter\u00edsticas avanzadas y opciones de personalizaci\u00f3n extensas, lo que lo convierte en una selecci\u00f3n \u00f3ptima para las empresas y las personas que buscan establecer una ampliaci\u00f3n visual y un obst\u00e1culos amplios y profesionales. tienda en l\u00ednea. Con un dise\u00f1o de vanguardia y elegante, el tema de WooCommerce multiprop\u00f3sito de Firosy asegura una navegaci\u00f3n sin esfuerzo e interfaz f\u00e1cil de usar, garantizando as\u00ed una experiencia de navegaci\u00f3n perfecta e inmersiva para los posibles clientes. Adem\u00e1s, este tema ha sido meticulosamente optimizado para un rendimiento \u00f3ptimo y tiempos de carga expeditos, asegurando as\u00ed la funcionalidad de sitio web r\u00e1pida y eficiente. Adem\u00e1s, el tema de WooCommerce multiprop\u00f3sito FirEzy abarca una extensa variedad de dise\u00f1os y plantillas predise\u00f1ados, facilitando as\u00ed el inicio r\u00e1pido y sin problemas de su tienda en l\u00ednea. Ya sea que se embarque en el establecimiento de una nueva tienda digital o con el objetivo de elevar la calidad y el atractivo de su sitio web existente de WooCommerce, el tema de WooCommerce de FirilEzy multiprop\u00f3sito es una opci\u00f3n excepcional y encomiable.<\/p>\n<ul>\n<li>Dise\u00f1o limpio y moderno para una atractiva tienda en l\u00ednea<\/li>\n<li>Totalmente personalizable con m\u00faltiples opciones de dise\u00f1o, color y fuente<\/li>\n<li>Dise\u00f1o receptivo para una visualizaci\u00f3n \u00f3ptima en todos los dispositivos<\/li>\n<li>Integrado con WooCommerce para una f\u00e1cil configuraci\u00f3n de la tienda en l\u00ednea<\/li>\n<li>M\u00faltiples dise\u00f1os de la p\u00e1gina de inicio y contenido de demostraci\u00f3n para una configuraci\u00f3n r\u00e1pida<\/li>\n<li>SEO optimizado para clasificaciones de motores de b\u00fasqueda m\u00e1s altos<\/li>\n<li>Builizador de p\u00e1ginas de arrastrar y soltar para una f\u00e1cil personalizaci\u00f3n sin codificar<\/li>\n<li>Importar un solo clic para contenido de demostraci\u00f3n y configuraciones<\/li>\n<li>Configuraci\u00f3n de tipograf\u00eda avanzada para el uso de fuentes personalizados<\/li>\n<li>Documentaci\u00f3n y apoyo extenso para cualquier problema o pregunta.<\/li>\n<\/ul>\n","protected":false},"excerpt":{"rendered":"<p>El tema de WooCommerce multiprop\u00f3sito de FirezEZY muestra su versatilidad y estilo como un tema excepcional de WordPress que atiende a una multitud de tiendas en l\u00ednea. Su elegante dise\u00f1o, junto con sus potentes caracter\u00edsticas, lo convierte en una opci\u00f3n ideal para las personas que buscan establecer una tienda virtual contempor\u00e1nea y pulida. Ofreciendo una variedad de opciones personalizables, como numerosos dise\u00f1os de la p\u00e1gina de inicio, encabezados que se pueden personalizar para adaptarse a las preferencias de uno y un constructor de p\u00e1ginas de arrastre y suelto intuitivamente navegable, este tema no deja piedra sin mover en proporcionar una experiencia de usuario que lo abarca todo. Adem\u00e1s, su dise\u00f1o receptivo garantiza una accesibilidad perfecta en varios dispositivos, mientras que la inclusi\u00f3n de widgets personalizados y compatibilidad con complementos buscados como WooCommerce, Forma de contacto 7 y WPML mejoran a\u00fan m\u00e1s su funcionalidad. Utilice el tema de WooCommerce multiprop\u00f3sito Firezy para dise\u00f1ar sin esfuerzo una tienda en l\u00ednea visualmente llamativa que sin duda contribuir\u00e1 a la expansi\u00f3n de su negocio y servir\u00e1 como un im\u00e1n para una base de clientes m\u00e1s grande.<\/p>\n","protected":false},"featured_media":166110,"comment_status":"open","ping_status":"open","template":"","meta":[],"product_brand":[2337],"product_cat":[1263,1397,1237],"product_tag":[1391],"class_list":{"0":"post-115182","1":"product","2":"type-product","3":"status-publish","4":"has-post-thumbnail","6":"product_brand-themeforest","7":"product_cat-comercio-electronico-temas","8":"product_cat-de-multiples-fines-comercio-electronico-temas","9":"product_cat-temas","10":"product_tag-themeforest","11":"member-discount","12":"discount-restricted","14":"first","15":"instock","16":"sale","17":"downloadable","18":"virtual","19":"sold-individually","20":"purchasable","21":"product-type-simple"},"_links":{"self":[{"href":"https:\/\/gpl-love.com\/es\/wp-json\/wp\/v2\/product\/115182","targetHints":{"allow":["GET"]}}],"collection":[{"href":"https:\/\/gpl-love.com\/es\/wp-json\/wp\/v2\/product"}],"about":[{"href":"https:\/\/gpl-love.com\/es\/wp-json\/wp\/v2\/types\/product"}],"replies":[{"embeddable":true,"href":"https:\/\/gpl-love.com\/es\/wp-json\/wp\/v2\/comments?post=115182"}],"wp:featuredmedia":[{"embeddable":true,"href":"https:\/\/gpl-love.com\/es\/wp-json\/wp\/v2\/media\/166110"}],"wp:attachment":[{"href":"https:\/\/gpl-love.com\/es\/wp-json\/wp\/v2\/media?parent=115182"}],"wp:term":[{"taxonomy":"product_brand","embeddable":true,"href":"https:\/\/gpl-love.com\/es\/wp-json\/wp\/v2\/product_brand?post=115182"},{"taxonomy":"product_cat","embeddable":true,"href":"https:\/\/gpl-love.com\/es\/wp-json\/wp\/v2\/product_cat?post=115182"},{"taxonomy":"product_tag","embeddable":true,"href":"https:\/\/gpl-love.com\/es\/wp-json\/wp\/v2\/product_tag?post=115182"}],"curies":[{"name":"wp","href":"https:\/\/api.w.org\/{rel}","templated":true}]}}