{"id":115180,"date":"2024-02-12T00:00:00","date_gmt":"2024-02-12T05:00:00","guid":{"rendered":"http:\/\/gpl-love.com\/es\/producto\/hotel-lux-resort-y-spa-wordpress-theme\/"},"modified":"2026-03-13T17:22:16","modified_gmt":"2026-03-13T22:22:16","slug":"hotel-lux-resort-y-spa-wordpress-theme","status":"publish","type":"product","link":"https:\/\/gpl-love.com\/es\/producto\/hotel-lux-resort-y-spa-wordpress-theme\/","title":{"rendered":"Hotel Lux Resort y SPA WordPress Theme 1.2.7"},"content":{"rendered":"<h3>Hotel Lux Resort y SPA WordPress Theme Caracteristicas<\/h3>\n<p>El tema del hotel Lux Resort and Spa WordPress es una soluci\u00f3n integral y f\u00e1cil de usar que satisface las necesidades de las empresas de alquiler de hoteles y vacaciones. Ofrece una amplia gama de caracter\u00edsticas y opciones de personalizaci\u00f3n, lo que le permite crear sin esfuerzo un sitio web de aspecto profesional. Esto incluye widgets personalizables, plantillas de p\u00e1gina y m\u00faltiples esquemas de color, lo que le brinda la flexibilidad de dise\u00f1ar su sitio seg\u00fan sus especificaciones exactas. Adem\u00e1s, el tema viene equipado con funcionalidades de reserva incorporadas, asegurando que sus invitados puedan hacer f\u00e1cilmente reservas directamente desde su sitio web. El dise\u00f1o receptivo del tema asegura que su sitio se adapte a cualquier tama\u00f1o de pantalla, proporcionando una experiencia de usuario \u00f3ptima en todos los dispositivos. Adem\u00e1s, el sistema de reserva simplificado hace que la administraci\u00f3n de reservas sea muy f\u00e1cil, lo que le permite manejar de manera eficiente todas las solicitudes de los clientes. El tema del Hotel Lux Lux Resort y Spa WordPress se destacan en la funcionalidad, sino que tambi\u00e9n ofrece im\u00e1genes visualmente impresionantes que cautivan a su audiencia. La f\u00e1cil navegaci\u00f3n y el dise\u00f1o receptivo hacen que sea una delicia para los usuarios explorar su sitio, independientemente de su dispositivo. Con este tema, puede crear un sitio web que no solo se vea genial, sino que tambi\u00e9n funciona de manera eficiente y es f\u00e1cil de administrar.<\/p>\n<ul>\n<li>Tema de WordPress de alta calidad dise\u00f1ado para hoteles, resorts y spas<\/li>\n<li>Dise\u00f1o elegante y moderno adecuado para cualquier negocio de hospitalidad<\/li>\n<li>Dise\u00f1o f\u00e1cilmente personalizable con opciones flexibles para mostrar su propiedad<\/li>\n<li>Sistema de reserva incorporado e integraci\u00f3n con plataformas de reserva de terceros populares<\/li>\n<li>Dise\u00f1o receptivo y amigable para dispositivos m\u00f3viles para una visualizaci\u00f3n \u00f3ptima en todos los dispositivos<\/li>\n<li>M\u00faltiples p\u00e1ginas preconstruidas para una f\u00e1cil creaci\u00f3n de p\u00e1ginas, incluidas las habitaciones, los servicios y la galer\u00eda<\/li>\n<li>Widgets y c\u00f3digos cortos personalizados para una funcionalidad mejorada y facilidad de uso<\/li>\n<li>Integraci\u00f3n completa con complementos populares como WooCommerce para f\u00e1ciles de las capacidades de comercio electr\u00f3nico<\/li>\n<li>SEO optimizado para una mejor clasificaci\u00f3n y visibilidad del motor de b\u00fasqueda en l\u00ednea<\/li>\n<li>Soporte de calidad de desarrolladores experimentados y actualizaciones regulares de temas para garantizar un rendimiento \u00f3ptimo.<\/li>\n<\/ul>\n","protected":false},"excerpt":{"rendered":"<p>Estamos encantados de presentarle el notable tema del hotel Lux Lux Resort and Spa WordPress, una elecci\u00f3n excepcional para hoteles, resorts, spas y varios otros establecimientos en la industria hotelera. Este tema cuenta con un dise\u00f1o sofisticado y contempor\u00e1neo complementado por funcionalidades pr\u00e1cticas que lo ayudan sin esfuerzo a exhibir sus propiedades y servicios. Equipado con una variedad de opciones de dise\u00f1o para habitaciones, comodidades y actividades, sus estimados invitados no tendr\u00e1n problemas para explorar la totalidad de lo que su establecimiento tiene para ofrecer. Adem\u00e1s, el tema est\u00e1 meticulosamente optimizado para los motores de b\u00fasqueda y se adapta perfectamente a los dispositivos m\u00f3viles, facilitando el descubrimiento sin esfuerzo y la reserva de su pr\u00f3xima estad\u00eda con su propiedad. Eleve su marca de hospitalidad y enriquece la experiencia de los hu\u00e9spedes adoptando el tema del hotel Lux Resort y Spa WordPress.<\/p>\n","protected":false},"featured_media":166429,"comment_status":"open","ping_status":"open","template":"","meta":[],"product_brand":[2337],"product_cat":[1548,1237,1238],"product_tag":[1391],"class_list":{"0":"post-115180","1":"product","2":"type-product","3":"status-publish","4":"has-post-thumbnail","6":"product_brand-themeforest","7":"product_cat-resort-hotel","8":"product_cat-temas","9":"product_cat-wordpress-temas","10":"product_tag-themeforest","11":"member-discount","12":"discount-restricted","14":"first","15":"instock","16":"sale","17":"downloadable","18":"virtual","19":"sold-individually","20":"purchasable","21":"product-type-simple"},"_links":{"self":[{"href":"https:\/\/gpl-love.com\/es\/wp-json\/wp\/v2\/product\/115180","targetHints":{"allow":["GET"]}}],"collection":[{"href":"https:\/\/gpl-love.com\/es\/wp-json\/wp\/v2\/product"}],"about":[{"href":"https:\/\/gpl-love.com\/es\/wp-json\/wp\/v2\/types\/product"}],"replies":[{"embeddable":true,"href":"https:\/\/gpl-love.com\/es\/wp-json\/wp\/v2\/comments?post=115180"}],"wp:featuredmedia":[{"embeddable":true,"href":"https:\/\/gpl-love.com\/es\/wp-json\/wp\/v2\/media\/166429"}],"wp:attachment":[{"href":"https:\/\/gpl-love.com\/es\/wp-json\/wp\/v2\/media?parent=115180"}],"wp:term":[{"taxonomy":"product_brand","embeddable":true,"href":"https:\/\/gpl-love.com\/es\/wp-json\/wp\/v2\/product_brand?post=115180"},{"taxonomy":"product_cat","embeddable":true,"href":"https:\/\/gpl-love.com\/es\/wp-json\/wp\/v2\/product_cat?post=115180"},{"taxonomy":"product_tag","embeddable":true,"href":"https:\/\/gpl-love.com\/es\/wp-json\/wp\/v2\/product_tag?post=115180"}],"curies":[{"name":"wp","href":"https:\/\/api.w.org\/{rel}","templated":true}]}}