{"id":115178,"date":"2021-07-12T00:00:00","date_gmt":"2021-07-12T05:00:00","guid":{"rendered":"http:\/\/gpl-love.com\/es\/producto\/softwerk-software-y-saas-startup-theme\/"},"modified":"2026-04-10T11:25:15","modified_gmt":"2026-04-10T16:25:15","slug":"softwerk-software-y-saas-startup-theme","status":"publish","type":"product","link":"https:\/\/gpl-love.com\/es\/producto\/softwerk-software-y-saas-startup-theme\/","title":{"rendered":"Softwerk Software y SaaS Startup Theme 1.4.1"},"content":{"rendered":"<h3>Softwerk Software y SaaS Startup Theme Caracteristicas<\/h3>\n<p>El software Softwerk y el tema de inicio SaaS se presenta como una soluci\u00f3n multifac\u00e9tica que abarca todo y que atiende a las personas que buscan establecer una presencia sofisticada y progresiva en l\u00ednea. Cuenta con un extenso repertorio de caracter\u00edsticas y opciones de dise\u00f1o, lo que lo hace muy adecuado para nuevas empresas que operan en los \u00e1mbitos de software y SaaS. Adem\u00e1s, este tema se adapta efectivamente a varios tama\u00f1os de pantalla, asegurando que su sitio web mantenga su atractivo visual en todos los dispositivos. Adem\u00e1s, proporciona una gran cantidad de opciones de personalizaci\u00f3n, que le brinda la oportunidad de adaptar su sitio para alinearse sin problemas con los requisitos espec\u00edficos de la marca. La incrustaci\u00f3n de un tema est\u00e9tico contempor\u00e1neo y optimizado, software Softwerk y SaaS Startup sirve como una plataforma ideal para nuevas empresas que buscan exhibir sus productos y servicios de la manera m\u00e1s \u00f3ptima imaginable.<\/p>\n<ul>\n<li>Dise\u00f1o moderno y profesional dise\u00f1ado espec\u00edficamente para software y saaS startups<\/li>\n<li>Totalmente personalizable con un constructor de p\u00e1ginas de arrastre y suelto f\u00e1cil de usar<\/li>\n<li>Dise\u00f1o de respuesta m\u00f3vil para garantizar la accesibilidad en todos los dispositivos<\/li>\n<li>Incluye p\u00e1ginas predise\u00f1adas para necesidades de inicio comunes (precios, equipo, aproximadamente, etc.)<\/li>\n<li>Integraci\u00f3n con herramientas y plataformas de terceros populares (Google Maps, MailChimp, etc.)<\/li>\n<li>Optimizaci\u00f3n de SEO incorporada para mejorar la visibilidad del motor de b\u00fasqueda<\/li>\n<li>Importar demostraci\u00f3n de un solo clic para lanzar r\u00e1pidamente su sitio web<\/li>\n<li>Actualizaciones regulares con nuevas funciones y mejoras<\/li>\n<li>Apoyo premium de desarrolladores y dise\u00f1adores experimentados<\/li>\n<li>Compatible con complementos populares de WordPress para una mayor personalizaci\u00f3n y funcionalidad.<\/li>\n<\/ul>\n","protected":false},"excerpt":{"rendered":"<p>Softwerk es un tema de WordPress incre\u00edblemente contempor\u00e1neo y est\u00e9ticamente agradable que ha sido elaborado por expertos para satisfacer las necesidades y requisitos de las nuevas empresas de software y SaaS. Con un dise\u00f1o elegante y sin esfuerzo, Softwerk le permite presentar y exhibir efectivamente su amplia gama de productos y servicios de una manera que exuda profesionalismo y cautiva la atenci\u00f3n de su p\u00fablico objetivo. Adem\u00e1s, este tema excepcional ofrece una multitud de caracter\u00edsticas altamente personalizables, incluida una variedad de dise\u00f1os de p\u00e1gina de inicio diversos y vers\u00e1tiles, una amplia selecci\u00f3n de esquemas de color cautivadores y una amplia gama de opciones de tipograf\u00eda para personalizar verdaderamente su plataforma en l\u00ednea. Adem\u00e1s, Softwerk garantiza que su sitio web est\u00e9 completamente optimizado para la optimizaci\u00f3n de motores de b\u00fasqueda (SEO), lo que garantiza que su presencia digital asegurar\u00e1 sin esfuerzo las altas clasificaciones y la visibilidad dentro de los resultados de los motores de b\u00fasqueda. En conclusi\u00f3n, Softwerk innegablemente emerge como una opci\u00f3n impecable e indiscutible para cualquier individuo o entidad que busque establecer una presencia en l\u00ednea elegante, sofisticada e innegablemente profesional para su estimado software o inicio SaaS.<\/p>\n","protected":false},"featured_media":167525,"comment_status":"open","ping_status":"open","template":"","meta":[],"product_brand":[2337],"product_cat":[1307,1237,1238],"product_tag":[1391],"class_list":{"0":"post-115178","1":"product","2":"type-product","3":"status-publish","4":"has-post-thumbnail","6":"product_brand-themeforest","7":"product_cat-negocio-wordpress-temas","8":"product_cat-temas","9":"product_cat-wordpress-temas","10":"product_tag-themeforest","11":"member-discount","12":"discount-restricted","14":"first","15":"instock","16":"sale","17":"downloadable","18":"virtual","19":"sold-individually","20":"purchasable","21":"product-type-simple"},"_links":{"self":[{"href":"https:\/\/gpl-love.com\/es\/wp-json\/wp\/v2\/product\/115178","targetHints":{"allow":["GET"]}}],"collection":[{"href":"https:\/\/gpl-love.com\/es\/wp-json\/wp\/v2\/product"}],"about":[{"href":"https:\/\/gpl-love.com\/es\/wp-json\/wp\/v2\/types\/product"}],"replies":[{"embeddable":true,"href":"https:\/\/gpl-love.com\/es\/wp-json\/wp\/v2\/comments?post=115178"}],"wp:featuredmedia":[{"embeddable":true,"href":"https:\/\/gpl-love.com\/es\/wp-json\/wp\/v2\/media\/167525"}],"wp:attachment":[{"href":"https:\/\/gpl-love.com\/es\/wp-json\/wp\/v2\/media?parent=115178"}],"wp:term":[{"taxonomy":"product_brand","embeddable":true,"href":"https:\/\/gpl-love.com\/es\/wp-json\/wp\/v2\/product_brand?post=115178"},{"taxonomy":"product_cat","embeddable":true,"href":"https:\/\/gpl-love.com\/es\/wp-json\/wp\/v2\/product_cat?post=115178"},{"taxonomy":"product_tag","embeddable":true,"href":"https:\/\/gpl-love.com\/es\/wp-json\/wp\/v2\/product_tag?post=115178"}],"curies":[{"name":"wp","href":"https:\/\/api.w.org\/{rel}","templated":true}]}}