{"id":115176,"date":"2021-07-12T00:00:00","date_gmt":"2021-07-12T05:00:00","guid":{"rendered":"http:\/\/gpl-love.com\/es\/producto\/fleurdesel-hotel-booking-wordpress-theme\/"},"modified":"2026-03-13T17:20:56","modified_gmt":"2026-03-13T22:20:56","slug":"fleurdesel-hotel-booking-wordpress-theme","status":"publish","type":"product","link":"https:\/\/gpl-love.com\/es\/producto\/fleurdesel-hotel-booking-wordpress-theme\/","title":{"rendered":"Fleurdesel Hotel Booking WordPress Theme 2.0.5"},"content":{"rendered":"<h3>Fleurdesel Hotel Booking WordPress Theme Caracteristicas<\/h3>\n<p>El tema de WordPress de WordPress de FleurDesel Hotel es un tema incre\u00edblemente vers\u00e1til y f\u00e1cil de usar que ha sido dise\u00f1ado espec\u00edficamente para satisfacer las necesidades y demandas \u00fanicas de hoteles y resorts. Al estallar en las costuras con una variedad de caracter\u00edsticas potentes, este tema excepcional permite a los propietarios de hoteles crear sin esfuerzo un sitio web que no solo incorpora profesionalismo, sino que tambi\u00e9n es visualmente cautivador. Gracias a su interfaz altamente intuitiva, los usuarios pueden mostrar sin esfuerzo su amplia gama de habitaciones y servicios de primera clase, promover efectivamente ofertas y ofertas exclusivas, y aceptar sin problemas reservas en l\u00ednea. Adem\u00e1s, en un mundo donde los dispositivos m\u00f3viles son omnipresentes, es absolutamente esencial que los hu\u00e9spedes tengan la capacidad de reservar f\u00e1cil y convenientemente su alojamiento desde cualquier dispositivo. Afortunadamente, el tema de WordPress de WordPress de FleurDesel Hotel es totalmente receptivo y ha sido impecablemente optimizado para dispositivos m\u00f3viles, asegurando que los hu\u00e9spedes puedan hacer f\u00e1cilmente sus reservas, independientemente del dispositivo que puedan estar usando. Adem\u00e1s, este tema excepcional cuenta con una integraci\u00f3n sin esfuerzo con todos los motores de reserva m\u00e1s populares del mercado, por lo que es un sue\u00f1o absoluto para los hoteles que buscan mejorar su presencia en l\u00ednea y racionalizar su proceso de reserva. Cuando todo est\u00e1 dicho y hecho, el hotel Fleurdesel que reserva el tema de WordPress realmente brilla como una elecci\u00f3n extraordinaria para hoteles y resorts por igual, que buscan establecer una presencia en l\u00ednea dominante y aumentar significativamente sus tasas de reserva.<\/p>\n<ul>\n<li>Tema de WordPress de reserva de hotel premium dise\u00f1ado para hoteles, resorts, villas, casas de hu\u00e9spedes y otras empresas de alojamiento<\/li>\n<li>Dise\u00f1o totalmente receptivo optimizado para todos los dispositivos y tama\u00f1os de pantalla<\/li>\n<li>P\u00e1gina de inicio personalizable con m\u00faltiples opciones de dise\u00f1o para exhibir habitaciones de hotel, comodidades, ubicaci\u00f3n e informaci\u00f3n de contacto<\/li>\n<li>Sistema de reserva intuitiva con calendario de disponibilidad, tarifas de habitaciones, formularios de reserva y pasarelas de pago<\/li>\n<li>Opciones avanzadas de b\u00fasqueda y filtro para que los invitados encuentren la habitaci\u00f3n correcta en funci\u00f3n de sus preferencias y criterios<\/li>\n<li>Integraci\u00f3n perfecta con complementos populares como WPML, Yoast SEO, Contact Form 7 y m\u00e1s<\/li>\n<li>Panel de administraci\u00f3n f\u00e1cil de usar para administrar tipos de habitaciones, tarifas, reservas, datos de clientes y otras configuraciones<\/li>\n<li>Opciones integradas de integraci\u00f3n y intercambio de redes sociales para ayudar a promocionar el hotel y atraer m\u00e1s hu\u00e9spedes<\/li>\n<li>Actualizaciones regulares y soporte dedicado de los desarrolladores de temas para garantizar la compatibilidad y la funcionalidad.<\/li>\n<\/ul>\n","protected":false},"excerpt":{"rendered":"<p>El tema de WordPress de FleurDesel Hotel presenta una soluci\u00f3n \u00f3ptima para la creaci\u00f3n de un sitio web de reservas de hoteles actualizados y sofisticados. Muestra un dise\u00f1o intuitivo y f\u00e1cil de usar que le brinda la oportunidad de exhibir sus habitaciones, comodidades y servicios de una manera refinada y de buen gusto. Por medio de formularios de reserva manejables sin esfuerzo, sus estimados invitados pueden asegurar de manera r\u00e1pida y sin esfuerzo sus habitaciones deseadas a trav\u00e9s de la plataforma en l\u00ednea. Adem\u00e1s, este tema cuenta con una personalizaci\u00f3n total, otorg\u00e1ndole acceso a una variedad de opciones como diversos esquemas de color, fuentes y opciones de dise\u00f1o que se pueden adaptar para alinearse con la identidad distintiva de su marca. El tema de WordPress de FleurDesel Hotel se erige como una opci\u00f3n impecable para establecimientos como hoteles, albergues, casas de hu\u00e9spedes, alquileres de villas y otras formas de alojamiento.<\/p>\n","protected":false},"featured_media":166118,"comment_status":"open","ping_status":"open","template":"","meta":[],"product_brand":[2337],"product_cat":[1548,1237,1238],"product_tag":[1391],"class_list":{"0":"post-115176","1":"product","2":"type-product","3":"status-publish","4":"has-post-thumbnail","6":"product_brand-themeforest","7":"product_cat-resort-hotel","8":"product_cat-temas","9":"product_cat-wordpress-temas","10":"product_tag-themeforest","11":"member-discount","12":"discount-restricted","14":"first","15":"instock","16":"sale","17":"downloadable","18":"virtual","19":"sold-individually","20":"purchasable","21":"product-type-simple"},"_links":{"self":[{"href":"https:\/\/gpl-love.com\/es\/wp-json\/wp\/v2\/product\/115176","targetHints":{"allow":["GET"]}}],"collection":[{"href":"https:\/\/gpl-love.com\/es\/wp-json\/wp\/v2\/product"}],"about":[{"href":"https:\/\/gpl-love.com\/es\/wp-json\/wp\/v2\/types\/product"}],"replies":[{"embeddable":true,"href":"https:\/\/gpl-love.com\/es\/wp-json\/wp\/v2\/comments?post=115176"}],"wp:featuredmedia":[{"embeddable":true,"href":"https:\/\/gpl-love.com\/es\/wp-json\/wp\/v2\/media\/166118"}],"wp:attachment":[{"href":"https:\/\/gpl-love.com\/es\/wp-json\/wp\/v2\/media?parent=115176"}],"wp:term":[{"taxonomy":"product_brand","embeddable":true,"href":"https:\/\/gpl-love.com\/es\/wp-json\/wp\/v2\/product_brand?post=115176"},{"taxonomy":"product_cat","embeddable":true,"href":"https:\/\/gpl-love.com\/es\/wp-json\/wp\/v2\/product_cat?post=115176"},{"taxonomy":"product_tag","embeddable":true,"href":"https:\/\/gpl-love.com\/es\/wp-json\/wp\/v2\/product_tag?post=115176"}],"curies":[{"name":"wp","href":"https:\/\/api.w.org\/{rel}","templated":true}]}}