{"id":115174,"date":"2024-02-09T00:00:00","date_gmt":"2024-02-09T05:00:00","guid":{"rendered":"http:\/\/gpl-love.com\/es\/producto\/digixon-digital-marketing-strategy-wp-theme\/"},"modified":"2026-03-13T17:19:16","modified_gmt":"2026-03-13T22:19:16","slug":"digixon-digital-marketing-strategy-wp-theme","status":"publish","type":"product","link":"https:\/\/gpl-love.com\/es\/producto\/digixon-digital-marketing-strategy-wp-theme\/","title":{"rendered":"Digixon Digital Marketing Strategy WP Theme 2.6"},"content":{"rendered":"<h3>Digixon Digital Marketing Strategy WP Theme Caracteristicas<\/h3>\n<p>El tema WP de Digixon Digital Marketing Strategy es un instrumento excepcional que atiende a las empresas que anhelan elevar su presencia en l\u00ednea a alturas sin precedentes. Meticulosamente elaborado con el marketing digital a la vanguardia, este tema ofrece una gran cantidad de caracter\u00edsticas y funcionalidades notables que lo capacitan para dise\u00f1ar una estrategia de marketing en l\u00ednea sorprendente y eficaz. Con una interfaz f\u00e1cil de usar y un dise\u00f1o de dise\u00f1o intuitivo, este tema le otorga la capacidad de adaptar sin esfuerzo su sitio web para mostrar su marca y cautivar su audiencia prevista. Independientemente de si usted es un propietario emprendedor de una peque\u00f1a empresa o una corporaci\u00f3n colosal, el tema WP Digixon Digital Marketing Strategy sirve como un activo indispensable que sin duda lo distinguir\u00e1 en medio del mercado saturado en l\u00ednea.<\/p>\n<ul>\n<li>Tema de WordPress dise\u00f1ado profesionalmente espec\u00edficamente para estrategias de marketing digital<\/li>\n<li>Dise\u00f1o totalmente receptivo que se adapta a cualquier tama\u00f1o de pantalla y dispositivo<\/li>\n<li>Dise\u00f1o limpio, moderno y elegante que mejora la experiencia del usuario<\/li>\n<li>Constructor de p\u00e1gina de arrastrar y soltar f\u00e1cil de usar para personalizar las p\u00e1ginas del sitio web<\/li>\n<li>Opciones de color ilimitadas para que su sitio web se ajuste a su marca<\/li>\n<li>Optimizado para la optimizaci\u00f3n de motores de b\u00fasqueda (SEO) para ayudar a mejorar la visibilidad del sitio web<\/li>\n<li>Integrado con todas las plataformas de redes sociales populares para compartir f\u00e1cilmente contenido<\/li>\n<li>Funcionalidad de marketing por correo electr\u00f3nico incorporada para permitir que las empresas promocionen sus campa\u00f1as<\/li>\n<li>Incluye una variedad de p\u00e1ginas predise\u00f1adas, como Acerca de nosotros, servicios, cont\u00e1ctenos y testimonios.<\/li>\n<li>Encabezado y pie de p\u00e1gina totalmente personalizable para expresar la identidad de su marca<\/li>\n<li>Proporciona opciones de dise\u00f1o para p\u00e1ginas de blogs y archivos para una f\u00e1cil creaci\u00f3n de contenido<\/li>\n<li>Compatible con WooCommerce para la integraci\u00f3n de la tienda en l\u00ednea sin problemas<\/li>\n<li>Actualizaciones regulares y atenci\u00f3n al cliente para una mejora y asistencia constantes<\/li>\n<li>Una soluci\u00f3n asequible para las empresas que buscan mejorar su presencia digital.<\/li>\n<\/ul>\n","protected":false},"excerpt":{"rendered":"<p>Sumerja su negocio en la era digital con el tema WP de Digixon Digital Marketing Strategy. Este tema de WordPress est\u00e1 dise\u00f1ado para profesionales de marketing que desean establecer una s\u00f3lida presencia en l\u00ednea. Ofrece una variedad de caracter\u00edsticas que hacen que su negocio se destaque, como la optimizaci\u00f3n de SEO para una mejor clasificaci\u00f3n de motores de b\u00fasqueda, gr\u00e1ficos listos para retina para una interfaz visualmente atractiva y un dise\u00f1o totalmente receptivo que garantiza que su sitio web se vea genial en todos los dispositivos. Este tema tambi\u00e9n admite complementos para la integraci\u00f3n de las redes sociales, lo que le permite conectarse e interactuar con su audiencia en varias plataformas. Con su interfaz f\u00e1cil de usar, el tema Digixon WP es f\u00e1cil de instalar y personalizar, no es necesario ning\u00fan conocimiento de codificaci\u00f3n. Aumente la huella digital de su negocio con el tema WP de la estrategia de marketing digital Digixon.<\/p>\n","protected":false},"featured_media":165773,"comment_status":"open","ping_status":"open","template":"","meta":[],"product_brand":[2337],"product_cat":[1267,1237,1238],"product_tag":[1391],"class_list":{"0":"post-115174","1":"product","2":"type-product","3":"status-publish","4":"has-post-thumbnail","6":"product_brand-themeforest","7":"product_cat-creativo","8":"product_cat-temas","9":"product_cat-wordpress-temas","10":"product_tag-themeforest","11":"member-discount","12":"discount-restricted","14":"first","15":"instock","16":"sale","17":"downloadable","18":"virtual","19":"sold-individually","20":"purchasable","21":"product-type-simple"},"_links":{"self":[{"href":"https:\/\/gpl-love.com\/es\/wp-json\/wp\/v2\/product\/115174","targetHints":{"allow":["GET"]}}],"collection":[{"href":"https:\/\/gpl-love.com\/es\/wp-json\/wp\/v2\/product"}],"about":[{"href":"https:\/\/gpl-love.com\/es\/wp-json\/wp\/v2\/types\/product"}],"replies":[{"embeddable":true,"href":"https:\/\/gpl-love.com\/es\/wp-json\/wp\/v2\/comments?post=115174"}],"wp:featuredmedia":[{"embeddable":true,"href":"https:\/\/gpl-love.com\/es\/wp-json\/wp\/v2\/media\/165773"}],"wp:attachment":[{"href":"https:\/\/gpl-love.com\/es\/wp-json\/wp\/v2\/media?parent=115174"}],"wp:term":[{"taxonomy":"product_brand","embeddable":true,"href":"https:\/\/gpl-love.com\/es\/wp-json\/wp\/v2\/product_brand?post=115174"},{"taxonomy":"product_cat","embeddable":true,"href":"https:\/\/gpl-love.com\/es\/wp-json\/wp\/v2\/product_cat?post=115174"},{"taxonomy":"product_tag","embeddable":true,"href":"https:\/\/gpl-love.com\/es\/wp-json\/wp\/v2\/product_tag?post=115174"}],"curies":[{"name":"wp","href":"https:\/\/api.w.org\/{rel}","templated":true}]}}