{"id":115172,"date":"2021-12-04T00:00:00","date_gmt":"2021-12-04T05:00:00","guid":{"rendered":"http:\/\/gpl-love.com\/es\/producto\/dgwork-powerful-responsive-easy-digital-downloads-theme\/"},"modified":"2026-03-13T17:19:11","modified_gmt":"2026-03-13T22:19:11","slug":"dgwork-powerful-responsive-easy-digital-downloads-theme","status":"publish","type":"product","link":"https:\/\/gpl-love.com\/es\/producto\/dgwork-powerful-responsive-easy-digital-downloads-theme\/","title":{"rendered":"DGWork Powerful Responsive Easy Digital Downloads Theme 1.8.9.1"},"content":{"rendered":"<h3>DGWork Powerful Responsive Easy Digital Downloads Theme Caracteristicas<\/h3>\n<p>El tema de descargas digitales f\u00e1ciles de descarga de DGWork poderosa que atiende a las necesidades de los vendedores de productos digitales que buscan un sitio web con una apariencia profesional y pulida. Este tema cuenta con un dise\u00f1o totalmente receptivo, lo que permite a los usuarios acceder a la perfecci\u00f3n y navegar en el sitio web en varios dispositivos. Adem\u00e1s, la interfaz f\u00e1cil de usar de DGWork garantiza que incluso las personas con conocimiento limitado en el dise\u00f1o web puedan utilizar sin esfuerzo sus caracter\u00edsticas. Es la soluci\u00f3n ideal para aquellos que deseen exhibir sus productos, construir p\u00e1ginas de destino visualmente cautivadoras y personalizar ampliamente su sitio web para alinearse con su identidad de marca. Adem\u00e1s, el tema est\u00e1 meticulosamente optimizado para una velocidad \u00f3ptima y optimizaci\u00f3n de motores de b\u00fasqueda (SEO), garantizando tiempos de carga r\u00e1pida y clasificaciones elevadas en los resultados de los motores de b\u00fasqueda. Ya sea que sea un emprendedor solitario o un negocio a peque\u00f1a escala, el tema DGWork demuestra ser una opci\u00f3n excepcional para establecer un sitio web impecable de ventas de productos digitales.<\/p>\n<ul>\n<li>-Dgwork es un tema de descargas digitales altamente personalizables<\/li>\n<li>-Se herramientas poderosas permiten un control final sobre su proceso de ventas digitales<\/li>\n<li>-Este tema proporciona un dise\u00f1o receptivo que se ve muy bien en todos los dispositivos y tama\u00f1os de pantalla<\/li>\n<li>-DGWork ofrece una interfaz de usuario intuitiva, lo que facilita la administraci\u00f3n y la venta de sus productos digitales<\/li>\n<li>-El tema est\u00e1 dise\u00f1ado con SEO en mente, ayudando a su tienda en l\u00ednea a clasificarse m\u00e1s alto en resultados de b\u00fasqueda org\u00e1nica<\/li>\n<li>-Dgwork es compatible con muchas pasarelas de pago digital populares, incluidos PayPal y Stripe<\/li>\n<li>-El tema incluye un constructor de arrastrar y soltar, brind\u00e1ndole la capacidad de crear dise\u00f1os personalizados sin experiencia en codificaci\u00f3n<\/li>\n<li>-Dgwork ofrece una variedad robusta de opciones de personalizaci\u00f3n, lo que le permite elaborar una tienda en l\u00ednea \u00fanica que refleje su marca<\/li>\n<li>-Este tema proporciona actualizaciones y mejoras regulares, asegurando que su tienda digital siempre tenga las \u00faltimas y mejores herramientas disponibles.<\/li>\n<\/ul>\n","protected":false},"excerpt":{"rendered":"<p>DGWork es un tema poderoso y receptivo dise\u00f1ado espec\u00edficamente para funcionar con el complemento f\u00e1cil de descargas digitales. Este tema, con su dise\u00f1o f\u00e1cil de usar, es perfecto para aquellos que buscan crear una tienda en l\u00ednea o un mercado digital. Con DGWork, puede mostrar y administrar f\u00e1cilmente sus productos digitales de manera profesional y eficiente. Gracias a su dise\u00f1o receptivo, su tienda en l\u00ednea se ver\u00e1 perfecta en cualquier dispositivo, asegurando una experiencia de compra \u00f3ptima para sus clientes. Adem\u00e1s, las opciones de personalizaci\u00f3n del tema hacen que sea simple darle a su sitio un toque \u00fanico y personalizado. Beneficiarse del poder y la flexibilidad de DGWork para llevar su negocio digital al siguiente nivel.<\/p>\n","protected":false},"featured_media":165764,"comment_status":"open","ping_status":"open","template":"","meta":[],"product_brand":[2337],"product_cat":[1263,1264,1237],"product_tag":[1391],"class_list":{"0":"post-115172","1":"product","2":"type-product","3":"status-publish","4":"has-post-thumbnail","6":"product_brand-themeforest","7":"product_cat-comercio-electronico-temas","8":"product_cat-negocio","9":"product_cat-temas","10":"product_tag-themeforest","11":"member-discount","12":"discount-restricted","14":"first","15":"instock","16":"sale","17":"downloadable","18":"virtual","19":"sold-individually","20":"purchasable","21":"product-type-simple"},"_links":{"self":[{"href":"https:\/\/gpl-love.com\/es\/wp-json\/wp\/v2\/product\/115172","targetHints":{"allow":["GET"]}}],"collection":[{"href":"https:\/\/gpl-love.com\/es\/wp-json\/wp\/v2\/product"}],"about":[{"href":"https:\/\/gpl-love.com\/es\/wp-json\/wp\/v2\/types\/product"}],"replies":[{"embeddable":true,"href":"https:\/\/gpl-love.com\/es\/wp-json\/wp\/v2\/comments?post=115172"}],"wp:featuredmedia":[{"embeddable":true,"href":"https:\/\/gpl-love.com\/es\/wp-json\/wp\/v2\/media\/165764"}],"wp:attachment":[{"href":"https:\/\/gpl-love.com\/es\/wp-json\/wp\/v2\/media?parent=115172"}],"wp:term":[{"taxonomy":"product_brand","embeddable":true,"href":"https:\/\/gpl-love.com\/es\/wp-json\/wp\/v2\/product_brand?post=115172"},{"taxonomy":"product_cat","embeddable":true,"href":"https:\/\/gpl-love.com\/es\/wp-json\/wp\/v2\/product_cat?post=115172"},{"taxonomy":"product_tag","embeddable":true,"href":"https:\/\/gpl-love.com\/es\/wp-json\/wp\/v2\/product_tag?post=115172"}],"curies":[{"name":"wp","href":"https:\/\/api.w.org\/{rel}","templated":true}]}}