{"id":115170,"date":"2022-04-11T00:00:00","date_gmt":"2022-04-11T05:00:00","guid":{"rendered":"http:\/\/gpl-love.com\/es\/producto\/cocco-kids-store-y-baby-shop-theme\/"},"modified":"2026-03-13T17:17:51","modified_gmt":"2026-03-13T22:17:51","slug":"cocco-kids-store-y-baby-shop-theme","status":"publish","type":"product","link":"https:\/\/gpl-love.com\/es\/producto\/cocco-kids-store-y-baby-shop-theme\/","title":{"rendered":"Cocco Kids Store y Baby Shop Theme 1.1"},"content":{"rendered":"<h3>Cocco Kids Store y Baby Shop Theme Caracteristicas<\/h3>\n<p>El tema de Cocco Kids Store y Baby Shop surgen como una plantilla de WordPress extremadamente vers\u00e1til y profundamente creativa, adaptada espec\u00edficamente para satisfacer las necesidades de aquellos que operan en la industria de productos para beb\u00e9s. Exhibiendo un dise\u00f1o vibrante y cautivador, este tema ofrece una amplia gama de opciones personalizables, que abarca varias facetas, incluidos el dise\u00f1o de la p\u00e1gina de inicio, las p\u00e1ginas de productos y las plantillas de blogs. Adem\u00e1s, el tema de Cocco Kids Store y Baby Shop se optimizan impecablemente para una compatibilidad perfecta con dispositivos m\u00f3viles, asegurando que su sitio web conserve su atractivo visual independientemente del tama\u00f1o de la pantalla en el que se acceda. Adem\u00e1s de todo eso, este tema cuenta con una multitud de caracter\u00edsticas invaluables, como la opci\u00f3n de vista r\u00e1pida, el zoom de productos y los botones de intercambio social, todos los cuales agregan un valor inmenso a su presencia en l\u00ednea para su estimada tienda o tienda de beb\u00e9s y le habilitan para establecer sin esfuerzo una huella digital de buena reputaci\u00f3n y cautivadora.<\/p>\n<ul>\n<li>Dise\u00f1o profesional y moderno para un sitio web de una tienda de beb\u00e9s<\/li>\n<li>P\u00e1gina de inicio personalizable con varias secciones para productos destacados, categor\u00edas y promociones<\/li>\n<li>Navegaci\u00f3n f\u00e1cil con men\u00fas desplegables y opciones de filtro para navegar productos<\/li>\n<li>Funci\u00f3n de blog incorporada para compartir consejos y noticias para padres<\/li>\n<li>Dise\u00f1o de respuesta m\u00f3vil para una visualizaci\u00f3n \u00f3ptima en todos los dispositivos<\/li>\n<li>Integraci\u00f3n con plataformas populares de comercio electr\u00f3nico como WooCommerce y Shopify<\/li>\n<li>M\u00faltiples esquemas de color y fuentes personalizadas para la marca<\/li>\n<li>Equipo de soporte dedicado para cualquier problema t\u00e9cnico y pregunta<\/li>\n<li>Compatible con constructores de p\u00e1ginas populares como Elementor y Beaver Builder para nuevas opciones de personalizaci\u00f3n.<\/li>\n<\/ul>\n","protected":false},"excerpt":{"rendered":"<p>Descubra la magia de la infancia con nuestra encantadora tienda de Cocco Kids y Baby Shop. Dise\u00f1ado para traer una sonrisa a la cara de su hijo, este tema est\u00e1 lleno de colores vibrantes, dise\u00f1os l\u00fadicos y una interfaz f\u00e1cil de usar. Explore una amplia gama de ropa, juguetes, muebles y elementos esenciales para beb\u00e9s, todo curado para satisfacer las necesidades de su peque\u00f1o. Con nuestra tienda en l\u00ednea, puede encontrar todo lo que necesita para su hijo, desde la comodidad de su hogar. El tema tambi\u00e9n proporciona una f\u00e1cil navegaci\u00f3n, asegurando una experiencia de compra perfecta para los padres. Con el tema de Cocco Kids Store y Baby Shop, comprar a su hijo se convierte en una experiencia encantadora. Sum\u00e9rgete y explora un mundo de asombro y alegr\u00eda para tus peque\u00f1os. El tema no solo es visualmente atractivo, sino que tambi\u00e9n garantiza una experiencia de compra segura con sus caracter\u00edsticas avanzadas de seguridad. \u00danase a nosotros y cree recuerdos inolvidables con sus hijos.<\/p>\n","protected":false},"featured_media":165639,"comment_status":"open","ping_status":"open","template":"","meta":[],"product_brand":[2337],"product_cat":[1263,1469,1237],"product_tag":[1391],"class_list":{"0":"post-115170","1":"product","2":"type-product","3":"status-publish","4":"has-post-thumbnail","6":"product_brand-themeforest","7":"product_cat-comercio-electronico-temas","8":"product_cat-creativo-comercio-electronico-temas","9":"product_cat-temas","10":"product_tag-themeforest","11":"member-discount","12":"discount-restricted","14":"first","15":"instock","16":"sale","17":"downloadable","18":"virtual","19":"sold-individually","20":"purchasable","21":"product-type-simple"},"_links":{"self":[{"href":"https:\/\/gpl-love.com\/es\/wp-json\/wp\/v2\/product\/115170","targetHints":{"allow":["GET"]}}],"collection":[{"href":"https:\/\/gpl-love.com\/es\/wp-json\/wp\/v2\/product"}],"about":[{"href":"https:\/\/gpl-love.com\/es\/wp-json\/wp\/v2\/types\/product"}],"replies":[{"embeddable":true,"href":"https:\/\/gpl-love.com\/es\/wp-json\/wp\/v2\/comments?post=115170"}],"wp:featuredmedia":[{"embeddable":true,"href":"https:\/\/gpl-love.com\/es\/wp-json\/wp\/v2\/media\/165639"}],"wp:attachment":[{"href":"https:\/\/gpl-love.com\/es\/wp-json\/wp\/v2\/media?parent=115170"}],"wp:term":[{"taxonomy":"product_brand","embeddable":true,"href":"https:\/\/gpl-love.com\/es\/wp-json\/wp\/v2\/product_brand?post=115170"},{"taxonomy":"product_cat","embeddable":true,"href":"https:\/\/gpl-love.com\/es\/wp-json\/wp\/v2\/product_cat?post=115170"},{"taxonomy":"product_tag","embeddable":true,"href":"https:\/\/gpl-love.com\/es\/wp-json\/wp\/v2\/product_tag?post=115170"}],"curies":[{"name":"wp","href":"https:\/\/api.w.org\/{rel}","templated":true}]}}