{"id":115168,"date":"2025-11-14T00:00:00","date_gmt":"2025-11-14T05:00:00","guid":{"rendered":"http:\/\/gpl-love.com\/es\/producto\/thallo-consulting-y-finance-wordpress-theme\/"},"modified":"2026-03-13T17:30:43","modified_gmt":"2026-03-13T22:30:43","slug":"thallo-consulting-y-finance-wordpress-theme","status":"publish","type":"product","link":"https:\/\/gpl-love.com\/es\/producto\/thallo-consulting-y-finance-wordpress-theme\/","title":{"rendered":"Thallo Consulting y Finance WordPress Theme 1.1.9"},"content":{"rendered":"<h3>Thallo Consulting y Finance WordPress Theme Caracteristicas<\/h3>\n<p>El tema de Thallo Consulting and Finance WordPress es un tema excepcional que ha sido meticulosamente dise\u00f1ado para atender a las empresas que operan en los sectores de consultor\u00eda y finanzas. Con un nivel incomparable de sofisticaci\u00f3n, este tema ofrece a las empresas la oportunidad de exhibir sus servicios y experiencia con un toque de profesionalismo y modernidad. Con una amplia gama de caracter\u00edsticas a su disposici\u00f3n, que incluye una variedad de dise\u00f1os de p\u00e1gina de inicio, encabezados y pies de p\u00e1gina que se pueden adaptar para adaptarse a las preferencias individuales y un constructor de p\u00e1ginas de arrastre y drogas f\u00e1ciles de usar, las empresas pueden construir sin esfuerzo un sitio web que es Ambos visualmente cautivadores y f\u00e1cilmente navegables. Adem\u00e1s, el tema de WordPress de Thallo Consulting and Finance viene equipado con plantillas preconstruidas espec\u00edficamente para p\u00e1ginas de servicio, p\u00e1ginas de proyectos y p\u00e1ginas de equipo, racionalizando as\u00ed el proceso de creaci\u00f3n del sitio web y garantizando una presencia en l\u00ednea pulida y refinada. La respuesta completa del tema garantiza que exudar\u00e1 excelencia en todos los dispositivos. Al aprovechar el poder del tema de WordPress de Thallo Consulting and Finance, las empresas pueden establecer una s\u00f3lida presencia en l\u00ednea que seguramente impresionar\u00e1 a su clientela y impulsar\u00e1 su crecimiento.<\/p>\n<ul>\n<li>Un tema de WordPress dise\u00f1ado a medida para sitios web de consultor\u00eda y financiaci\u00f3n<\/li>\n<li>Un dise\u00f1o limpio y moderno que es f\u00e1cil de navegar<\/li>\n<li>Caracter\u00edsticas personalizables, que incluyen fuentes, colores y opciones de dise\u00f1o<\/li>\n<li>Formularios de contacto integrados y programaci\u00f3n de citas<\/li>\n<li>Compatible con complementos populares, como WooCommerce y Yoast SEO<\/li>\n<li>Dise\u00f1o amigable para dispositivos m\u00f3viles para una visualizaci\u00f3n \u00f3ptima en todos los dispositivos<\/li>\n<li>Optimizaci\u00f3n de motores de b\u00fasqueda incorporado para una mejor clasificaci\u00f3n del sitio web<\/li>\n<li>Acceso a documentaci\u00f3n integral y atenci\u00f3n al cliente<\/li>\n<li>Importar de demostraci\u00f3n de un solo clic para una f\u00e1cil configuraci\u00f3n y personalizaci\u00f3n<\/li>\n<li>Actualizaciones y mejoras regulares para garantizar la funcionalidad y la compatibilidad continuas<\/li>\n<\/ul>\n","protected":false},"excerpt":{"rendered":"<p>El tema de WordPress de Thallo Consulting and Finance, meticulosamente elaborado para satisfacer las necesidades de las empresas que operan en la industria financiera y consultora, incorpora un sentido de profesionalismo y contemporaneidad. Con una gran cantidad de caracter\u00edsticas robustas, incluida la capacidad de personalizar los widgets, un dise\u00f1o altamente adaptable y receptivo, as\u00ed como una multitud de opciones de dise\u00f1o de p\u00e1gina, este tema sirve como una herramienta invaluable para facilitar la creaci\u00f3n de una presencia en l\u00ednea visualmente llamativa para su presencia en l\u00ednea visualmente. Enterprise estimada. Distinguido por su dise\u00f1o refinado y ordenado, Thallo indudablemente deja una impresi\u00f3n indeleble en sus estimados visitantes, posicionando efectivamente su marca como un corte por encima del resto en un mercado cada vez m\u00e1s competitivo.<\/p>\n","protected":false},"featured_media":167700,"comment_status":"open","ping_status":"open","template":"","meta":[],"product_brand":[2337],"product_cat":[1307,1237,1238],"product_tag":[1391],"class_list":{"0":"post-115168","1":"product","2":"type-product","3":"status-publish","4":"has-post-thumbnail","6":"product_brand-themeforest","7":"product_cat-negocio-wordpress-temas","8":"product_cat-temas","9":"product_cat-wordpress-temas","10":"product_tag-themeforest","11":"member-discount","12":"discount-restricted","14":"first","15":"instock","16":"sale","17":"downloadable","18":"virtual","19":"sold-individually","20":"purchasable","21":"product-type-simple"},"_links":{"self":[{"href":"https:\/\/gpl-love.com\/es\/wp-json\/wp\/v2\/product\/115168","targetHints":{"allow":["GET"]}}],"collection":[{"href":"https:\/\/gpl-love.com\/es\/wp-json\/wp\/v2\/product"}],"about":[{"href":"https:\/\/gpl-love.com\/es\/wp-json\/wp\/v2\/types\/product"}],"replies":[{"embeddable":true,"href":"https:\/\/gpl-love.com\/es\/wp-json\/wp\/v2\/comments?post=115168"}],"wp:featuredmedia":[{"embeddable":true,"href":"https:\/\/gpl-love.com\/es\/wp-json\/wp\/v2\/media\/167700"}],"wp:attachment":[{"href":"https:\/\/gpl-love.com\/es\/wp-json\/wp\/v2\/media?parent=115168"}],"wp:term":[{"taxonomy":"product_brand","embeddable":true,"href":"https:\/\/gpl-love.com\/es\/wp-json\/wp\/v2\/product_brand?post=115168"},{"taxonomy":"product_cat","embeddable":true,"href":"https:\/\/gpl-love.com\/es\/wp-json\/wp\/v2\/product_cat?post=115168"},{"taxonomy":"product_tag","embeddable":true,"href":"https:\/\/gpl-love.com\/es\/wp-json\/wp\/v2\/product_tag?post=115168"}],"curies":[{"name":"wp","href":"https:\/\/api.w.org\/{rel}","templated":true}]}}