{"id":115119,"date":"2021-07-11T00:00:00","date_gmt":"2021-07-11T05:00:00","guid":{"rendered":"http:\/\/gpl-love.com\/es\/?post_type=product&#038;p=115119"},"modified":"2026-03-09T07:18:18","modified_gmt":"2026-03-09T12:18:18","slug":"appender-copycat-content-protection-para-wordpress","status":"publish","type":"product","link":"https:\/\/gpl-love.com\/es\/producto\/appender-copycat-content-protection-para-wordpress\/","title":{"rendered":"Appender Copycat Content Protection para WordPress 1.0.3"},"content":{"rendered":"<h3>Appender Copycat Content Protection para WordPress Caracteristicas<\/h3>\n<p>La protecci\u00f3n de contenido de apertura de apropiadas para WordPress es una soluci\u00f3n inmensamente poderosa que sirve al prop\u00f3sito de salvaguardar el contenido de su sitio web contra cualquier intento de copia o plagio no autorizado. Este complemento excepcional le otorga la capacidad de incorporar a la perfecci\u00f3n un identificador distintivo a su contenido, que posteriormente lo hace arduo que cualquier individuo usurca descaradamente su propiedad intelectual y reclame enga\u00f1osamente como suyo. Equipado con esta notable herramienta, fortalecer\u00e1 sin esfuerzo la protecci\u00f3n de sus esfuerzos creativos y se asegurar\u00e1 de que los frutos de su trabajo no sean explotados sin duda por otros sin su autorizaci\u00f3n expl\u00edcita. Adem\u00e1s, el proceso de instalaci\u00f3n y configuraci\u00f3n para este complemento es una brisa absoluta, y se integra sin problemas con todos los temas y complementos l\u00edderes de WordPress, dej\u00e1ndolo sin preocupaciones relacionadas con la compatibilidad. Si est\u00e1 buscando fervientemente un medio inquebrantable y altamente eficaz para proteger el contenido de su sitio web, entonces no busque m\u00e1s all\u00e1 de la protecci\u00f3n de contenido de apertura de apropiado para WordPress, una opci\u00f3n realmente sobresaliente que exuda confiabilidad y efectividad inigualable.<\/p>\n<ul>\n<li>Protege el contenido de su sitio de WordPress de ser copiado y pegado en otro lugar<\/li>\n<li>Bloquea la funcionalidad de clic derecho en su sitio para evitar el robo de contenido<\/li>\n<li>Ofrece configuraciones personalizables para satisfacer sus necesidades y preferencias espec\u00edficas<\/li>\n<li>Admite m\u00faltiples idiomas para una audiencia global<\/li>\n<li>F\u00e1cil de instalar y usar, sin necesidad de codificaci\u00f3n<\/li>\n<li>Proporciona registros de actividad detallados para rastrear instancias de intento de robo de contenido<\/li>\n<li>Compatible con una variedad de temas y complementos de WordPress<\/li>\n<li>Ayuda a mejorar el SEO mediante la prevenci\u00f3n de sanciones de contenido duplicada.<\/li>\n<\/ul>\n","protected":false},"excerpt":{"rendered":"<p>Descubra las caracter\u00edsticas innovadoras de la protecci\u00f3n de contenido de apopender a Appender para WordPress, una herramienta que cambia el juego que protege el contenido de su sitio web de ser copiado. Este incre\u00edble complemento de WordPress evita la duplicaci\u00f3n no autorizada y el mal uso de su contenido en l\u00ednea ganado con tanto esfuerzo. Ofrece una protecci\u00f3n integral contra el robo de contenido, que incluye texto, im\u00e1genes y videos, asegurando la seguridad e integridad de su sitio web. Con su interfaz f\u00e1cil de usar, puede administrar y controlar f\u00e1cilmente el acceso a su contenido. Sin esfuerzo, evite hacer clic derecho, selecci\u00f3n de texto e incluso en retraso de sus archivos multimedia. Disfrute de la tranquilidad sabiendo que la protecci\u00f3n del contenido de apopiables est\u00e1 trabajando las 24 horas para proteger su propiedad intelectual. Elija la protecci\u00f3n de contenido de apertura de apropiaci\u00f3n para WordPress hoy y le d\u00e9 a su contenido la protecci\u00f3n que merece.<\/p>\n","protected":false},"featured_media":165381,"comment_status":"open","ping_status":"open","template":"","meta":[],"product_brand":[2339],"product_cat":[1214,1206,1211],"product_tag":[1256],"class_list":{"0":"post-115119","1":"product","2":"type-product","3":"status-publish","4":"has-post-thumbnail","6":"product_brand-codecanyon","7":"product_cat-personalizacion","8":"product_cat-plugins","9":"product_cat-wordpress-plugins","10":"product_tag-codecanyon","11":"member-discount","12":"discount-restricted","14":"first","15":"instock","16":"sale","17":"downloadable","18":"virtual","19":"sold-individually","20":"purchasable","21":"product-type-simple"},"_links":{"self":[{"href":"https:\/\/gpl-love.com\/es\/wp-json\/wp\/v2\/product\/115119","targetHints":{"allow":["GET"]}}],"collection":[{"href":"https:\/\/gpl-love.com\/es\/wp-json\/wp\/v2\/product"}],"about":[{"href":"https:\/\/gpl-love.com\/es\/wp-json\/wp\/v2\/types\/product"}],"replies":[{"embeddable":true,"href":"https:\/\/gpl-love.com\/es\/wp-json\/wp\/v2\/comments?post=115119"}],"wp:featuredmedia":[{"embeddable":true,"href":"https:\/\/gpl-love.com\/es\/wp-json\/wp\/v2\/media\/165381"}],"wp:attachment":[{"href":"https:\/\/gpl-love.com\/es\/wp-json\/wp\/v2\/media?parent=115119"}],"wp:term":[{"taxonomy":"product_brand","embeddable":true,"href":"https:\/\/gpl-love.com\/es\/wp-json\/wp\/v2\/product_brand?post=115119"},{"taxonomy":"product_cat","embeddable":true,"href":"https:\/\/gpl-love.com\/es\/wp-json\/wp\/v2\/product_cat?post=115119"},{"taxonomy":"product_tag","embeddable":true,"href":"https:\/\/gpl-love.com\/es\/wp-json\/wp\/v2\/product_tag?post=115119"}],"curies":[{"name":"wp","href":"https:\/\/api.w.org\/{rel}","templated":true}]}}