{"id":115115,"date":"2026-02-06T00:00:00","date_gmt":"2026-02-06T05:00:00","guid":{"rendered":"http:\/\/gpl-love.com\/es\/?post_type=product&#038;p=115115"},"modified":"2026-04-10T11:18:57","modified_gmt":"2026-04-10T16:18:57","slug":"newspaper-y-magazine-newsmag-wordpress-theme","status":"publish","type":"product","link":"https:\/\/gpl-love.com\/es\/producto\/newspaper-y-magazine-newsmag-wordpress-theme\/","title":{"rendered":"Newspaper y Magazine Newsmag WordPress Theme 5.4.3.5"},"content":{"rendered":"<h3>Newspaper y Magazine Newsmag WordPress Theme Caracteristicas<\/h3>\n<p>El tema del peri\u00f3dico y la revista WordPress WordPress es un tema incre\u00edblemente robusto y vers\u00e1til que ha sido dise\u00f1ado meticulosamente espec\u00edficamente para satisfacer las necesidades de editores, blogueros y agencias de noticias. Cuenta con un dise\u00f1o sin problemas y contempor\u00e1neo, junto con una extensa variedad de opciones personalizables, lo que lo convierte en la mejor soluci\u00f3n para elaborar sitios web de noticias y revistas de primer nivel y altamente pulidos. Independientemente de si posee una experiencia considerable como periodista experimentado o simplemente se est\u00e1 aventurando en el \u00e1mbito de los blogs, el tema de Newsmag ofrece una variedad excepcional de caracter\u00edsticas que est\u00e1n destinadas a ayudarlo a fabricar contenido convincente e iluminador que cautivar\u00e1 indudablemente a su audiencia, asegurando su compromiso continuo. Este tema est\u00e1 equipado con un dise\u00f1o receptivo, opciones de SEO sofisticadas, as\u00ed como una impresionante colecci\u00f3n de widgets y complementos personalizados, lo que lo convierte en la opci\u00f3n por excelencia para cualquier persona que busque establecer una publicaci\u00f3n o publicaci\u00f3n de revistas en l\u00ednea verdaderamente profesional y de primer nivel.<\/p>\n<ul>\n<li>Proporciona un dise\u00f1o limpio y moderno para peri\u00f3dicos y revistas.<\/li>\n<li>El dise\u00f1o receptivo m\u00f3vil asegura que su sitio web se vea genial en cualquier dispositivo.<\/li>\n<li>P\u00e1gina de inicio personalizable con varias opciones de widgets.<\/li>\n<li>El sistema de gesti\u00f3n de anuncios incorporado le permite monetizar f\u00e1cilmente su sitio web.<\/li>\n<li>Incluye un creador de p\u00e1ginas de arrastrar y soltar para una f\u00e1cil personalizaci\u00f3n.<\/li>\n<li>Compatible con varios complementos populares como WooCommerce y MailChimp.<\/li>\n<li>Navegaci\u00f3n f\u00e1cil e interfaz f\u00e1cil de usar para lectores.<\/li>\n<li>Botones integrados de intercambio de redes sociales para aumentar la presencia en l\u00ednea de su sitio web.<\/li>\n<li>SEO optimizado para una mayor visibilidad en los motores de b\u00fasqueda.<\/li>\n<li>Actualizaciones regulares y atenci\u00f3n al cliente disponibles para garantizar una operaci\u00f3n sencilla del sitio web.<\/li>\n<\/ul>\n","protected":false},"excerpt":{"rendered":"<p>El tema del peri\u00f3dico y la revista WordPress WordPress, con su dise\u00f1o sofisticado pero pr\u00e1ctico, presenta la mejor soluci\u00f3n para sitios web que exigen un toque de elegancia y funcionalidad para su plataforma de noticias o revistas. Este tema demuestra ser una opci\u00f3n ideal para editores, blogueros o incluso due\u00f1os de negocios que buscan exhibir su contenido y cautivar a un p\u00fablico m\u00e1s amplio. Su dise\u00f1o elegante, contempor\u00e1neo y receptivo asegura que su contenido sea f\u00e1cilmente accesible desde cualquier dispositivo, que satisfaga las necesidades de sus diversos lectores. Adem\u00e1s, su interfaz f\u00e1cil de usar y sus opciones de personalizaci\u00f3n robustas permiten una personalizaci\u00f3n sin esfuerzo, lo que le permite infundir su sitio web con un sentido \u00fanico de estilo. Con una variedad de caracter\u00edsticas impresionantes, como el dise\u00f1o de la cuadr\u00edcula, las alternativas deslizantes, las \u00e1reas de widgets e integraci\u00f3n de las redes sociales sin problemas, el tema de WordPress de WordPress del peri\u00f3dico y la revista realmente revela las posibilidades ilimitadas. \u00a1Emp\u00e1rate en tu viaje con Newsmag hoy y eleva tu sitio web a alturas sin precedentes!<\/p>\n","protected":false},"featured_media":166980,"comment_status":"open","ping_status":"open","template":"","meta":[],"product_brand":[2337],"product_cat":[1245,1237,1238],"product_tag":[1391],"class_list":{"0":"post-115115","1":"product","2":"type-product","3":"status-publish","4":"has-post-thumbnail","6":"product_brand-themeforest","7":"product_cat-blog-revista","8":"product_cat-temas","9":"product_cat-wordpress-temas","10":"product_tag-themeforest","11":"member-discount","12":"discount-restricted","14":"first","15":"instock","16":"sale","17":"downloadable","18":"virtual","19":"sold-individually","20":"purchasable","21":"product-type-simple"},"_links":{"self":[{"href":"https:\/\/gpl-love.com\/es\/wp-json\/wp\/v2\/product\/115115","targetHints":{"allow":["GET"]}}],"collection":[{"href":"https:\/\/gpl-love.com\/es\/wp-json\/wp\/v2\/product"}],"about":[{"href":"https:\/\/gpl-love.com\/es\/wp-json\/wp\/v2\/types\/product"}],"replies":[{"embeddable":true,"href":"https:\/\/gpl-love.com\/es\/wp-json\/wp\/v2\/comments?post=115115"}],"wp:featuredmedia":[{"embeddable":true,"href":"https:\/\/gpl-love.com\/es\/wp-json\/wp\/v2\/media\/166980"}],"wp:attachment":[{"href":"https:\/\/gpl-love.com\/es\/wp-json\/wp\/v2\/media?parent=115115"}],"wp:term":[{"taxonomy":"product_brand","embeddable":true,"href":"https:\/\/gpl-love.com\/es\/wp-json\/wp\/v2\/product_brand?post=115115"},{"taxonomy":"product_cat","embeddable":true,"href":"https:\/\/gpl-love.com\/es\/wp-json\/wp\/v2\/product_cat?post=115115"},{"taxonomy":"product_tag","embeddable":true,"href":"https:\/\/gpl-love.com\/es\/wp-json\/wp\/v2\/product_tag?post=115115"}],"curies":[{"name":"wp","href":"https:\/\/api.w.org\/{rel}","templated":true}]}}