{"id":115113,"date":"2021-07-11T00:00:00","date_gmt":"2021-07-11T05:00:00","guid":{"rendered":"http:\/\/gpl-love.com\/es\/?post_type=product&#038;p=115113"},"modified":"2026-04-10T11:22:21","modified_gmt":"2026-04-10T16:22:21","slug":"prowess-fitness-y-gym-theme","status":"publish","type":"product","link":"https:\/\/gpl-love.com\/es\/producto\/prowess-fitness-y-gym-theme\/","title":{"rendered":"Prowess Fitness y Gym Theme 2.0"},"content":{"rendered":"<h3>Prowess Fitness y Gym Theme Caracteristicas<\/h3>\n<p>Prowess Fitness and Gym Theme es una excelente opci\u00f3n para las personas apasionadas por el gimnasio, el estado f\u00edsico y los deportes y que desean establecer un sitio web din\u00e1mico y f\u00e1cil de usar. Este tema cuenta con un dise\u00f1o contempor\u00e1neo y receptivo que muestra efectivamente varios equipos de gimnasia, programas de entrenamiento y rutinas de ejercicio. Adem\u00e1s, gracias a sus dise\u00f1os personalizables, tiene la libertad de personalizar su sitio web de una manera que refleje con precisi\u00f3n la identidad de su marca y se conecta efectivamente con su p\u00fablico objetivo. Adem\u00e1s, este tema incluye un sistema de reserva robusto que facilita la programaci\u00f3n de clases y citas en l\u00ednea, simplificando as\u00ed el proceso para que los clientes se registren para sus servicios excepcionales. Independientemente de si es due\u00f1o de un gimnasio o un negocio de entrenamiento personal, la aptitud f\u00edsica de destreza y el tema del gimnasio proporcionan la muy necesaria flexibilidad y funcionalidad para administrar sin esfuerzo su sitio web y expandir con \u00e9xito su presencia en l\u00ednea.<\/p>\n<ul>\n<li>Tema personalizable de fitness y gimnasio para sitios web de WordPress<\/li>\n<li>Incluye m\u00faltiples plantillas predise\u00f1adas para sitios web de gimnasia y fitness<\/li>\n<li>Dise\u00f1o receptivo que funciona en todos los dispositivos<\/li>\n<li>Optimizado para tiempos de carga r\u00e1pidos y SEO<\/li>\n<li>Se integra con complementos de acondicionamiento f\u00edsico populares como el calendario de WooCommerce, Timetable y Events<\/li>\n<li>Incluye caracter\u00edsticas como horarios de clases, perfiles de entrenador y tablas de precios<\/li>\n<li>Constructor de p\u00e1ginas incorporado para una f\u00e1cil personalizaci\u00f3n<\/li>\n<li>Viene con una amplia documentaci\u00f3n y apoyo del desarrollador<\/li>\n<li>Actualizado regularmente con nuevas caracter\u00edsticas y mejoras basadas en comentarios de los clientes<\/li>\n<li>Perfecto para gimnasios, estudios de fitness, entrenadores personales y clubes de salud<\/li>\n<\/ul>\n","protected":false},"excerpt":{"rendered":"<p>Presentando el tema de fitness y gimnasio de destreza, una soluci\u00f3n integral y abarrotada adaptada espec\u00edficamente para los entusiastas del fitness, los propietarios de gimnasios y los entrenadores personales que buscan establecer una presencia en l\u00ednea pulida y cautivadora. Este tema intrincadamente dise\u00f1ado cuenta con un dise\u00f1o sofisticado y contempor\u00e1neo, aumentado por una variedad de caracter\u00edsticas personalizables dise\u00f1adas meticulosamente para mostrar de manera efectiva sus instalaciones de gimnasia, servicios y programas de acondicionamiento f\u00edsico. A trav\u00e9s de su interfaz intuitiva, el tema de fitness y el gimnasio de Prowess integra perfectamente horarios de entrenamiento incorporados, diversas opciones de membres\u00eda y perfiles integrales de capacitadores, proporcion\u00e1ndole un conjunto de herramientas que abarca todo lo que atiende a todas las facetas de la atracci\u00f3n del cliente, el compromiso y la retenci\u00f3n . Ya sea que se est\u00e9 embarcando en una aventura de fitness incipiente o que se esfuerce por elevar la prominencia de su marca de acondicionamiento f\u00edsico existente, la aptitud f\u00edsica de destreza y el tema del gimnasio est\u00e1n listas para cumplir y superar todas sus expectativas y requisitos.<\/p>\n","protected":false},"featured_media":167277,"comment_status":"open","ping_status":"open","template":"","meta":[],"product_brand":[2337],"product_cat":[1267,1237,1238],"product_tag":[1391],"class_list":{"0":"post-115113","1":"product","2":"type-product","3":"status-publish","4":"has-post-thumbnail","6":"product_brand-themeforest","7":"product_cat-creativo","8":"product_cat-temas","9":"product_cat-wordpress-temas","10":"product_tag-themeforest","11":"member-discount","12":"discount-restricted","14":"first","15":"instock","16":"sale","17":"downloadable","18":"virtual","19":"sold-individually","20":"purchasable","21":"product-type-simple"},"_links":{"self":[{"href":"https:\/\/gpl-love.com\/es\/wp-json\/wp\/v2\/product\/115113","targetHints":{"allow":["GET"]}}],"collection":[{"href":"https:\/\/gpl-love.com\/es\/wp-json\/wp\/v2\/product"}],"about":[{"href":"https:\/\/gpl-love.com\/es\/wp-json\/wp\/v2\/types\/product"}],"replies":[{"embeddable":true,"href":"https:\/\/gpl-love.com\/es\/wp-json\/wp\/v2\/comments?post=115113"}],"wp:featuredmedia":[{"embeddable":true,"href":"https:\/\/gpl-love.com\/es\/wp-json\/wp\/v2\/media\/167277"}],"wp:attachment":[{"href":"https:\/\/gpl-love.com\/es\/wp-json\/wp\/v2\/media?parent=115113"}],"wp:term":[{"taxonomy":"product_brand","embeddable":true,"href":"https:\/\/gpl-love.com\/es\/wp-json\/wp\/v2\/product_brand?post=115113"},{"taxonomy":"product_cat","embeddable":true,"href":"https:\/\/gpl-love.com\/es\/wp-json\/wp\/v2\/product_cat?post=115113"},{"taxonomy":"product_tag","embeddable":true,"href":"https:\/\/gpl-love.com\/es\/wp-json\/wp\/v2\/product_tag?post=115113"}],"curies":[{"name":"wp","href":"https:\/\/api.w.org\/{rel}","templated":true}]}}