{"id":115111,"date":"2025-11-14T00:00:00","date_gmt":"2025-11-14T05:00:00","guid":{"rendered":"http:\/\/gpl-love.com\/es\/?post_type=product&#038;p=115111"},"modified":"2026-03-09T08:04:58","modified_gmt":"2026-03-09T13:04:58","slug":"sales-countdown-timer-para-woocommerce-y-wordpress","status":"publish","type":"product","link":"https:\/\/gpl-love.com\/es\/producto\/sales-countdown-timer-para-woocommerce-y-wordpress\/","title":{"rendered":"Sales Countdown Timer para WooCommerce y WordPress 1.1.8"},"content":{"rendered":"<h3>Sales Countdown Timer para WooCommerce y WordPress Caracteristicas<\/h3>\n<p>El temporizador de cuenta regresiva de ventas para WooCommerce y WordPress sirve como una herramienta de marketing formidable, inculcando efectivamente un sentido de urgencia en compradores potenciales y, por lo tanto, reforza las ventas de comerciantes en l\u00ednea. Este notable complemento brinda la oportunidad de exhibir un temporizador de cuenta regresiva en las p\u00e1ginas de productos, marcando meticulosamente el tiempo restante hasta la conclusi\u00f3n de una venta o promoci\u00f3n. Adem\u00e1s, este temporizador se puede personalizar para alinearse con la identidad de su marca y se puede programar para iniciar y cesar la operaci\u00f3n en momentos espec\u00edficamente designados. La evidencia emp\u00edrica que justifica la eficacia de este complemento para aumentar las conversiones y la propuesta de ventas lo convierte en un activo indispensable para cualquier propietario de la tienda de comercio electr\u00f3nico. Armado con el temporizador de cuenta regresiva de ventas para WooCommerce y WordPress, posee la capacidad de crear ofertas atractivas que impulsen a sus clientes a la acci\u00f3n, lo que los obliga a adquirir sus productos.<\/p>\n<ul>\n<li>Agrega un sentido de urgencia a sus p\u00e1ginas de productos con un temporizador de cuenta regresiva de ventas en vivo<\/li>\n<li>Totalmente personalizable para que coincida con el dise\u00f1o y la marca de su sitio<\/li>\n<li>Instalaci\u00f3n e integraci\u00f3n f\u00e1cil con plataformas WooCommerce y WordPress<\/li>\n<li>M\u00faltiples opciones de visualizaci\u00f3n disponibles para satisfacer sus necesidades<\/li>\n<li>Ayuda a aumentar las conversiones y aumentar las ventas al alentar a los compradores a actuar r\u00e1pidamente<\/li>\n<li>Restablece autom\u00e1ticamente el temporizador de cuenta regresiva para cada nueva venta<\/li>\n<li>Opci\u00f3n para ocultar el temporizador cuando el stock de productos cae por debajo de cierto umbral<\/li>\n<li>Compatible con dispositivos m\u00f3viles para una experiencia de usuario \u00f3ptima<\/li>\n<li>Incluye atenci\u00f3n al cliente dedicada para cualquier problema t\u00e9cnico o pregunta.<\/li>\n<\/ul>\n","protected":false},"excerpt":{"rendered":"<p>\u00a1Mejore la participaci\u00f3n del cliente y eleve sus ventas incorporando nuestro complemento de temporizador de cuenta regresiva de ventas dise\u00f1ado espec\u00edficamente para WooCommerce y WordPress! Esta herramienta notable pero sin complicaciones le capacita a integrar sin problemas un reloj de cuenta regresiva en sus p\u00e1ginas de productos, inculcando un profundo sentido de urgencia dentro de los compradores potenciales y los obliga a hacer una compra r\u00e1pidamente antes del inminente agotamiento del tiempo. Ofreciendo una gran cantidad de configuraciones personalizables y un proceso de instalaci\u00f3n f\u00e1cil de usar, este complemento indispensable demuestra inequ\u00edvocamente ser un activo indispensable para cualquier tienda en l\u00ednea con el objetivo de amplificar las conversiones y reforzar las fuentes de ingresos. No pierda el tiempo, aproveche la oportunidad para probar esta soluci\u00f3n incomparable hoy y comience a presenciar resultados notables en muy poco tiempo.<\/p>\n","protected":false},"featured_media":167393,"comment_status":"open","ping_status":"open","template":"","meta":[],"product_brand":[2339],"product_cat":[1214,1206,1211],"product_tag":[1256],"class_list":{"0":"post-115111","1":"product","2":"type-product","3":"status-publish","4":"has-post-thumbnail","6":"product_brand-codecanyon","7":"product_cat-personalizacion","8":"product_cat-plugins","9":"product_cat-wordpress-plugins","10":"product_tag-codecanyon","11":"member-discount","12":"discount-restricted","14":"first","15":"instock","16":"sale","17":"downloadable","18":"virtual","19":"sold-individually","20":"purchasable","21":"product-type-simple"},"_links":{"self":[{"href":"https:\/\/gpl-love.com\/es\/wp-json\/wp\/v2\/product\/115111","targetHints":{"allow":["GET"]}}],"collection":[{"href":"https:\/\/gpl-love.com\/es\/wp-json\/wp\/v2\/product"}],"about":[{"href":"https:\/\/gpl-love.com\/es\/wp-json\/wp\/v2\/types\/product"}],"replies":[{"embeddable":true,"href":"https:\/\/gpl-love.com\/es\/wp-json\/wp\/v2\/comments?post=115111"}],"wp:featuredmedia":[{"embeddable":true,"href":"https:\/\/gpl-love.com\/es\/wp-json\/wp\/v2\/media\/167393"}],"wp:attachment":[{"href":"https:\/\/gpl-love.com\/es\/wp-json\/wp\/v2\/media?parent=115111"}],"wp:term":[{"taxonomy":"product_brand","embeddable":true,"href":"https:\/\/gpl-love.com\/es\/wp-json\/wp\/v2\/product_brand?post=115111"},{"taxonomy":"product_cat","embeddable":true,"href":"https:\/\/gpl-love.com\/es\/wp-json\/wp\/v2\/product_cat?post=115111"},{"taxonomy":"product_tag","embeddable":true,"href":"https:\/\/gpl-love.com\/es\/wp-json\/wp\/v2\/product_tag?post=115111"}],"curies":[{"name":"wp","href":"https:\/\/api.w.org\/{rel}","templated":true}]}}