{"id":115109,"date":"2026-02-18T00:00:00","date_gmt":"2026-02-18T05:00:00","guid":{"rendered":"http:\/\/gpl-love.com\/es\/?post_type=product&#038;p=115109"},"modified":"2026-04-10T11:27:13","modified_gmt":"2026-04-10T16:27:13","slug":"tasty-pins-optimize-para-pinterest-seo-y-screenreaders","status":"publish","type":"product","link":"https:\/\/gpl-love.com\/es\/producto\/tasty-pins-optimize-para-pinterest-seo-y-screenreaders\/","title":{"rendered":"Tasty Pins 2.4.2"},"content":{"rendered":"<h3>Tasty Pins Caracteristicas<\/h3>\n<p>Tasty Pins, una herramienta ingeniosa, ha sido meticulosamente elaborada para ayudar a los bloggers y propietarios de sitios web a mejorar su contenido para Pinterest SEO y lectores de pantalla. Este complemento notablemente potente le permite incorporar sin esfuerzo descripciones de pinterest ocultas, t\u00edtulos y etiquetas en sus im\u00e1genes, lo que las hace muy descubribles y compartibles en la plataforma. Adem\u00e1s, los alfileres sabrosos garantizan que los usuarios con discapacidad visual puedan acceder a su contenido al agregar el texto alternativo a sus im\u00e1genes, fomentando as\u00ed un entorno de inclusi\u00f3n y facilidad de uso en su sitio. Ya sea que su objetivo es reforzar su visibilidad en Pinterest o mejorar la accesibilidad en su sitio web, los alfileres sabrosos surgen como la elecci\u00f3n por excelencia para usted.<\/p>\n<ul>\n<li>Mejora de Pinterest SEO agregando descripciones espec\u00edficas de Pinterest ocultas a las im\u00e1genes<\/li>\n<li>Aumenta la probabilidad de que su contenido se descubra en Pinterest agregando texto y descripciones alternativas de SEO<\/li>\n<li>Hace que su contenido sea m\u00e1s accesible para los usuarios con discapacidad visual al proporcionar texto descriptivo para im\u00e1genes que los lectores de pantalla pueden reconocer<\/li>\n<li>Le permite controlar las im\u00e1genes que Pinterest elige mostrar desde su sitio web, d\u00e1ndole m\u00e1s control sobre la imagen de su marca<\/li>\n<li>Simplifica el proceso de optimizaci\u00f3n de sus im\u00e1genes para Pinterest, incluso si tiene poca experiencia con SEO<\/li>\n<li>Le ayuda a crear una identidad visual consistente en sus tableros de Pinterest proporcionando una forma directa de agregar descripciones personalizadas a sus im\u00e1genes.<\/li>\n<li>Compatible con la mayor\u00eda de los sitios web y plataformas, incluidos WordPress, Shopify y Squarespace, entre otros<\/li>\n<li>En general, Tasty Pins es una herramienta esencial para cualquiera que quiera mejorar su presencia de Pinterest y llegar a un p\u00fablico m\u00e1s amplio a trav\u00e9s de las redes sociales. Con su interfaz f\u00e1cil de usar, potentes capacidades de optimizaci\u00f3n de SEO y soporte para lectores de pantalla, es imprescindible para cualquier persona en serio sobre su presencia en l\u00ednea.<\/li>\n<\/ul>\n","protected":false},"excerpt":{"rendered":"<p>Tasty Pins ofrece una soluci\u00f3n que lo abarca e incomparable para mejorar la optimizaci\u00f3n de motores de b\u00fasqueda (SEO) de su sitio web espec\u00edficamente adaptada a Pinterest, adem\u00e1s de garantizar la compatibilidad con los lectores de pantalla. Al incorporar alfileres sabrosos en su sitio web, obtiene la capacidad sin esfuerzo para incluir sin esfuerzo texto (ALT) y descripciones de Pinterest para sus im\u00e1genes, mejorando significativamente su visibilidad y capacidad de descubrimiento en la plataforma Pinterest, al tiempo que proporciona accesibilidad mejorada para personas con impedimentos visuales. . Adem\u00e1s, sabrosos pines se integra sin problemas con su sitio web existente, eliminando as\u00ed cualquier posible desaf\u00edo u obst\u00e1culos que puedan surgir durante el proceso de implementaci\u00f3n. Por lo tanto, si aspira a elevar su rendimiento de Pinterest y cultiva simult\u00e1neamente un entorno en l\u00ednea m\u00e1s inclusivo, adoptar alfileres sabrosos es inequ\u00edvocamente la opci\u00f3n \u00f3ptima.<\/p>\n","protected":false},"featured_media":167689,"comment_status":"open","ping_status":"open","template":"","meta":[],"product_brand":[2573],"product_cat":[1206,1360,1211],"product_tag":[1835],"class_list":{"0":"post-115109","1":"product","2":"type-product","3":"status-publish","4":"has-post-thumbnail","6":"product_brand-wp-tasty","7":"product_cat-plugins","8":"product_cat-seo","9":"product_cat-wordpress-plugins","10":"product_tag-wp-tasty","11":"member-discount","12":"discount-restricted","14":"first","15":"instock","16":"sale","17":"downloadable","18":"virtual","19":"sold-individually","20":"purchasable","21":"product-type-simple"},"_links":{"self":[{"href":"https:\/\/gpl-love.com\/es\/wp-json\/wp\/v2\/product\/115109","targetHints":{"allow":["GET"]}}],"collection":[{"href":"https:\/\/gpl-love.com\/es\/wp-json\/wp\/v2\/product"}],"about":[{"href":"https:\/\/gpl-love.com\/es\/wp-json\/wp\/v2\/types\/product"}],"replies":[{"embeddable":true,"href":"https:\/\/gpl-love.com\/es\/wp-json\/wp\/v2\/comments?post=115109"}],"wp:featuredmedia":[{"embeddable":true,"href":"https:\/\/gpl-love.com\/es\/wp-json\/wp\/v2\/media\/167689"}],"wp:attachment":[{"href":"https:\/\/gpl-love.com\/es\/wp-json\/wp\/v2\/media?parent=115109"}],"wp:term":[{"taxonomy":"product_brand","embeddable":true,"href":"https:\/\/gpl-love.com\/es\/wp-json\/wp\/v2\/product_brand?post=115109"},{"taxonomy":"product_cat","embeddable":true,"href":"https:\/\/gpl-love.com\/es\/wp-json\/wp\/v2\/product_cat?post=115109"},{"taxonomy":"product_tag","embeddable":true,"href":"https:\/\/gpl-love.com\/es\/wp-json\/wp\/v2\/product_tag?post=115109"}],"curies":[{"name":"wp","href":"https:\/\/api.w.org\/{rel}","templated":true}]}}