{"id":115105,"date":"2026-02-14T00:00:00","date_gmt":"2026-02-14T05:00:00","guid":{"rendered":"http:\/\/gpl-love.com\/es\/?post_type=product&#038;p=115105"},"modified":"2026-04-05T11:15:16","modified_gmt":"2026-04-05T16:15:16","slug":"chauffeur-booking-system-para-wordpress","status":"publish","type":"product","link":"https:\/\/gpl-love.com\/es\/producto\/chauffeur-booking-system-para-wordpress\/","title":{"rendered":"Chauffeur Booking System para WordPress 9.3"},"content":{"rendered":"<h3>Chauffeur Booking System para WordPress Caracteristicas<\/h3>\n<p>El sistema de reserva de chofer para WordPress, siendo un complemento confiable y f\u00e1cil de usar, optimiza efectivamente el proceso de reserva de servicios de chofer. Facilita a las empresas para manejar sin esfuerzo sus reservas y organizar viajes a trav\u00e9s de su sitio web de WordPress. Este sistema proporciona un formulario de reserva personalizable que puede personalizarse para cumplir con los requisitos espec\u00edficos del negocio, junto con un tablero elegante y f\u00e1cil de usar para administrar efectivamente reservas, clientes y conductores. Equipado con caracter\u00edsticas notables, como notificaciones automatizadas por correo electr\u00f3nico, perfiles de clientes integrales y seguimiento de viajes en tiempo real, el sistema de reservas de chofer para WordPress optimiza el procedimiento general de reserva y gesti\u00f3n para empresas y clientes.<\/p>\n<ul>\n<li>Reserve sin esfuerzo un chofer a trav\u00e9s de su sitio web de WordPress<\/li>\n<li>Racionalizaci\u00f3n del proceso de reserva para ahorrarle tiempo<\/li>\n<li>Integraci\u00f3n con varias pasarelas de pago para garantizar un procesamiento de pago seguro<\/li>\n<li>Recibir autom\u00e1ticamente un correo electr\u00f3nico de confirmaci\u00f3n al reservar<\/li>\n<li>Acceso a un tablero f\u00e1cil de usar para una f\u00e1cil gesti\u00f3n de reservas<\/li>\n<li>Funcionalidad GPS para el seguimiento en tiempo real de su chofer<\/li>\n<li>Administrar f\u00e1cilmente las reservas y la disponibilidad a trav\u00e9s de un calendario personalizable<\/li>\n<li>Dise\u00f1o de respuesta m\u00f3vil para f\u00e1cil usar en cualquier dispositivo<\/li>\n<li>Capacidad para personalizar los formularios de reserva para recopilar la informaci\u00f3n necesaria de los pasajeros<\/li>\n<li>Opci\u00f3n para establecer diferentes tarifas para diferentes destinos y tipos de veh\u00edculos<\/li>\n<li>Administre eficientemente los datos del cliente para una f\u00e1cil volver a reservar y marketing oportunidades.<\/li>\n<\/ul>\n","protected":false},"excerpt":{"rendered":"<p>Nuestro sistema de reservas de chofer para WordPress es un poderoso complemento de reserva de limusina dise\u00f1ada espec\u00edficamente para empresas como la suya. Este sistema vers\u00e1til es perfecto para empresas que ofrecen traslados aeroportuarios, transbordadores de hoteles, recorridos tur\u00edsticos y otros servicios con chofer. Es simple de instalar y f\u00e1cil de usar, con una interfaz f\u00e1cil de usar que le permite administrar sin problemas sus reservas, rastrear su flota y programar controladores. Adem\u00e1s, este sistema de reserva es totalmente personalizable y receptivo, lo que significa que se ver\u00e1 muy bien en cualquier dispositivo. Adem\u00e1s, se integra sin problemas con WordPress, por lo que es una excelente opci\u00f3n para su sitio web. Con nuestro sistema de reserva de chofer para WordPress, administrar su negocio de transporte nunca ha sido m\u00e1s f\u00e1cil.<\/p>\n","protected":false},"featured_media":165616,"comment_status":"open","ping_status":"open","template":"","meta":[],"product_brand":[2337],"product_cat":[1214,1206,1211],"product_tag":[1391],"class_list":{"0":"post-115105","1":"product","2":"type-product","3":"status-publish","4":"has-post-thumbnail","6":"product_brand-themeforest","7":"product_cat-personalizacion","8":"product_cat-plugins","9":"product_cat-wordpress-plugins","10":"product_tag-themeforest","11":"member-discount","12":"discount-restricted","14":"first","15":"instock","16":"sale","17":"downloadable","18":"virtual","19":"sold-individually","20":"purchasable","21":"product-type-simple"},"_links":{"self":[{"href":"https:\/\/gpl-love.com\/es\/wp-json\/wp\/v2\/product\/115105","targetHints":{"allow":["GET"]}}],"collection":[{"href":"https:\/\/gpl-love.com\/es\/wp-json\/wp\/v2\/product"}],"about":[{"href":"https:\/\/gpl-love.com\/es\/wp-json\/wp\/v2\/types\/product"}],"replies":[{"embeddable":true,"href":"https:\/\/gpl-love.com\/es\/wp-json\/wp\/v2\/comments?post=115105"}],"wp:featuredmedia":[{"embeddable":true,"href":"https:\/\/gpl-love.com\/es\/wp-json\/wp\/v2\/media\/165616"}],"wp:attachment":[{"href":"https:\/\/gpl-love.com\/es\/wp-json\/wp\/v2\/media?parent=115105"}],"wp:term":[{"taxonomy":"product_brand","embeddable":true,"href":"https:\/\/gpl-love.com\/es\/wp-json\/wp\/v2\/product_brand?post=115105"},{"taxonomy":"product_cat","embeddable":true,"href":"https:\/\/gpl-love.com\/es\/wp-json\/wp\/v2\/product_cat?post=115105"},{"taxonomy":"product_tag","embeddable":true,"href":"https:\/\/gpl-love.com\/es\/wp-json\/wp\/v2\/product_tag?post=115105"}],"curies":[{"name":"wp","href":"https:\/\/api.w.org\/{rel}","templated":true}]}}