{"id":115099,"date":"2021-07-11T00:00:00","date_gmt":"2021-07-11T05:00:00","guid":{"rendered":"http:\/\/gpl-love.com\/es\/?post_type=product&#038;p=115099"},"modified":"2026-04-10T11:23:05","modified_gmt":"2026-04-10T16:23:05","slug":"repair-booking-wordpress-booking-system-para-repair-service-industries","status":"publish","type":"product","link":"https:\/\/gpl-love.com\/es\/producto\/repair-booking-wordpress-booking-system-para-repair-service-industries\/","title":{"rendered":"Repair Booking WordPress booking system para repair service industries 1.4"},"content":{"rendered":"<h3>Repair Booking WordPress booking system para repair service industries Caracteristicas<\/h3>\n<p>La reserva de reparaci\u00f3n, un s\u00f3lido sistema de reservas de WordPress dise\u00f1ado espec\u00edficamente para las industrias de servicios de reparaci\u00f3n, ofrece una gran cantidad de caracter\u00edsticas de vanguardia que son altamente personalizables, lo que permite a las empresas manejar sin esfuerzo sus citas y optimizar sus servicios de reparaci\u00f3n. Esta plataforma vers\u00e1til atiende tanto a talleres de reparaci\u00f3n a peque\u00f1a escala como a grandes empresas, lo que permite una gesti\u00f3n eficiente de los servicios de reparaci\u00f3n y garantizando una experiencia de cliente incomparable. Adem\u00e1s, la integraci\u00f3n de la reserva de reparaci\u00f3n con WordPress garantiza una interfaz perfecta y hecha a medida que se alinee perfectamente con la identidad de su marca. Al aprovechar el poder de la reserva de reparaci\u00f3n, tiene la capacidad de automatizar su proceso de reserva de servicios de reparaci\u00f3n, reducir significativamente las no shows y lograr sin esfuerzo la satisfacci\u00f3n del cliente a trav\u00e9s de servicios de reparaci\u00f3n r\u00e1pidos y eficientes.<\/p>\n<ul>\n<li>Agiliza el proceso de reserva de reparaci\u00f3n para las industrias de servicios<\/li>\n<li>Personalizable para adaptarse a necesidades comerciales espec\u00edficas<\/li>\n<li>Permite a los clientes reservar citas de reparaci\u00f3n en l\u00ednea<\/li>\n<li>Se integra con el sitio web y las plataformas de redes sociales existentes<\/li>\n<li>Proporciona recordatorios de correo electr\u00f3nico autom\u00e1ticos a los clientes<\/li>\n<li>Permite al personal administrar las reservas de reparaci\u00f3n y el progreso<\/li>\n<li>Sistema de informes integral para la evaluaci\u00f3n y mejoras del desempe\u00f1o<\/li>\n<li>Aumenta la eficiencia comercial y la satisfacci\u00f3n del cliente<\/li>\n<li>Compatible con m\u00faltiples dispositivos y navegadores web<\/li>\n<li>Ofrece atenci\u00f3n al cliente receptiva y actualizaciones regulares de software.<\/li>\n<\/ul>\n","protected":false},"excerpt":{"rendered":"<p>El sistema de reserva de WordPress de la reserva de reparaci\u00f3n es una soluci\u00f3n altamente avanzada y abarcadora meticulosamente elaborada para diversas industrias de servicios de reparaci\u00f3n. Este sistema de reserva intuitivo y f\u00e1cil de usar sirve como una herramienta de vanguardia, facilitando la programaci\u00f3n de citas sin esfuerzo, la gesti\u00f3n integral de la reserva y el seguimiento meticuloso de las solicitudes de reparaci\u00f3n tanto para empresas como para sus valiosos clientes. Se jacta de una integraci\u00f3n impecable con su sitio web, lo que le permite personalizar y adaptar el proceso de reserva con precisi\u00f3n seg\u00fan sus requisitos \u00fanicos. Al aprovechar este sistema de vanguardia, puede optimizar sin esfuerzo su proceso de programaci\u00f3n de citas, mejorar significativamente la eficiencia general y minimizar dr\u00e1sticamente la ocurrencia de errores. No pierda el tiempo en la adquisici\u00f3n del sistema de reserva de reserva de WordPress hoy y desbloquea los beneficios incomparables de la reserva automatizada que atiende espec\u00edficamente a las diversas necesidades de su estimada empresa del servicio de reparaci\u00f3n.<\/p>\n","protected":false},"featured_media":167341,"comment_status":"open","ping_status":"open","template":"","meta":[],"product_brand":[2339],"product_cat":[1214,1206,1211],"product_tag":[1256],"class_list":{"0":"post-115099","1":"product","2":"type-product","3":"status-publish","4":"has-post-thumbnail","6":"product_brand-codecanyon","7":"product_cat-personalizacion","8":"product_cat-plugins","9":"product_cat-wordpress-plugins","10":"product_tag-codecanyon","11":"member-discount","12":"discount-restricted","14":"first","15":"instock","16":"sale","17":"downloadable","18":"virtual","19":"sold-individually","20":"purchasable","21":"product-type-simple"},"_links":{"self":[{"href":"https:\/\/gpl-love.com\/es\/wp-json\/wp\/v2\/product\/115099","targetHints":{"allow":["GET"]}}],"collection":[{"href":"https:\/\/gpl-love.com\/es\/wp-json\/wp\/v2\/product"}],"about":[{"href":"https:\/\/gpl-love.com\/es\/wp-json\/wp\/v2\/types\/product"}],"replies":[{"embeddable":true,"href":"https:\/\/gpl-love.com\/es\/wp-json\/wp\/v2\/comments?post=115099"}],"wp:featuredmedia":[{"embeddable":true,"href":"https:\/\/gpl-love.com\/es\/wp-json\/wp\/v2\/media\/167341"}],"wp:attachment":[{"href":"https:\/\/gpl-love.com\/es\/wp-json\/wp\/v2\/media?parent=115099"}],"wp:term":[{"taxonomy":"product_brand","embeddable":true,"href":"https:\/\/gpl-love.com\/es\/wp-json\/wp\/v2\/product_brand?post=115099"},{"taxonomy":"product_cat","embeddable":true,"href":"https:\/\/gpl-love.com\/es\/wp-json\/wp\/v2\/product_cat?post=115099"},{"taxonomy":"product_tag","embeddable":true,"href":"https:\/\/gpl-love.com\/es\/wp-json\/wp\/v2\/product_tag?post=115099"}],"curies":[{"name":"wp","href":"https:\/\/api.w.org\/{rel}","templated":true}]}}