{"id":115078,"date":"2025-10-23T00:00:00","date_gmt":"2025-10-23T05:00:00","guid":{"rendered":"http:\/\/gpl-love.com\/es\/?post_type=product&#038;p=115078"},"modified":"2026-03-13T17:19:51","modified_gmt":"2026-03-13T22:19:51","slug":"egovt-city-government-wordpress-theme","status":"publish","type":"product","link":"https:\/\/gpl-love.com\/es\/producto\/egovt-city-government-wordpress-theme\/","title":{"rendered":"EGovt City Government WordPress Theme 1.6.4"},"content":{"rendered":"<h3>EGovt City Government WordPress Theme Caracteristicas<\/h3>\n<p>El tema de WordPress del gobierno de la ciudad de Egovt se destaca como una plantilla de sitio web excepcional dise\u00f1ada exclusivamente para satisfacer los requisitos \u00fanicos de los gobiernos de la ciudad. Este tema cuenta con una extensa gama de caracter\u00edsticas y funcionalidades que han sido dise\u00f1adas meticulosamente para satisfacer espec\u00edficamente a las intrincadas necesidades de los gobiernos de la ciudad. Entre sus atributos sobresalientes, el tema ofrece una p\u00e1gina de inicio personalizable, varias plantillas de p\u00e1ginas adaptadas exclusivamente para servicios de la ciudad y una compatibilidad de varios idiomas incomparable. Adem\u00e1s, el dise\u00f1o del tema exuda un sentido de modernidad y sofisticaci\u00f3n mientras mantiene un fuerte \u00e9nfasis en la experiencia del usuario y la accesibilidad. En particular, el tema se adapta sin esfuerzo a cualquier tama\u00f1o de pantalla, lo que hace una apariencia impecable en todos los dispositivos. Al aprovechar el poder del tema de WordPress del gobierno de la ciudad egovt, los gobiernos de la ciudad pueden establecer sin esfuerzo un sitio web profesionalmente curado y altamente informativo que aborde efectivamente las diversas necesidades de su comunidad. Esto abarca la difusi\u00f3n perfecta de actualizaciones de noticias pertinentes, la provisi\u00f3n de servicios indispensables y el compromiso activo con sus ciudadanos.<\/p>\n<ul>\n<li>Tema de WordPress personalizable y f\u00e1cil de usar dise\u00f1ado espec\u00edficamente para sitios web del gobierno de la ciudad<\/li>\n<li>El dise\u00f1o receptivo garantiza una experiencia de visualizaci\u00f3n \u00f3ptima en todos los dispositivos<\/li>\n<li>Caracter\u00edsticas incorporadas para exhibir calendarios, agendas y pr\u00f3ximos eventos<\/li>\n<li>Integraci\u00f3n con complementos populares como WooCommerce y el Formulario de contacto 7 para una funcionalidad sin problemas<\/li>\n<li>M\u00faltiples plantillas de p\u00e1gina, incluidas la p\u00e1gina de inicio, los servicios, los departamentos y las noticias<\/li>\n<li>Capacidades de b\u00fasqueda avanzada para una f\u00e1cil navegaci\u00f3n y accesibilidad a la informaci\u00f3n<\/li>\n<li>Formularios de informes gubernamentales incorporados para una f\u00e1cil presentaci\u00f3n y seguimiento de solicitudes y quejas<\/li>\n<li>Integraci\u00f3n de las redes sociales para un f\u00e1cil intercambio y compromiso con los ciudadanos<\/li>\n<li>Personalizaci\u00f3n f\u00e1cil mediante el uso de constructores de p\u00e1ginas de arrastrar y soltar<\/li>\n<li>Caracter\u00edsticas de seguridad robustas para garantizar la seguridad de los datos del gobierno confidencial<\/li>\n<li>Acceso a atenci\u00f3n al cliente dedicada y actualizaciones frecuentes para garantizar la compatibilidad con las \u00faltimas actualizaciones de WordPress.<\/li>\n<\/ul>\n","protected":false},"excerpt":{"rendered":"<p>El tema de WordPress del gobierno de la ciudad de Egovt es un tema muy robusto y f\u00e1cil de usar meticulosamente elaborado exclusivamente para los gobiernos de la ciudad. Con la utilizaci\u00f3n de este tema, tiene la capacidad de construir sin esfuerzo un sitio web supremamente sofisticado y cautivador que muestra impecablemente la extensa gama de servicios, noticias innovadoras, pr\u00f3ximos eventos de importancia primordial y una variedad de otra informaci\u00f3n vital. El tema cuenta con un dise\u00f1o de vanguardia y notablemente receptivo, que le ofrece el privilegio de personalizar los esquemas de color de acuerdo con sus preferencias, una amplia selecci\u00f3n de m\u00faltiples plantillas de p\u00e1gina y una variedad de widgets incrustados para una integraci\u00f3n sin costura. Adem\u00e1s, el tema de WordPress del gobierno de la ciudad de Egovt est\u00e1 equipado con un panel de administraci\u00f3n asombrosamente intuitivo, produciendo una conveniencia absoluta en la gesti\u00f3n y actualizaci\u00f3n del contenido de su sitio web. Ya sea que aspire a promover efectivamente las atracciones atractivas de su ciudad, fomente una profunda conexi\u00f3n con sus estimados ciudadanos o difunde la informaci\u00f3n crucial que son de suma importancia, el tema de la WordPress del gobierno de la ciudad de egovt realmente emerge como la soluci\u00f3n quintaessial que cumple con todos estos requisitos en un manera ejemplar.<\/p>\n","protected":false},"featured_media":165921,"comment_status":"open","ping_status":"open","template":"","meta":[],"product_brand":[2337],"product_cat":[1267,1237,1238],"product_tag":[1391],"class_list":{"0":"post-115078","1":"product","2":"type-product","3":"status-publish","4":"has-post-thumbnail","6":"product_brand-themeforest","7":"product_cat-creativo","8":"product_cat-temas","9":"product_cat-wordpress-temas","10":"product_tag-themeforest","11":"member-discount","12":"discount-restricted","14":"first","15":"instock","16":"sale","17":"downloadable","18":"virtual","19":"sold-individually","20":"purchasable","21":"product-type-simple"},"_links":{"self":[{"href":"https:\/\/gpl-love.com\/es\/wp-json\/wp\/v2\/product\/115078","targetHints":{"allow":["GET"]}}],"collection":[{"href":"https:\/\/gpl-love.com\/es\/wp-json\/wp\/v2\/product"}],"about":[{"href":"https:\/\/gpl-love.com\/es\/wp-json\/wp\/v2\/types\/product"}],"replies":[{"embeddable":true,"href":"https:\/\/gpl-love.com\/es\/wp-json\/wp\/v2\/comments?post=115078"}],"wp:featuredmedia":[{"embeddable":true,"href":"https:\/\/gpl-love.com\/es\/wp-json\/wp\/v2\/media\/165921"}],"wp:attachment":[{"href":"https:\/\/gpl-love.com\/es\/wp-json\/wp\/v2\/media?parent=115078"}],"wp:term":[{"taxonomy":"product_brand","embeddable":true,"href":"https:\/\/gpl-love.com\/es\/wp-json\/wp\/v2\/product_brand?post=115078"},{"taxonomy":"product_cat","embeddable":true,"href":"https:\/\/gpl-love.com\/es\/wp-json\/wp\/v2\/product_cat?post=115078"},{"taxonomy":"product_tag","embeddable":true,"href":"https:\/\/gpl-love.com\/es\/wp-json\/wp\/v2\/product_tag?post=115078"}],"curies":[{"name":"wp","href":"https:\/\/api.w.org\/{rel}","templated":true}]}}