{"id":115074,"date":"2024-03-12T00:00:00","date_gmt":"2024-03-12T05:00:00","guid":{"rendered":"http:\/\/gpl-love.com\/es\/?post_type=product&#038;p=115074"},"modified":"2026-04-10T11:20:42","modified_gmt":"2026-04-10T16:20:42","slug":"pageloader-wordpress-preloader-y-progress-bar","status":"publish","type":"product","link":"https:\/\/gpl-love.com\/es\/producto\/pageloader-wordpress-preloader-y-progress-bar\/","title":{"rendered":"PageLoader WordPress Preloader y Progress Bar 4.6"},"content":{"rendered":"<h3>PageLoader WordPress Preloader y Progress Bar Caracteristicas<\/h3>\n<p>Pageloader WordPress Preloader and Progress Bar es un complemento incre\u00edblemente robusto y efectivo que est\u00e1 espec\u00edficamente dise\u00f1ado para ayudarlo a crear una precarga y una barra de progreso cautivadora y dise\u00f1ada profesionalmente para su sitio web. Este notable complemento le otorga la capacidad de personalizar sin esfuerzo su precarga y barra de progreso para armonizar con el estilo y el dise\u00f1o \u00fanicos de su marca. Adem\u00e1s, este complemento ofrece una amplia gama de caracter\u00edsticas, como la capacidad de seleccionar entre una amplia variedad de animaciones, colores y fondos precargadores. Adem\u00e1s, le permite incorporar texto personalizado, im\u00e1genes o incluso videos en la pantalla de precarga. Adem\u00e1s, el componente de la barra de progreso de este complemento mantiene espl\u00e9ndidamente el compromiso de sus visitantes al mostrar la progresi\u00f3n del proceso de carga de la p\u00e1gina. Para resumir, el Pageloader Pageloader indispensable WordPress Preloader y el complemento de la barra de progreso sirve como una necesidad absoluta para que las personas que aspiran elevar la experiencia general del usuario de su sitio web.<\/p>\n<ul>\n<li>Complemento precargente ligero y f\u00e1cilmente personalizable para sitios web de WordPress<\/li>\n<li>Admite una amplia gama de estilos y animaciones de cargadores para elegir<\/li>\n<li>Muestra una barra de progreso para indicar el progreso de carga de su sitio web<\/li>\n<li>Dise\u00f1o totalmente receptivo que funciona sin problemas en todos los tama\u00f1os de pantalla<\/li>\n<li>Incluye opciones para establecer im\u00e1genes y colores de precarga personalizados para que coincidan con el dise\u00f1o de su sitio web<\/li>\n<li>Compatible con todos los principales navegadores web, asegurando una experiencia de usuario suave y consistente<\/li>\n<li>F\u00e1cil de instalar y configurar, incluso para usuarios no t\u00e9cnicos de WordPress<\/li>\n<li>Mejora la velocidad del sitio web y mejora la participaci\u00f3n del usuario al reducir las tasas de rebote y mejorar los tiempos de carga<\/li>\n<li>Actualizado regularmente con nuevas funciones y mejoras, respaldadas por un equipo dedicado de atenci\u00f3n al cliente<\/li>\n<\/ul>\n","protected":false},"excerpt":{"rendered":"<p>Pageloader, un complemento de precarga y de avances de progreso incre\u00edblemente elegante y notablemente eficiente, ha sido dise\u00f1ado espec\u00edficamente para sitios web de WordPress. Su interfaz f\u00e1cil de usar y la gran cantidad de opciones de dise\u00f1o personalizables que ofrece garantiza que sus visitantes estar\u00e1n cautivados y bien informados durante el proceso de carga de su sitio web. Atr\u00e1s quedaron los d\u00edas de requerir un amplio conocimiento de codificaci\u00f3n o procedimientos de configuraci\u00f3n intensivos y duraderos para lograr una experiencia de usuario m\u00e1s sofisticada y refinada. Aproveche la oportunidad de adquirir Pageloader para WordPress hoy y sumergirse en las capacidades extraordinarias de este complemento notablemente rico en funciones.<\/p>\n","protected":false},"featured_media":167132,"comment_status":"open","ping_status":"open","template":"","meta":[],"product_brand":[2339],"product_cat":[1214,1206,1211],"product_tag":[1256],"class_list":{"0":"post-115074","1":"product","2":"type-product","3":"status-publish","4":"has-post-thumbnail","6":"product_brand-codecanyon","7":"product_cat-personalizacion","8":"product_cat-plugins","9":"product_cat-wordpress-plugins","10":"product_tag-codecanyon","11":"member-discount","12":"discount-restricted","14":"first","15":"instock","16":"sale","17":"downloadable","18":"virtual","19":"sold-individually","20":"purchasable","21":"product-type-simple"},"_links":{"self":[{"href":"https:\/\/gpl-love.com\/es\/wp-json\/wp\/v2\/product\/115074","targetHints":{"allow":["GET"]}}],"collection":[{"href":"https:\/\/gpl-love.com\/es\/wp-json\/wp\/v2\/product"}],"about":[{"href":"https:\/\/gpl-love.com\/es\/wp-json\/wp\/v2\/types\/product"}],"replies":[{"embeddable":true,"href":"https:\/\/gpl-love.com\/es\/wp-json\/wp\/v2\/comments?post=115074"}],"wp:featuredmedia":[{"embeddable":true,"href":"https:\/\/gpl-love.com\/es\/wp-json\/wp\/v2\/media\/167132"}],"wp:attachment":[{"href":"https:\/\/gpl-love.com\/es\/wp-json\/wp\/v2\/media?parent=115074"}],"wp:term":[{"taxonomy":"product_brand","embeddable":true,"href":"https:\/\/gpl-love.com\/es\/wp-json\/wp\/v2\/product_brand?post=115074"},{"taxonomy":"product_cat","embeddable":true,"href":"https:\/\/gpl-love.com\/es\/wp-json\/wp\/v2\/product_cat?post=115074"},{"taxonomy":"product_tag","embeddable":true,"href":"https:\/\/gpl-love.com\/es\/wp-json\/wp\/v2\/product_tag?post=115074"}],"curies":[{"name":"wp","href":"https:\/\/api.w.org\/{rel}","templated":true}]}}