{"id":115068,"date":"2022-07-11T00:00:00","date_gmt":"2022-07-11T05:00:00","guid":{"rendered":"http:\/\/gpl-love.com\/es\/?post_type=product&#038;p=115068"},"modified":"2026-03-13T17:20:41","modified_gmt":"2026-03-13T22:20:41","slug":"exproduct-single-product-theme","status":"publish","type":"product","link":"https:\/\/gpl-love.com\/es\/producto\/exproduct-single-product-theme\/","title":{"rendered":"ExProduct Single Product Theme 1.7.3"},"content":{"rendered":"<h3>ExProduct Single Product Theme Caracteristicas<\/h3>\n<p>Exproduct es un tema \u00fanico de producto \u00fanico est\u00e9ticamente agradable, contempor\u00e1neo y de vanguardia que es ideal para exhibir su producto de manera sofisticada. Este tema pone un fuerte \u00e9nfasis en la simplicidad y el minimalismo, con el objetivo principal de presentar prominentemente su producto, lo que le permite acentuar sus caracter\u00edsticas y ventajas notables. Adem\u00e1s, este tema es totalmente receptivo y meticulosamente optimizado para dispositivos m\u00f3viles, lo que garantiza que su producto parezca impecable en todas las plataformas. Adem\u00e1s, ofrece una amplia gama de opciones de personalizaci\u00f3n, que le brinda la oportunidad de personalizarlo sin esfuerzo para alinearse con su identidad de marca distintiva. Con un arsenal integral de herramientas, como un constructor intuitivo de arrastrar y soltar, widgets personalizables y una s\u00f3lida funcionalidad de comercio electr\u00f3nico, exproducto sirve como un tema notablemente vers\u00e1til e impactante que sin duda reforzar\u00e1 sus figuras de ventas y alimentar\u00e1 el crecimiento de su negocio.<\/p>\n<ul>\n<li>dise\u00f1o elegante y moderno<\/li>\n<li>Totalmente receptivo<\/li>\n<li>F\u00e1cil de personalizar<\/li>\n<li>Compatible con WooCommerce<\/li>\n<li>optimizado para motores de b\u00fasqueda<\/li>\n<li>Variaciones m\u00faltiples de la p\u00e1gina de inicio<\/li>\n<li>Integraci\u00f3n de redes sociales incorporadas<\/li>\n<li>Secci\u00f3n de testimonios de clientes<\/li>\n<li>Opciones de dise\u00f1o flexibles<\/li>\n<li>Documentaci\u00f3n y apoyo extenso<\/li>\n<\/ul>\n","protected":false},"excerpt":{"rendered":"<p>Exproducting Single Product Them es una plantilla meticulosamente elaborada que se ha adaptado espec\u00edficamente para exhibir efectivamente un solo producto. Con una atenci\u00f3n meticulosa al detalle y un dise\u00f1o limpio y simplista, este tema ha sido dise\u00f1ado para llamar la atenci\u00f3n sobre las caracter\u00edsticas y beneficios clave de su producto. Cuenta con una amplia gama de secciones personalizables, asegurando que tenga el control completo sobre la apariencia y la funcionalidad de su p\u00e1gina de productos. Adem\u00e1s, este tema es totalmente receptivo, lo que significa que se adaptar\u00e1 a la perfecci\u00f3n a cualquier tama\u00f1o o dispositivo de pantalla, proporcionando una experiencia de usuario \u00f3ptima para los clientes potenciales. Adem\u00e1s, se integra perfectamente con plataformas populares como WooCommerce, proporcion\u00e1ndole una soluci\u00f3n sin problemas para vender su producto en l\u00ednea. Ya sea que se est\u00e9 embarcando en el emocionante viaje de lanzar un producto nuevo o revitalizar uno existente, el tema \u00fanico del producto Exproduct es la mejor opci\u00f3n para crear una p\u00e1gina de productos cautivadora y atractiva que convertir\u00e1 efectivamente a los visitantes en clientes leales.<\/p>\n","protected":false},"featured_media":166064,"comment_status":"open","ping_status":"open","template":"","meta":[],"product_brand":[2337],"product_cat":[1263,1264,1237],"product_tag":[1391],"class_list":{"0":"post-115068","1":"product","2":"type-product","3":"status-publish","4":"has-post-thumbnail","6":"product_brand-themeforest","7":"product_cat-comercio-electronico-temas","8":"product_cat-negocio","9":"product_cat-temas","10":"product_tag-themeforest","11":"member-discount","12":"discount-restricted","14":"first","15":"instock","16":"sale","17":"downloadable","18":"virtual","19":"sold-individually","20":"purchasable","21":"product-type-simple"},"_links":{"self":[{"href":"https:\/\/gpl-love.com\/es\/wp-json\/wp\/v2\/product\/115068","targetHints":{"allow":["GET"]}}],"collection":[{"href":"https:\/\/gpl-love.com\/es\/wp-json\/wp\/v2\/product"}],"about":[{"href":"https:\/\/gpl-love.com\/es\/wp-json\/wp\/v2\/types\/product"}],"replies":[{"embeddable":true,"href":"https:\/\/gpl-love.com\/es\/wp-json\/wp\/v2\/comments?post=115068"}],"wp:featuredmedia":[{"embeddable":true,"href":"https:\/\/gpl-love.com\/es\/wp-json\/wp\/v2\/media\/166064"}],"wp:attachment":[{"href":"https:\/\/gpl-love.com\/es\/wp-json\/wp\/v2\/media?parent=115068"}],"wp:term":[{"taxonomy":"product_brand","embeddable":true,"href":"https:\/\/gpl-love.com\/es\/wp-json\/wp\/v2\/product_brand?post=115068"},{"taxonomy":"product_cat","embeddable":true,"href":"https:\/\/gpl-love.com\/es\/wp-json\/wp\/v2\/product_cat?post=115068"},{"taxonomy":"product_tag","embeddable":true,"href":"https:\/\/gpl-love.com\/es\/wp-json\/wp\/v2\/product_tag?post=115068"}],"curies":[{"name":"wp","href":"https:\/\/api.w.org\/{rel}","templated":true}]}}