{"id":115064,"date":"2025-01-31T00:00:00","date_gmt":"2025-01-31T05:00:00","guid":{"rendered":"http:\/\/gpl-love.com\/es\/?post_type=product&#038;p=115064"},"modified":"2026-04-10T11:21:59","modified_gmt":"2026-04-10T16:21:59","slug":"premium-wordpress-form-builder-formcraft","status":"publish","type":"product","link":"https:\/\/gpl-love.com\/es\/producto\/premium-wordpress-form-builder-formcraft\/","title":{"rendered":"Premium WordPress Form Builder FormCraft 3.9.14"},"content":{"rendered":"<h3>Premium WordPress Form Builder FormCraft Caracteristicas<\/h3>\n<p>Formcraft, un constructor de formularios de WordPress incre\u00edblemente potente y flexible, le proporciona la capacidad de elaborar meticulosamente formas personalizadas que se alinean perfectamente con su marca y cumplan sus requisitos comerciales espec\u00edficos. Con una interfaz de arrastrar y soltar incre\u00edblemente f\u00e1cil de usar, esta herramienta excepcional le permite incorporar sin esfuerzo campos de forma, personalizar estilos y dise\u00f1os e incluso establecer reglas l\u00f3gicas condicionales sofisticadas que le permitan adaptar la experiencia de formulario a cada usuario individual. Adem\u00e1s, FormCraft ofrece una gran variedad de plantillas predise\u00f1adas e integraciones perfectas con plataformas de marketing por correo electr\u00f3nico muy populares como MailChimp y Aweber. Con su gran cantidad de caracter\u00edsticas premium y una facilidad de uso incomparable, Formcraft se erige como la opci\u00f3n ideal para cualquier individuo que busca producir formas visualmente impresionantes y altamente eficientes en su sitio web de WordPress.<\/p>\n<ul>\n<li>Crear formas personalizadas en WordPress sin ning\u00fan conocimiento de codificaci\u00f3n<\/li>\n<li>M\u00e1s de 20 campos de formulario para elegir, incluidas las cargas de archivos y la l\u00f3gica condicional<\/li>\n<li>Formularios que responden a dispositivos m\u00f3viles que se ven muy bien en cualquier dispositivo<\/li>\n<li>Opciones de estilo avanzado para que coincidan con la marca de su sitio web<\/li>\n<li>Integraci\u00f3n f\u00e1cil con los populares servicios de marketing por correo electr\u00f3nico<\/li>\n<li>An\u00e1lisis y otras caracter\u00edsticas de informes para rastrear el rendimiento<\/li>\n<li>Formularios de varias p\u00e1ginas y barras de progreso para encuestas o cuestionarios m\u00e1s largos<\/li>\n<li>Notificaciones autom\u00e1ticas y confirmaciones para env\u00edos de formulario<\/li>\n<li>GDPR-Compatir con caracter\u00edsticas de privacidad como consentimiento opcional y protecci\u00f3n de datos<\/li>\n<li>Actualizaciones regulares y soporte del equipo de Formcraft.<\/li>\n<\/ul>\n","protected":false},"excerpt":{"rendered":"<p>Formcraft es un builder de formulario de WordPress excepcional que ofrece a los usuarios la capacidad de elaborar formas visualmente impresionantes y altamente adaptables en cuesti\u00f3n de minutos. Con una interfaz de arrastre y ca\u00edda de arrastre sin esfuerzo, las personas pueden incorporar sin esfuerzo una amplia gama de componentes en sus formularios, incluidos, entre otros, campos de texto, casillas de verificaci\u00f3n, botones de radio, men\u00fas desplegables y m\u00e1s. Adem\u00e1s, las opciones de personalizaci\u00f3n disponibles permiten a los usuarios armonizar sin problemas la apariencia y el ambiente de sus formas con el dise\u00f1o general de su sitio web, asegurando as\u00ed una experiencia visual consistente y cohesiva. Adem\u00e1s, la inclusi\u00f3n de funcionalidades avanzadas, como la l\u00f3gica condicional y las formas de m\u00faltiples p\u00e1ginas, permite a los individuos imbuir sus formas con un mayor nivel de sofisticaci\u00f3n y eficacia. Si el objetivo de uno gira en torno a la recopilaci\u00f3n de datos de clientes, la facilitaci\u00f3n de las encuestas o la creaci\u00f3n de formas de contacto, Formcraft inequ\u00edvocamente proporciona a las personas todas las herramientas y recursos necesarios para curar formas que exudan un atractivo verdaderamente profesional e impactante, que finalmente produce fruct\u00edfero y fruct\u00edfero y fruct\u00edfero. resultados significativos.<\/p>\n","protected":false},"featured_media":167251,"comment_status":"open","ping_status":"open","template":"","meta":[],"product_brand":[2339],"product_cat":[1216,1206,1211],"product_tag":[1256],"class_list":{"0":"post-115064","1":"product","2":"type-product","3":"status-publish","4":"has-post-thumbnail","6":"product_brand-codecanyon","7":"product_cat-formas","8":"product_cat-plugins","9":"product_cat-wordpress-plugins","10":"product_tag-codecanyon","11":"member-discount","12":"discount-restricted","14":"first","15":"instock","16":"sale","17":"downloadable","18":"virtual","19":"sold-individually","20":"purchasable","21":"product-type-simple"},"_links":{"self":[{"href":"https:\/\/gpl-love.com\/es\/wp-json\/wp\/v2\/product\/115064","targetHints":{"allow":["GET"]}}],"collection":[{"href":"https:\/\/gpl-love.com\/es\/wp-json\/wp\/v2\/product"}],"about":[{"href":"https:\/\/gpl-love.com\/es\/wp-json\/wp\/v2\/types\/product"}],"replies":[{"embeddable":true,"href":"https:\/\/gpl-love.com\/es\/wp-json\/wp\/v2\/comments?post=115064"}],"wp:featuredmedia":[{"embeddable":true,"href":"https:\/\/gpl-love.com\/es\/wp-json\/wp\/v2\/media\/167251"}],"wp:attachment":[{"href":"https:\/\/gpl-love.com\/es\/wp-json\/wp\/v2\/media?parent=115064"}],"wp:term":[{"taxonomy":"product_brand","embeddable":true,"href":"https:\/\/gpl-love.com\/es\/wp-json\/wp\/v2\/product_brand?post=115064"},{"taxonomy":"product_cat","embeddable":true,"href":"https:\/\/gpl-love.com\/es\/wp-json\/wp\/v2\/product_cat?post=115064"},{"taxonomy":"product_tag","embeddable":true,"href":"https:\/\/gpl-love.com\/es\/wp-json\/wp\/v2\/product_tag?post=115064"}],"curies":[{"name":"wp","href":"https:\/\/api.w.org\/{rel}","templated":true}]}}