{"id":115062,"date":"2025-11-14T00:00:00","date_gmt":"2025-11-14T05:00:00","guid":{"rendered":"http:\/\/gpl-love.com\/es\/?post_type=product&#038;p=115062"},"modified":"2026-03-13T17:24:06","modified_gmt":"2026-03-13T22:24:06","slug":"markite-digital-marketplace-wordpress-theme","status":"publish","type":"product","link":"https:\/\/gpl-love.com\/es\/producto\/markite-digital-marketplace-wordpress-theme\/","title":{"rendered":"Markite Digital Marketplace WordPress Theme 2.0.2"},"content":{"rendered":"<h3>Markite Digital Marketplace WordPress Theme Caracteristicas<\/h3>\n<p>El tema de WordPress de Markite Digital Marketplace cuenta con una variedad de capacidades y adaptabilidad formidables, meticulosamente elaborada para atender a los mercados en l\u00ednea con una precisi\u00f3n absoluta. Con un dise\u00f1o elegante y contempor\u00e1neo, su sitio web de mercado exudar\u00e1 un aura de impresionante profesionalismo y est\u00e9tica. Haciendo alarde de un extenso repertorio de caracter\u00edsticas, que incluye varios dise\u00f1os de la p\u00e1gina de inicio, un encabezado personalizable y una funci\u00f3n de b\u00fasqueda inmensamente potente, este tema no deja piedra sin mover al elevar su mercado a alturas sin precedentes. Adem\u00e1s, su capacidad de respuesta completa asegura que su sitio web exude la magnificencia en todos los dispositivos. Al aprovechar las capacidades incomparables del tema de WordPress de Markite Digital Marketplace, posee la capacidad de forjar un mercado en l\u00ednea que no solo se adapte espec\u00edficamente a sus requisitos \u00fanicos, sino que tambi\u00e9n logra eclipsar y superar la competencia con una gracia sin esfuerzo.<\/p>\n<ul>\n<li>Un tema de WordPress moderno visualmente impresionante y moderno dise\u00f1ado espec\u00edficamente para mercados digitales<\/li>\n<li>Soporte incorporado para complementos populares de comercio electr\u00f3nico que incluyen WooCommerce y EDD (descargas digitales f\u00e1ciles)<\/li>\n<li>M\u00faltiples dise\u00f1os de la p\u00e1gina de inicio personalizables y opciones de esquema de color para satisfacer las necesidades de cualquier mercado<\/li>\n<li>Dise\u00f1o totalmente receptivo que funciona sin problemas en los dispositivos de escritorio y m\u00f3viles<\/li>\n<li>Potentes capacidades de filtrado y b\u00fasqueda de productos para ayudar a los usuarios a encontrar exactamente lo que necesitan<\/li>\n<li>Herramientas de registro y gesti\u00f3n del vendedor para ayudar a los propietarios de mercados a bordo y administrar a los proveedores<\/li>\n<li>Sistemas de revisi\u00f3n y calificaci\u00f3n incorporados para alentar la participaci\u00f3n y los comentarios de los compradores y los vendedores<\/li>\n<li>Documentaci\u00f3n y soporte integral para garantizar un proceso de configuraci\u00f3n y personalizaci\u00f3n sin problemas<\/li>\n<li>Actualizaciones y mejoras regulares para garantizar la compatibilidad con las \u00faltimas versiones de WordPress y complementos.<\/li>\n<\/ul>\n","protected":false},"excerpt":{"rendered":"<p>Markite es un extraordinario tema de WordPress del mercado digital que atiende a las necesidades de individuos, empresas y proveedores con el objetivo de vender productos digitales, aplicaciones, software o cualquier servicio a trav\u00e9s de plataformas en l\u00ednea. Este tema ofrece un proceso de configuraci\u00f3n y personalizaci\u00f3n conveniente, acompa\u00f1ado de sus impresionantes caracter\u00edsticas, como la compatibilidad de WooCommerce, la funcionalidad de instalaci\u00f3n del un clic, el dise\u00f1o receptivo y muchos otros. Adem\u00e1s, su dise\u00f1o distintivo garantiza una experiencia de compra excepcional para los clientes, presentando dise\u00f1os inmaculados y contempor\u00e1neos que exhiben maravillosamente sus productos. Al emplear Markite, puede inaugurar r\u00e1pidamente su propia tienda digital en l\u00ednea y comenzar sus esfuerzos de venta sin demoras.<\/p>\n","protected":false},"featured_media":166695,"comment_status":"open","ping_status":"open","template":"","meta":[],"product_brand":[2337],"product_cat":[1307,1237,1238],"product_tag":[1391],"class_list":{"0":"post-115062","1":"product","2":"type-product","3":"status-publish","4":"has-post-thumbnail","6":"product_brand-themeforest","7":"product_cat-negocio-wordpress-temas","8":"product_cat-temas","9":"product_cat-wordpress-temas","10":"product_tag-themeforest","11":"member-discount","12":"discount-restricted","14":"first","15":"instock","16":"sale","17":"downloadable","18":"virtual","19":"sold-individually","20":"purchasable","21":"product-type-simple"},"_links":{"self":[{"href":"https:\/\/gpl-love.com\/es\/wp-json\/wp\/v2\/product\/115062","targetHints":{"allow":["GET"]}}],"collection":[{"href":"https:\/\/gpl-love.com\/es\/wp-json\/wp\/v2\/product"}],"about":[{"href":"https:\/\/gpl-love.com\/es\/wp-json\/wp\/v2\/types\/product"}],"replies":[{"embeddable":true,"href":"https:\/\/gpl-love.com\/es\/wp-json\/wp\/v2\/comments?post=115062"}],"wp:featuredmedia":[{"embeddable":true,"href":"https:\/\/gpl-love.com\/es\/wp-json\/wp\/v2\/media\/166695"}],"wp:attachment":[{"href":"https:\/\/gpl-love.com\/es\/wp-json\/wp\/v2\/media?parent=115062"}],"wp:term":[{"taxonomy":"product_brand","embeddable":true,"href":"https:\/\/gpl-love.com\/es\/wp-json\/wp\/v2\/product_brand?post=115062"},{"taxonomy":"product_cat","embeddable":true,"href":"https:\/\/gpl-love.com\/es\/wp-json\/wp\/v2\/product_cat?post=115062"},{"taxonomy":"product_tag","embeddable":true,"href":"https:\/\/gpl-love.com\/es\/wp-json\/wp\/v2\/product_tag?post=115062"}],"curies":[{"name":"wp","href":"https:\/\/api.w.org\/{rel}","templated":true}]}}