{"id":115060,"date":"2021-07-10T00:00:00","date_gmt":"2021-07-10T05:00:00","guid":{"rendered":"http:\/\/gpl-love.com\/es\/?post_type=product&#038;p=115060"},"modified":"2026-03-13T17:24:52","modified_gmt":"2026-03-13T22:24:52","slug":"mooboo-fashion-tema-para-woocommerce-wordpress","status":"publish","type":"product","link":"https:\/\/gpl-love.com\/es\/producto\/mooboo-fashion-tema-para-woocommerce-wordpress\/","title":{"rendered":"Mooboo Fashion Tema para WooCommerce WordPress 1.0.7"},"content":{"rendered":"<h3>Mooboo Fashion Tema para WooCommerce WordPress Caracteristicas<\/h3>\n<p>El tema de la moda de MooBoo sirve como una soluci\u00f3n \u00f3ptima para aquellas personas que buscan establecer una tienda en l\u00ednea con la intenci\u00f3n de expender la mercanc\u00eda relacionada con la moda. A medida espec\u00edficamente para tiendas de moda, este tema de WordPress de WooCommerce cuenta con un dise\u00f1o contempor\u00e1neo, pulido y sofisticado que est\u00e1 obligado a captar la atenci\u00f3n de los clientes potenciales. Adem\u00e1s, ofrece opciones de personalizaci\u00f3n f\u00e1cil de usar, lo que permite una modificaci\u00f3n sin esfuerzo de la configuraci\u00f3n del tema y la creaci\u00f3n de una est\u00e9tica distintiva para su tienda. Adem\u00e1s, el tema de la moda Mooboo es totalmente sensible, asegurando as\u00ed su apariencia impecable en una variedad de dispositivos, desde computadoras y computadoras port\u00e1tiles de escritorio hasta tabletas y tel\u00e9fonos inteligentes. En virtud del tema de la moda Mooboo, podr\u00e1 presentar sus productos de la manera m\u00e1s excepcional concebible al tiempo que ofrece simult\u00e1neamente una experiencia de compra incomparable y perfecta a su valiosa clientela.<\/p>\n<ul>\n<li>Un tema de moda elegante y moderno dise\u00f1ado espec\u00edficamente para sitios web de WooCommerce WordPress<\/li>\n<li>El dise\u00f1o receptivo garantiza que su tienda en l\u00ednea se vea genial en todos los dispositivos<\/li>\n<li>M\u00faltiples dise\u00f1os de demostraci\u00f3n para elegir, cada uno con sus propios elementos de estilo y dise\u00f1o \u00fanicos<\/li>\n<li>Constructor de p\u00e1ginas de arrastre y soltar intuitivo para facilitar la personalizaci\u00f3n y ajustes de dise\u00f1o<\/li>\n<li>Panel integral de opciones de temas que le permite ajustar cada aspecto del dise\u00f1o y la funcionalidad de su sitio web<\/li>\n<li>Opciones avanzadas de filtrado y clasificaci\u00f3n de productos para que sus clientes encuentren r\u00e1pidamente lo que est\u00e1n buscando<\/li>\n<li>Optimizado para SEO y tiempos de carga r\u00e1pidos para mejorar la visibilidad y la experiencia del usuario de su sitio web<\/li>\n<li>Integraci\u00f3n incorporada de Instagram para mostrar la presencia de las redes sociales de su marca y conectarse con su audiencia<\/li>\n<li>Equipo de atenci\u00f3n al cliente dedicado para responder cualquier pregunta y ayudarlo a maximizar el potencial de su sitio web.<\/li>\n<\/ul>\n","protected":false},"excerpt":{"rendered":"<p>El tema de la moda Mooboo para WooCommerce WordPress ofrece una soluci\u00f3n integral y \u00f3ptima para las personas que buscan establecer una presencia notable en el mercado de la moda en l\u00ednea. Este tema abarca una multitud de caracter\u00edsticas que permiten a los usuarios crear sin esfuerzo una tienda en l\u00ednea est\u00e9ticamente agradable e intuitiva que se adapte perfectamente a varios dispositivos y es muy personalizable. Con la inclusi\u00f3n de un constructor de p\u00e1ginas de arrastrar y soltar f\u00e1cilmente con usuarios, herramientas de personalizaci\u00f3n de f\u00e1cil acceso y una amplia variedad de dise\u00f1os y plantillas de demostraci\u00f3n, este tema sirve como una opci\u00f3n ideal para minoristas de moda, propietarios boutique y dise\u00f1adores que se esfuerzan por establecer Una pr\u00f3spera identidad en l\u00ednea. Ya sea que uno sea un novato o un comerciante en l\u00ednea experimentado, el tema de la moda Mooboo para WooCommerce WordPress sin duda impulsar\u00e1 su empresa de moda a alturas sin precedentes.<\/p>\n","protected":false},"featured_media":166825,"comment_status":"open","ping_status":"open","template":"","meta":[],"product_brand":[2337],"product_cat":[1263,1469,1237],"product_tag":[1391],"class_list":{"0":"post-115060","1":"product","2":"type-product","3":"status-publish","4":"has-post-thumbnail","6":"product_brand-themeforest","7":"product_cat-comercio-electronico-temas","8":"product_cat-creativo-comercio-electronico-temas","9":"product_cat-temas","10":"product_tag-themeforest","11":"member-discount","12":"discount-restricted","14":"first","15":"instock","16":"sale","17":"downloadable","18":"virtual","19":"sold-individually","20":"purchasable","21":"product-type-simple"},"_links":{"self":[{"href":"https:\/\/gpl-love.com\/es\/wp-json\/wp\/v2\/product\/115060","targetHints":{"allow":["GET"]}}],"collection":[{"href":"https:\/\/gpl-love.com\/es\/wp-json\/wp\/v2\/product"}],"about":[{"href":"https:\/\/gpl-love.com\/es\/wp-json\/wp\/v2\/types\/product"}],"replies":[{"embeddable":true,"href":"https:\/\/gpl-love.com\/es\/wp-json\/wp\/v2\/comments?post=115060"}],"wp:featuredmedia":[{"embeddable":true,"href":"https:\/\/gpl-love.com\/es\/wp-json\/wp\/v2\/media\/166825"}],"wp:attachment":[{"href":"https:\/\/gpl-love.com\/es\/wp-json\/wp\/v2\/media?parent=115060"}],"wp:term":[{"taxonomy":"product_brand","embeddable":true,"href":"https:\/\/gpl-love.com\/es\/wp-json\/wp\/v2\/product_brand?post=115060"},{"taxonomy":"product_cat","embeddable":true,"href":"https:\/\/gpl-love.com\/es\/wp-json\/wp\/v2\/product_cat?post=115060"},{"taxonomy":"product_tag","embeddable":true,"href":"https:\/\/gpl-love.com\/es\/wp-json\/wp\/v2\/product_tag?post=115060"}],"curies":[{"name":"wp","href":"https:\/\/api.w.org\/{rel}","templated":true}]}}