{"id":115058,"date":"2024-03-18T00:00:00","date_gmt":"2024-03-18T05:00:00","guid":{"rendered":"http:\/\/gpl-love.com\/es\/?post_type=product&#038;p=115058"},"modified":"2026-04-10T11:17:12","modified_gmt":"2026-04-10T16:17:12","slug":"moovit-transportation-logistics-wordpress-theme","status":"publish","type":"product","link":"https:\/\/gpl-love.com\/es\/producto\/moovit-transportation-logistics-wordpress-theme\/","title":{"rendered":"Moovit Transportation Logistics Wordpress Theme 1.2.5"},"content":{"rendered":"<h3>Moovit Transportation Logistics Wordpress Theme Caracteristicas<\/h3>\n<p>El tema de WordPress de Logistics de Transporte Moovit, con su versatilidad e interfaz f\u00e1cil de usar, ha sido dise\u00f1ado espec\u00edficamente para la industria de transporte y log\u00edstica. Ofrece una gran cantidad de caracter\u00edsticas indispensables, que incluyen plantillas de p\u00e1gina personalizables, widgets personalizados y un constructor de p\u00e1ginas de arrastrar y soltar, facilitando la creaci\u00f3n de un sitio web a medida que se alinea perfectamente con sus requisitos comerciales. Adem\u00e1s, este tema tambi\u00e9n cuenta con un s\u00f3lido sistema de reservas, capacitando a sus clientes para programar y administrar sin esfuerzo sus necesidades de transporte a trav\u00e9s de una plataforma en l\u00ednea. Adem\u00e1s, gracias a su dise\u00f1o receptivo y su dise\u00f1o amigable para dispositivos m\u00f3viles, el tema de WordPress de Logistics de Transporte Moovit garantiza que su sitio web exude un atractivo visualmente cautivador y operar\u00e1 sin problemas en todos los dispositivos. En conclusi\u00f3n, este tema sobresaliente sirve como una opci\u00f3n ideal para cualquier empresa de transporte o log\u00edstica con el objetivo de establecer una presencia en l\u00ednea profesional y cautivadora.<\/p>\n<ul>\n<li>Tema de WordPress de log\u00edstica de transporte altamente personalizable<\/li>\n<li>Perfecto para empresas de log\u00edstica, proveedores de transporte y servicios de entrega<\/li>\n<li>Dise\u00f1o hermoso y moderno con una interfaz de usuario intuitiva<\/li>\n<li>Incluye tipos de publicaciones personalizados para mostrar servicios, miembros del equipo y testimonios<\/li>\n<li>Integrado con Google Maps para una f\u00e1cil planificaci\u00f3n de ubicaci\u00f3n y ruta<\/li>\n<li>El dise\u00f1o receptivo garantiza que su sitio web se vea muy bien en cualquier dispositivo<\/li>\n<li>SEO optimizado para mejorar la visibilidad en los motores de b\u00fasqueda<\/li>\n<li>Incluye instalaci\u00f3n de demostraci\u00f3n de un solo clic para una f\u00e1cil configuraci\u00f3n<\/li>\n<li>Actualizado regularmente con nuevas funciones y mejoras<\/li>\n<li>Excelente atenci\u00f3n al cliente y documentaci\u00f3n.<\/li>\n<\/ul>\n","protected":false},"excerpt":{"rendered":"<p>El tema de WordPress de la log\u00edstica de transporte Moovit es una plantilla innovadora y adaptable espec\u00edficamente elaborada para empresas en los sectores de transporte y log\u00edstica. Su est\u00e9tica se caracteriza por principios de dise\u00f1o contempor\u00e1neos, asegurando una experiencia de usuario \u00f3ptima que permita a los clientes navegar sin esfuerzo en su sitio web y localizar la informaci\u00f3n precisa que requieren. Este tema cuenta con una amplia variedad de caracter\u00edsticas y funcionalidades que facilitan la presentaci\u00f3n efectiva de sus servicios, la gesti\u00f3n eficiente de la flota y la racionalizaci\u00f3n de sus procesos operativos. Al aprovechar las capacidades de Moovit, puede establecer r\u00e1pidamente una presencia en l\u00ednea pulida y sofisticada que distingue a su negocio de sus rivales.<\/p>\n","protected":false},"featured_media":166827,"comment_status":"open","ping_status":"open","template":"","meta":[],"product_brand":[2337],"product_cat":[1307,1237,1238],"product_tag":[1391],"class_list":{"0":"post-115058","1":"product","2":"type-product","3":"status-publish","4":"has-post-thumbnail","6":"product_brand-themeforest","7":"product_cat-negocio-wordpress-temas","8":"product_cat-temas","9":"product_cat-wordpress-temas","10":"product_tag-themeforest","11":"member-discount","12":"discount-restricted","14":"first","15":"instock","16":"sale","17":"downloadable","18":"virtual","19":"sold-individually","20":"purchasable","21":"product-type-simple"},"_links":{"self":[{"href":"https:\/\/gpl-love.com\/es\/wp-json\/wp\/v2\/product\/115058","targetHints":{"allow":["GET"]}}],"collection":[{"href":"https:\/\/gpl-love.com\/es\/wp-json\/wp\/v2\/product"}],"about":[{"href":"https:\/\/gpl-love.com\/es\/wp-json\/wp\/v2\/types\/product"}],"replies":[{"embeddable":true,"href":"https:\/\/gpl-love.com\/es\/wp-json\/wp\/v2\/comments?post=115058"}],"wp:featuredmedia":[{"embeddable":true,"href":"https:\/\/gpl-love.com\/es\/wp-json\/wp\/v2\/media\/166827"}],"wp:attachment":[{"href":"https:\/\/gpl-love.com\/es\/wp-json\/wp\/v2\/media?parent=115058"}],"wp:term":[{"taxonomy":"product_brand","embeddable":true,"href":"https:\/\/gpl-love.com\/es\/wp-json\/wp\/v2\/product_brand?post=115058"},{"taxonomy":"product_cat","embeddable":true,"href":"https:\/\/gpl-love.com\/es\/wp-json\/wp\/v2\/product_cat?post=115058"},{"taxonomy":"product_tag","embeddable":true,"href":"https:\/\/gpl-love.com\/es\/wp-json\/wp\/v2\/product_tag?post=115058"}],"curies":[{"name":"wp","href":"https:\/\/api.w.org\/{rel}","templated":true}]}}