{"id":115056,"date":"2021-07-09T00:00:00","date_gmt":"2021-07-09T05:00:00","guid":{"rendered":"http:\/\/gpl-love.com\/es\/?post_type=product&#038;p=115056"},"modified":"2026-04-10T11:24:22","modified_gmt":"2026-04-10T16:24:22","slug":"seo-engine-digital-marketing-agency-wordpress-theme","status":"publish","type":"product","link":"https:\/\/gpl-love.com\/es\/producto\/seo-engine-digital-marketing-agency-wordpress-theme\/","title":{"rendered":"SEO Engine Digital Marketing Agency WordPress Theme 2.0.0"},"content":{"rendered":"<h3>SEO Engine Digital Marketing Agency WordPress Theme Caracteristicas<\/h3>\n<p>El tema de WordPress de la agencia de marketing digital SEO Engine se presenta como una soluci\u00f3n integral y vers\u00e1til adaptada a las necesidades espec\u00edficas de las empresas que operan dentro de la industria del marketing digital. Con un dise\u00f1o elegante y moderno, este tema ofrece una amplia gama de caracter\u00edsticas y opciones de personalizaci\u00f3n, ofreciendo as\u00ed a las empresas amplias oportunidades para mostrar efectivamente sus servicios y cautivar de manera efectiva la atenci\u00f3n de los clientes potenciales. Vale la pena se\u00f1alar que este tema ha sido meticulosamente optimizado para priorizar la optimizaci\u00f3n de los motores de b\u00fasqueda, asegurando que las empresas puedan ascender sin esfuerzo las clasificaciones y permanecer a la vanguardia de su industria. Adem\u00e1s, este tema viene totalmente equipado con una variedad de caracter\u00edsticas incorporadas, que incluyen an\u00e1lisis, integraci\u00f3n de redes sociales y formularios de contacto, todos los cuales sirven para optimizar y mejorar la experiencia general del usuario. Adem\u00e1s, la interfaz intuitiva y f\u00e1cil de usar, junto con el notable creador de p\u00e1ginas de arrastrar y soltar notablemente f\u00e1cil de usar, faculta a las empresas para crear sitios web de grado profesional r\u00e1pido y sin esfuerzo, todo sin necesitar un profundo nivel de experiencia t\u00e9cnica. En consecuencia, el tema de WordPress de la agencia de marketing digital de SEO Engine surge como una opci\u00f3n ejemplar para las empresas que buscan ansiosamente fortalecer su presencia en l\u00ednea y aumentar su visibilidad dentro de la industria de marketing digital en constante expansi\u00f3n.<\/p>\n<ul>\n<li>Tema de WordPress altamente personalizable dise\u00f1ado espec\u00edficamente para SEO y agencias de marketing digital<\/li>\n<li>Incluye plantillas de p\u00e1gina predise\u00f1adas para servicios, estudios de casos, miembros del equipo, blog y m\u00e1s<\/li>\n<li>Dise\u00f1o totalmente receptivo y amigable para m\u00f3viles para una visualizaci\u00f3n \u00f3ptima en todos los dispositivos<\/li>\n<li>Agregar y mostrar f\u00e1cilmente los testimonios de los clientes para generar credibilidad y confianza con los clientes potenciales<\/li>\n<li>Viene con formularios de contacto incorporados para ayudar a los clientes potenciales a ponerse en contacto con su agencia<\/li>\n<li>Se integra con todos los complementos de SEO principales para una f\u00e1cil optimizaci\u00f3n del contenido<\/li>\n<li>Admite m\u00faltiples idiomas y complementos de traducci\u00f3n para un alcance global<\/li>\n<li>Importaci\u00f3n de demostraci\u00f3n de un solo clic para configuraci\u00f3n y personalizaci\u00f3n sin problemas<\/li>\n<li>Actualizado regularmente con nuevas caracter\u00edsticas y mejoras para garantizar un rendimiento \u00f3ptimo<\/li>\n<li>Respaldado por atenci\u00f3n al cliente dedicada para ayudar con cualquier pregunta o problema.<\/li>\n<\/ul>\n","protected":false},"excerpt":{"rendered":"<p>El tema de WordPress de la agencia de marketing digital de SEO Engine presenta la soluci\u00f3n definitiva para las agencias de marketing digital, que ofrece una gama integral de caracter\u00edsticas y funcionalidades. Meticulosamente elaborado, este tema se ha adaptado espec\u00edficamente para cumplir con los requisitos \u00fanicos de las agencias de marketing digital, lo que les permite mostrar de manera efectiva sus servicios. Con una gran cantidad de caracter\u00edsticas excepcionales, incluidas las capacidades de optimizaci\u00f3n de motores de b\u00fasqueda, un dise\u00f1o receptivo que garantiza una adaptabilidad perfecta en varios dispositivos, un dise\u00f1o personalizable que permite una marca personalizada y un panel de administraci\u00f3n robusto que capacita a las agencias para administrar sin esfuerzo su sitio web, este tema ofrece Todo lo que una agencia digital podr\u00eda necesitar para crear una presencia en l\u00ednea notable y notable que los distinga de la competencia. Ya sea que su objetivo es promover sus servicios, exhibir una cartera impresionante o generar una mayor afluencia de clientes potenciales, SEO Engine emerge como el tema por excelencia para lograr estos objetivos. Comience su viaje hoy y impulse su agencia digital a alturas incomparables.<\/p>\n","protected":false},"featured_media":167455,"comment_status":"open","ping_status":"open","template":"","meta":[],"product_brand":[2337],"product_cat":[1267,1237,1238],"product_tag":[1391],"class_list":{"0":"post-115056","1":"product","2":"type-product","3":"status-publish","4":"has-post-thumbnail","6":"product_brand-themeforest","7":"product_cat-creativo","8":"product_cat-temas","9":"product_cat-wordpress-temas","10":"product_tag-themeforest","11":"member-discount","12":"discount-restricted","14":"first","15":"instock","16":"sale","17":"downloadable","18":"virtual","19":"sold-individually","20":"purchasable","21":"product-type-simple"},"_links":{"self":[{"href":"https:\/\/gpl-love.com\/es\/wp-json\/wp\/v2\/product\/115056","targetHints":{"allow":["GET"]}}],"collection":[{"href":"https:\/\/gpl-love.com\/es\/wp-json\/wp\/v2\/product"}],"about":[{"href":"https:\/\/gpl-love.com\/es\/wp-json\/wp\/v2\/types\/product"}],"replies":[{"embeddable":true,"href":"https:\/\/gpl-love.com\/es\/wp-json\/wp\/v2\/comments?post=115056"}],"wp:featuredmedia":[{"embeddable":true,"href":"https:\/\/gpl-love.com\/es\/wp-json\/wp\/v2\/media\/167455"}],"wp:attachment":[{"href":"https:\/\/gpl-love.com\/es\/wp-json\/wp\/v2\/media?parent=115056"}],"wp:term":[{"taxonomy":"product_brand","embeddable":true,"href":"https:\/\/gpl-love.com\/es\/wp-json\/wp\/v2\/product_brand?post=115056"},{"taxonomy":"product_cat","embeddable":true,"href":"https:\/\/gpl-love.com\/es\/wp-json\/wp\/v2\/product_cat?post=115056"},{"taxonomy":"product_tag","embeddable":true,"href":"https:\/\/gpl-love.com\/es\/wp-json\/wp\/v2\/product_tag?post=115056"}],"curies":[{"name":"wp","href":"https:\/\/api.w.org\/{rel}","templated":true}]}}