{"id":114954,"date":"2026-03-20T00:00:00","date_gmt":"2026-03-20T05:00:00","guid":{"rendered":"http:\/\/gpl-love.com\/es\/producto\/wpeverest-user-registration\/"},"modified":"2026-04-10T11:30:02","modified_gmt":"2026-04-10T16:30:02","slug":"wpeverest-user-registration","status":"publish","type":"product","link":"https:\/\/gpl-love.com\/es\/producto\/wpeverest-user-registration\/","title":{"rendered":"User Registration WooCommerce 1.6.8"},"content":{"rendered":"<h3>User Registration WooCommerce Caracteristicas<\/h3>\n<p>El complemento WooCommerce de registro del usuario se presenta como una resoluci\u00f3n ideal e impecable para las empresas que aspiran a simplificar y acelerar su proceso de registro de usuarios. Este complemento excepcional presenta a las empresas la conveniencia de fabricar sin esfuerzo formularios de registro a medida, lo que les permite acumular informaci\u00f3n crucial del usuario que finalmente facilita la creaci\u00f3n de una experiencia individualizada y personalizada para su estimado clientele. La interfaz en s\u00ed es sencilla e instintiva, y ofrece a las empresas sin problemas la tarea sin esfuerzo de administrar las cuentas de los usuarios. Esto comprende la capacidad inherente para respaldar o negar registros, obtener acceso y leer a trav\u00e9s de los datos del usuario, as\u00ed como hacer modificaciones necesarias a la informaci\u00f3n del usuario cuando sea necesario. Con la inclusi\u00f3n del complemento de WooCommerce de registro del usuario en su arsenal, las empresas pueden elevar definitivamente el est\u00e1ndar de la experiencia de su cliente al ofrecer un proceso de registro sin esfuerzo integrado y cohesivo, acompa\u00f1ado de promociones espec\u00edficas y contenido a medida que est\u00e1 espec\u00edficamente adaptado para adaptarse a las necesidades \u00fanicas de cada cliente. y preferencias.<\/p>\n<ul>\n<li>Rimensiva el proceso de registro del usuario en su sitio web de WooCommerce<\/li>\n<li>Permite a los usuarios crear cuentas de manera r\u00e1pida y f\u00e1cil<\/li>\n<li>Proporciona una experiencia de cliente perfecta al eliminar la necesidad de registro manual<\/li>\n<li>Campos personalizables para recopilar datos de usuario relevantes<\/li>\n<li>Proceso de registro seguro para proteger la informaci\u00f3n del usuario<\/li>\n<li>Compatible con todos los principales complementos y temas de WooCommerce<\/li>\n<li>Ahorra tiempo y recursos automatizando el proceso de registro<\/li>\n<li>Mejora la participaci\u00f3n y la retenci\u00f3n del cliente mediante la creaci\u00f3n de una experiencia personalizada para cada usuario<\/li>\n<li>F\u00e1cil de instalar y configurar sin necesidad de codificaci\u00f3n<\/li>\n<li>Aumenta las ventas y los ingresos mejorando la experiencia del usuario y fomentando la lealtad del cliente.<\/li>\n<\/ul>\n","protected":false},"excerpt":{"rendered":"<p>El registro del usuario WooCommerce es un complemento muy ventajoso y f\u00e1cil de usar que permite a los clientes la capacidad de establecer una cuenta sin esfuerzo en su sitio de WooCommerce. Al simplificar y optimizar el proceso de registro, este complemento mejora efectivamente la satisfacci\u00f3n del cliente y mitiga efectivamente la aparici\u00f3n del abandono del carro, reforzando as\u00ed los niveles generales de satisfacci\u00f3n del cliente. Con la notable funcionalidad del registro de usuarios WooCommerce, a los clientes se les otorga la opci\u00f3n de establecer una cuenta proporcionando su direcci\u00f3n de correo electr\u00f3nico y seleccionando una contrase\u00f1a de su elecci\u00f3n, o alternativamente, pueden optar por la mayor comodidad de registrarse utilizando sus credenciales de redes sociales. Adem\u00e1s, como el estimado propietario del sitio, se le otorga la invaluable oportunidad de acumular y aprovechar los datos significativos relacionados con los registros de los clientes, lo que le permite ajustar sus estrategias de marketing y impulsar propiciamente la expansi\u00f3n y el florecimiento de su empresa comercial.<\/p>\n","protected":false},"featured_media":167933,"comment_status":"open","ping_status":"open","template":"","meta":[],"product_brand":[2585],"product_cat":[1214,1206,1211],"product_tag":[2159],"class_list":{"0":"post-114954","1":"product","2":"type-product","3":"status-publish","4":"has-post-thumbnail","6":"product_brand-wpeverest","7":"product_cat-personalizacion","8":"product_cat-plugins","9":"product_cat-wordpress-plugins","10":"product_tag-wpeverest","11":"member-discount","12":"discount-restricted","14":"first","15":"instock","16":"sale","17":"downloadable","18":"virtual","19":"sold-individually","20":"purchasable","21":"product-type-simple"},"_links":{"self":[{"href":"https:\/\/gpl-love.com\/es\/wp-json\/wp\/v2\/product\/114954","targetHints":{"allow":["GET"]}}],"collection":[{"href":"https:\/\/gpl-love.com\/es\/wp-json\/wp\/v2\/product"}],"about":[{"href":"https:\/\/gpl-love.com\/es\/wp-json\/wp\/v2\/types\/product"}],"replies":[{"embeddable":true,"href":"https:\/\/gpl-love.com\/es\/wp-json\/wp\/v2\/comments?post=114954"}],"wp:featuredmedia":[{"embeddable":true,"href":"https:\/\/gpl-love.com\/es\/wp-json\/wp\/v2\/media\/167933"}],"wp:attachment":[{"href":"https:\/\/gpl-love.com\/es\/wp-json\/wp\/v2\/media?parent=114954"}],"wp:term":[{"taxonomy":"product_brand","embeddable":true,"href":"https:\/\/gpl-love.com\/es\/wp-json\/wp\/v2\/product_brand?post=114954"},{"taxonomy":"product_cat","embeddable":true,"href":"https:\/\/gpl-love.com\/es\/wp-json\/wp\/v2\/product_cat?post=114954"},{"taxonomy":"product_tag","embeddable":true,"href":"https:\/\/gpl-love.com\/es\/wp-json\/wp\/v2\/product_tag?post=114954"}],"curies":[{"name":"wp","href":"https:\/\/api.w.org\/{rel}","templated":true}]}}