{"id":114952,"date":"2026-02-05T00:00:00","date_gmt":"2026-02-05T05:00:00","guid":{"rendered":"http:\/\/gpl-love.com\/es\/producto\/woocommerce-shipping-multiple-addresses\/"},"modified":"2026-03-09T08:25:19","modified_gmt":"2026-03-09T13:25:19","slug":"woocommerce-shipping-multiple-addresses","status":"publish","type":"product","link":"https:\/\/gpl-love.com\/es\/producto\/woocommerce-shipping-multiple-addresses\/","title":{"rendered":"WooCommerce Shipping Multiple Addresses 4.3.3"},"content":{"rendered":"<h3>WooCommerce Shipping Multiple Addresses Caracteristicas<\/h3>\n<p>El env\u00edo de WooCommerce m\u00faltiples direcciones es un complemento indispensable que cada tienda de comercio electr\u00f3nico, que aspira a ofrecer a su clientela la mayor comodidad de los pedidos de env\u00edo a m\u00faltiples direcciones, debe poseer. En virtud de este complemento, a los clientes se les otorga la capacidad perfecta para dividir sin esfuerzo sus pedidos al tiempo que selecciona simult\u00e1neamente direcciones de env\u00edo distintas para cada art\u00edculo individual. Impecablemente integrado con WooCommerce, este complemento promete un proceso de pago sin obst\u00e1culos y f\u00e1cil de usar. Adem\u00e1s, permite a los propietarios de tiendas administrar efectivamente m\u00faltiples direcciones, examinar los detalles del orden y monitorear de cerca los env\u00edos, todos desde los l\u00edmites de un tablero solitario. Con su capacidad para economizar el tiempo y aumentar la experiencia general del cliente, este complemento asume un papel indispensable, lo que hace que sea un aparato indispensable para cualquier empresa emprendedora de comercio electr\u00f3nico que se esfuerce por expandir y mantener una ventaja competitiva.<\/p>\n<ul>\n<li>Permite a los clientes enviar art\u00edculos a m\u00faltiples direcciones en un orden.<\/li>\n<li>Ahorra tiempo a los clientes al eliminar la necesidad de realizar m\u00faltiples pedidos<\/li>\n<li>Aumenta la conveniencia y la satisfacci\u00f3n del cliente<\/li>\n<li>Reduce la confusi\u00f3n y los errores del cliente al colocar m\u00faltiples pedidos<\/li>\n<li>Proporciona una interfaz f\u00e1cil de usar para que los clientes administren f\u00e1cilmente m\u00faltiples direcciones de env\u00edo<\/li>\n<li>Aumenta el potencial de ventas al alentar a los clientes a comprar m\u00e1s art\u00edculos para m\u00faltiples destinatarios<\/li>\n<li>Aelgurar el proceso de env\u00edo para los comerciantes consolidando la informaci\u00f3n de env\u00edo en un solo pedido<\/li>\n<li>Se integra a la perfecci\u00f3n con WooCommerce, la plataforma de comercio electr\u00f3nico m\u00e1s popular del mundo<\/li>\n<li>Proporciona tarifas de env\u00edo en tiempo real para cada direcci\u00f3n individual<\/li>\n<li>Proporciona flexibilidad para que los comerciantes personalicen las opciones de env\u00edo para cada direcci\u00f3n individual.<\/li>\n<\/ul>\n","protected":false},"excerpt":{"rendered":"<p>El complemento de m\u00faltiples direcciones de env\u00edo de WooCommerce, una herramienta muy valiosa, otorga a los clientes la notable conveniencia de enviar sin esfuerzo los productos a m\u00faltiples direcciones dentro de un orden consolidado \u00fanico. Esta caracter\u00edstica excepcional demuestra ser un activo particularmente ventajoso para los clientes que buscan otorgar regalos a una variedad de personas o empresas distintas. Al incorporar este ingenioso complemento en sus operaciones, posee la notable capacidad de refinar y acelerar sus procedimientos de env\u00edo, lo que invariablemente aumenta la satisfacci\u00f3n y la satisfacci\u00f3n experimentadas por su estimada clientela.<\/p>\n","protected":false},"featured_media":168259,"comment_status":"open","ping_status":"open","template":"","meta":[],"product_brand":[2344],"product_cat":[1207,1248,1206],"product_tag":[1423],"class_list":{"0":"post-114952","1":"product","2":"type-product","3":"status-publish","4":"has-post-thumbnail","6":"product_brand-woocommerce","7":"product_cat-comercio-electronico-plugins","8":"product_cat-personalizacion-comercio-electronico-plugins","9":"product_cat-plugins","10":"product_tag-woocommerce","11":"member-discount","12":"discount-restricted","14":"first","15":"instock","16":"sale","17":"downloadable","18":"virtual","19":"sold-individually","20":"purchasable","21":"product-type-simple"},"_links":{"self":[{"href":"https:\/\/gpl-love.com\/es\/wp-json\/wp\/v2\/product\/114952","targetHints":{"allow":["GET"]}}],"collection":[{"href":"https:\/\/gpl-love.com\/es\/wp-json\/wp\/v2\/product"}],"about":[{"href":"https:\/\/gpl-love.com\/es\/wp-json\/wp\/v2\/types\/product"}],"replies":[{"embeddable":true,"href":"https:\/\/gpl-love.com\/es\/wp-json\/wp\/v2\/comments?post=114952"}],"wp:featuredmedia":[{"embeddable":true,"href":"https:\/\/gpl-love.com\/es\/wp-json\/wp\/v2\/media\/168259"}],"wp:attachment":[{"href":"https:\/\/gpl-love.com\/es\/wp-json\/wp\/v2\/media?parent=114952"}],"wp:term":[{"taxonomy":"product_brand","embeddable":true,"href":"https:\/\/gpl-love.com\/es\/wp-json\/wp\/v2\/product_brand?post=114952"},{"taxonomy":"product_cat","embeddable":true,"href":"https:\/\/gpl-love.com\/es\/wp-json\/wp\/v2\/product_cat?post=114952"},{"taxonomy":"product_tag","embeddable":true,"href":"https:\/\/gpl-love.com\/es\/wp-json\/wp\/v2\/product_tag?post=114952"}],"curies":[{"name":"wp","href":"https:\/\/api.w.org\/{rel}","templated":true}]}}