{"id":114950,"date":"2025-11-06T00:00:00","date_gmt":"2025-11-06T05:00:00","guid":{"rendered":"http:\/\/gpl-love.com\/es\/producto\/easy-digital-downloads-email-reports\/"},"modified":"2026-03-09T07:29:02","modified_gmt":"2026-03-09T12:29:02","slug":"easy-digital-downloads-email-reports","status":"publish","type":"product","link":"https:\/\/gpl-love.com\/es\/producto\/easy-digital-downloads-email-reports\/","title":{"rendered":"Easy Digital Downloads Email Reports 1.1.0"},"content":{"rendered":"<h3>Easy Digital Downloads Email Reports Caracteristicas<\/h3>\n<p>Easy Digital Downloads Correo electr\u00f3nico informa es una herramienta extremadamente potente dise\u00f1ada espec\u00edficamente para propietarios de negocios y vendedores que dependen en gran medida del marketing por correo electr\u00f3nico como un medio para expandir y mejorar el alcance de sus operaciones comerciales. Este notable complemento proporciona informes meticulosos e integrales relacionados con el rendimiento general y la eficacia de sus campa\u00f1as de correo electr\u00f3nico, ofreciendo informaci\u00f3n invaluable en varias m\u00e9tricas clave, como tasas de apertura, tasas de clics y tasas de conversi\u00f3n. Armado con esta invaluable informaci\u00f3n, puede ajustar h\u00e1bilmente y optimizar sus estrategias de marketing por correo electr\u00f3nico, elevando as\u00ed la efectividad general y el impacto de sus campa\u00f1as meticulosamente elaboradas. Adem\u00e1s, la facilidad de uso y la naturaleza intuitiva de los informes de correo electr\u00f3nico f\u00e1ciles de descargas digitales permite una navegaci\u00f3n perfecta y personalizaci\u00f3n sin esfuerzo, atendiendo y acomodando efectivamente los requisitos \u00fanicos e individuales de cada usuario. Independientemente de si usted es el propietario de una pr\u00f3spera tienda de comercio electr\u00f3nico, un vendedor digital experimentado o incluso un blogger apasionado, este complemento indispensable es una necesidad absoluta para cualquiera que posee un deseo sincero y genuino de impulsar y cultivar un crecimiento significativo a trav\u00e9s del poder sin igual. y potencial del marketing por correo electr\u00f3nico.<\/p>\n<ul>\n<li>Informes de correo electr\u00f3nico personalizables que proporcionan informaci\u00f3n sobre ventas e ingresos<\/li>\n<li>Compatible con un complemento f\u00e1cil de descargas digitales para una integraci\u00f3n perfecta<\/li>\n<li>Opciones de informes semanales, mensuales y trimestrales para satisfacer las necesidades de su negocio<\/li>\n<li>Desglose detallado de las ventas por producto, cliente y gama de fechas<\/li>\n<li>Convenientemente entregado a su bandeja de entrada de correo electr\u00f3nico para facilitar el acceso y el an\u00e1lisis<\/li>\n<li>Le ayuda a mantenerse al tanto del desempe\u00f1o de su negocio y tomar decisiones basadas en datos<\/li>\n<li>La interfaz f\u00e1cil de usar facilita la comprensi\u00f3n y el uso de los informes<\/li>\n<li>Se puede compartir con los miembros del equipo o las partes interesadas para la colaboraci\u00f3n y la responsabilidad.<\/li>\n<li>Ahorra tiempo y esfuerzo al automatizar el proceso de generaci\u00f3n de informes de ventas<\/li>\n<li>Planes de precios asequibles con opciones para ampliar a medida que su negocio crece.<\/li>\n<\/ul>\n","protected":false},"excerpt":{"rendered":"<p>Obtenga acceso a informaci\u00f3n valiosa con respecto a sus datos de ventas utilizando la notable herramienta de informes de correo electr\u00f3nico de descargas digitales f\u00e1ciles. Este recurso extraordinario y robusto le facilita a recibir informes exhaustivos sin esfuerzo sobre una base diaria, semanal o mensual, que abarca informaci\u00f3n vital como la actividad de ventas de su tienda, los ingresos y varias otras m\u00e9tricas cruciales. Con la inclusi\u00f3n de gr\u00e1ficos y gr\u00e1ficos meticulosamente elaborados y detallados, puede monitorear convenientemente su progreso y, posteriormente, tomar decisiones bien informadas que sin duda contribuir\u00e1n a la expansi\u00f3n y la prosperidad de su negocio. Adem\u00e1s, la provisi\u00f3n de plantillas de correo electr\u00f3nico personalizables le permite individualizar sus informes, alinearlos con la identidad de su marca y garantizar que su equipo permanezca constantemente informado. Simplifique sus esfuerzos de seguimiento de ventas y se embarca en un viaje de toma de decisiones basada en datos aprovechando las capacidades formidables de los informes de correo electr\u00f3nico f\u00e1ciles de descargas digitales.<\/p>\n","protected":false},"featured_media":165857,"comment_status":"open","ping_status":"open","template":"","meta":[],"product_brand":[2427],"product_cat":[1208,1207,1206],"product_tag":[1280],"class_list":{"0":"post-114950","1":"product","2":"type-product","3":"status-publish","4":"has-post-thumbnail","6":"product_brand-easy-digital-downloads","7":"product_cat-administracion","8":"product_cat-comercio-electronico-plugins","9":"product_cat-plugins","10":"product_tag-easy-digital-downloads","11":"member-discount","12":"discount-restricted","14":"first","15":"instock","16":"sale","17":"downloadable","18":"virtual","19":"sold-individually","20":"purchasable","21":"product-type-simple"},"_links":{"self":[{"href":"https:\/\/gpl-love.com\/es\/wp-json\/wp\/v2\/product\/114950","targetHints":{"allow":["GET"]}}],"collection":[{"href":"https:\/\/gpl-love.com\/es\/wp-json\/wp\/v2\/product"}],"about":[{"href":"https:\/\/gpl-love.com\/es\/wp-json\/wp\/v2\/types\/product"}],"replies":[{"embeddable":true,"href":"https:\/\/gpl-love.com\/es\/wp-json\/wp\/v2\/comments?post=114950"}],"wp:featuredmedia":[{"embeddable":true,"href":"https:\/\/gpl-love.com\/es\/wp-json\/wp\/v2\/media\/165857"}],"wp:attachment":[{"href":"https:\/\/gpl-love.com\/es\/wp-json\/wp\/v2\/media?parent=114950"}],"wp:term":[{"taxonomy":"product_brand","embeddable":true,"href":"https:\/\/gpl-love.com\/es\/wp-json\/wp\/v2\/product_brand?post=114950"},{"taxonomy":"product_cat","embeddable":true,"href":"https:\/\/gpl-love.com\/es\/wp-json\/wp\/v2\/product_cat?post=114950"},{"taxonomy":"product_tag","embeddable":true,"href":"https:\/\/gpl-love.com\/es\/wp-json\/wp\/v2\/product_tag?post=114950"}],"curies":[{"name":"wp","href":"https:\/\/api.w.org\/{rel}","templated":true}]}}