{"id":114876,"date":"2021-07-05T00:00:00","date_gmt":"2021-07-05T05:00:00","guid":{"rendered":"http:\/\/gpl-love.com\/es\/?post_type=product&#038;p=114876"},"modified":"2026-03-13T17:15:14","modified_gmt":"2026-03-13T22:15:14","slug":"acumec-business-multipurpose-wordpress-theme","status":"publish","type":"product","link":"https:\/\/gpl-love.com\/es\/producto\/acumec-business-multipurpose-wordpress-theme\/","title":{"rendered":"Acumec Business Multipurpose WordPress Theme 1.5.0"},"content":{"rendered":"<h3>Acumec Business Multipurpose WordPress Theme Caracteristicas<\/h3>\n<p>ACUMEC Business MultipurSose WordPress, que est\u00e1 dise\u00f1ado para satisfacer las necesidades de los sitios web de negocios modernos, proporciona una soluci\u00f3n integral y multifac\u00e9tica. Equipado con una amplia gama de caracter\u00edsticas, este tema permite a los usuarios establecer una presencia en l\u00ednea profesional y cautivadora para sus negocios. Asegurar la adaptabilidad a varios dispositivos de visualizaci\u00f3n, un tema de WordPress multiprop\u00f3sito de ACUMEC Business cuenta con plena capacidad de respuesta y optimizaci\u00f3n para computadoras de escritorio, tabletas y tel\u00e9fonos inteligentes, asegurando as\u00ed la apariencia visualmente agradable de su sitio web en todas las plataformas. En particular, incorpora un potente constructor de p\u00e1ginas de arrastrar y soltar, que permite la creaci\u00f3n sin esfuerzo de dise\u00f1os y dise\u00f1os personalizados sin requerir ninguna experiencia de codificaci\u00f3n. Adem\u00e1s, este tema ofrece una amplia gama de opciones de personalizaci\u00f3n, como m\u00faltiples dise\u00f1os de encabezado y pie de p\u00e1gina, esquemas de color ilimitados y una amplia selecci\u00f3n de m\u00e1s de 800 fuentes de Google. Adem\u00e1s, con su documentaci\u00f3n integral y atenci\u00f3n al cliente excepcional, el tema de WordPress multiprop\u00f3sito acumec surge como una opci\u00f3n confiable y vers\u00e1til, adecuada para empresas de todas las escalas.<\/p>\n<ul>\n<li>Dise\u00f1o totalmente receptivo para verse bien en cualquier dispositivo<\/li>\n<li>F\u00e1cilmente personalizable con los complementos de revoluci\u00f3n del compositor visual incluido y el control deslizante<\/li>\n<li>M\u00faltiples dise\u00f1os de la p\u00e1gina de inicio para elegir para satisfacer sus necesidades espec\u00edficas<\/li>\n<li>M\u00e1s de 20 plantillas de p\u00e1gina preconstruidas para diversas necesidades comerciales, como sobre nosotros, servicios y cartera<\/li>\n<li>Integraci\u00f3n incorporada de Google Maps para mostrar su ubicaci\u00f3n comercial<\/li>\n<li>Integraci\u00f3n de WooCommerce para crear una tienda en l\u00ednea<\/li>\n<li>Documentaci\u00f3n integral y un equipo de apoyo dedicado para ayudar con cualquier pregunta o problema<\/li>\n<\/ul>\n","protected":false},"excerpt":{"rendered":"<p>El tema de ACUMEC Business WordPress es un tema impresionantemente vers\u00e1til e incre\u00edblemente potente, dise\u00f1ado meticulosamente para cumplir con los diversos requisitos de un amplio espectro de empresas. Este tema de WordPress multiprop\u00f3sito para empresas presenta una variedad de elementos notables, que incluyen dise\u00f1os de p\u00e1gina de inicio personalizables, encabezados y pies de p\u00e1gina personalizados, y una amplia selecci\u00f3n de opciones de color ilimitadas para su sitio web.<\/p>\n<p>Este tema de WordPress intrincadamente dise\u00f1ado le permite personalizar sin esfuerzo su sitio web para reflejar la imagen de su marca y elegir el esquema de color perfecto. Adem\u00e1s, el tema comercial de ACUMEC para WordPress incluye un constructor de p\u00e1ginas de arrastre y soldado f\u00e1cil de usar, lo que hace que la tarea de elaborar un dise\u00f1o de sitio web est\u00e9ticamente agradable y pulido.<\/p>\n<p>Este poderoso tema de WordPress para las empresas se destaca con sus notables caracter\u00edsticas y extensas funcionalidades. El tema de WordPress multiprop\u00f3sito de ACUMEC Business no es solo vers\u00e1til, sino tambi\u00e9n excepcionalmente poderoso, estableciendo un alto nivel para temas efectivos del sitio web de negocios. La personalizaci\u00f3n sin esfuerzo de este tema de WordPress y su naturaleza multifuncional realmente lo convierten<\/p>\n","protected":false},"featured_media":165254,"comment_status":"open","ping_status":"open","template":"","meta":[],"product_brand":[2337],"product_cat":[1239,1237,1238],"product_tag":[1391],"class_list":{"0":"post-114876","1":"product","2":"type-product","3":"status-publish","4":"has-post-thumbnail","6":"product_brand-themeforest","7":"product_cat-de-multiples-fines","8":"product_cat-temas","9":"product_cat-wordpress-temas","10":"product_tag-themeforest","11":"member-discount","12":"discount-restricted","14":"first","15":"instock","16":"sale","17":"downloadable","18":"virtual","19":"sold-individually","20":"purchasable","21":"product-type-simple"},"_links":{"self":[{"href":"https:\/\/gpl-love.com\/es\/wp-json\/wp\/v2\/product\/114876","targetHints":{"allow":["GET"]}}],"collection":[{"href":"https:\/\/gpl-love.com\/es\/wp-json\/wp\/v2\/product"}],"about":[{"href":"https:\/\/gpl-love.com\/es\/wp-json\/wp\/v2\/types\/product"}],"replies":[{"embeddable":true,"href":"https:\/\/gpl-love.com\/es\/wp-json\/wp\/v2\/comments?post=114876"}],"wp:featuredmedia":[{"embeddable":true,"href":"https:\/\/gpl-love.com\/es\/wp-json\/wp\/v2\/media\/165254"}],"wp:attachment":[{"href":"https:\/\/gpl-love.com\/es\/wp-json\/wp\/v2\/media?parent=114876"}],"wp:term":[{"taxonomy":"product_brand","embeddable":true,"href":"https:\/\/gpl-love.com\/es\/wp-json\/wp\/v2\/product_brand?post=114876"},{"taxonomy":"product_cat","embeddable":true,"href":"https:\/\/gpl-love.com\/es\/wp-json\/wp\/v2\/product_cat?post=114876"},{"taxonomy":"product_tag","embeddable":true,"href":"https:\/\/gpl-love.com\/es\/wp-json\/wp\/v2\/product_tag?post=114876"}],"curies":[{"name":"wp","href":"https:\/\/api.w.org\/{rel}","templated":true}]}}