{"id":114874,"date":"2021-07-05T00:00:00","date_gmt":"2021-07-05T05:00:00","guid":{"rendered":"http:\/\/gpl-love.com\/es\/?post_type=product&#038;p=114874"},"modified":"2026-03-13T17:15:20","modified_gmt":"2026-03-13T22:15:20","slug":"aduma-consulting-finance-wordpress-theme","status":"publish","type":"product","link":"https:\/\/gpl-love.com\/es\/producto\/aduma-consulting-finance-wordpress-theme\/","title":{"rendered":"Aduma Consulting Finance WordPress Theme 1.3.2"},"content":{"rendered":"<h3>Aduma Consulting Finance WordPress Theme Caracteristicas<\/h3>\n<p>ADUMA Consulting Finance WordPress Temo, una plantilla de sitio web altamente vers\u00e1til y h\u00e1bilmente receptiva, emerge como la soluci\u00f3n por excelencia para organizaciones financieras, agencias de consultor\u00eda y firmas de contabilidad que buscan una presencia en l\u00ednea excepcional. Con su dise\u00f1o de vanguardia y sofisticado, repleto de una amplia gama de opciones de personalizaci\u00f3n que le brindan la oportunidad de adaptar su sitio web a sus necesidades espec\u00edficas, el tema incorpora una est\u00e9tica contempor\u00e1nea y profesional. Adem\u00e1s, su capacidad de respuesta inquebrantable garantiza una compatibilidad perfecta en todos los dispositivos, ya sea escritorios, tabletas o tel\u00e9fonos inteligentes, garantizando as\u00ed una experiencia visual impecable para sus visitantes. Adem\u00e1s, ADUMA Consulting Finance WordPress, el tema est\u00e1 meticulosamente optimizado para satisfacer los requisitos exigentes de los motores de b\u00fasqueda, lo que garantiza una mayor visibilidad para su sitio web. Con una interfaz intuitivamente f\u00e1cil de usar y un arsenal de caracter\u00edsticas formidables, este tema sirve como una opci\u00f3n ejemplar para discernir a las personas que buscan fortalecer la presencia en l\u00ednea de su negocio financiero.<\/p>\n<ul>\n<li>ADUMA Consulting Finance WordPress El tema est\u00e1 dise\u00f1ado para ayudar a las empresas financieras a crear una presencia en l\u00ednea profesional y atractiva.<\/li>\n<li>Este tema ofrece un dise\u00f1o moderno y f\u00e1cil de usar, con un dise\u00f1o de respuesta m\u00f3vil que se adapta a cualquier dispositivo.<\/li>\n<li>ADUMA Consulting Finance WordPress El tema viene incluido con una serie de complementos premium, incluido el compositor visual, la revoluci\u00f3n del control deslizante y la cuadr\u00edcula esencial.<\/li>\n<li>El tema ofrece numerosas opciones de personalizaci\u00f3n, incluidos esquemas de color, fuentes y opciones de dise\u00f1o.<\/li>\n<li>La funci\u00f3n de importaci\u00f3n de demostraci\u00f3n de un solo clic incorporada le permite configurar r\u00e1pida y f\u00e1cilmente su sitio web con contenido previamente construido y elementos de dise\u00f1o.<\/li>\n<li>ADUMA Consulting Finance WordPress Theme ofrece funcionalidad avanzada, que incluye soporte para WooCommerce, formularios de contacto y tipos de publicaciones personalizadas.<\/li>\n<li>El tema tambi\u00e9n incluye documentaci\u00f3n detallada y soporte para ayudarlo a aprovechar al m\u00e1ximo sus caracter\u00edsticas.<\/li>\n<li>Con el tema de WordPress de Finance de Aduma Consulting, puede crear un sitio web profesional y atractivo que muestre su empresa financiera y servicios de la mejor manera posible.<\/li>\n<\/ul>\n","protected":false},"excerpt":{"rendered":"<p>El tema de WordPress de Aduma Consulting Finance es un tema de WordPress de consultor\u00eda de finanzas profesionales que sirve como una soluci\u00f3n perfecta para las empresas financieras y consultoras que buscan establecer una presencia profesional en l\u00ednea. Este elegante tema de WordPress de dise\u00f1o para finanzas muestra un dise\u00f1o moderno e innovador, que proporciona una variedad de caracter\u00edsticas para mostrar efectivamente sus habilidades y servicios a los clientes potenciales.<\/p>\n<p>Como un tema de WordPress de consultor\u00eda financiera f\u00e1cil de usar, incluye un dise\u00f1o receptivo que mejora la experiencia visual en diferentes dispositivos. Tambi\u00e9n le proporciona la flexibilidad para personalizarlo para que coincida con su marca a trav\u00e9s de un panel de opciones de temas f\u00e1ciles de usar.<\/p>\n<p>Adem\u00e1s, el tema de WordPress de la Finanza ADUMA Consulting es un tema de WordPress optimizado de SEO para las finanzas, asegurando una mejor visibilidad del sitio web entre su p\u00fablico objetivo. Es un tema de aduma para el crecimiento empresarial que impulsa efectivamente su empresa hacia el \u00e9xito.<\/p>\n<p>Emb\u00e1rcate en tu viaje hoy con el tema Contemporary Design Finance WordPress y crea un sitio web que muestre efectivamente tu experiencia. Este tema de WordPress financiero personalizable est\u00e1 dise\u00f1ado para atender a una clientela potencial y mejorar su presencia profesional en l\u00ednea.<\/p>\n","protected":false},"featured_media":165286,"comment_status":"open","ping_status":"open","template":"","meta":[],"product_brand":[2337],"product_cat":[1307,1237,1238],"product_tag":[1391],"class_list":{"0":"post-114874","1":"product","2":"type-product","3":"status-publish","4":"has-post-thumbnail","6":"product_brand-themeforest","7":"product_cat-negocio-wordpress-temas","8":"product_cat-temas","9":"product_cat-wordpress-temas","10":"product_tag-themeforest","11":"member-discount","12":"discount-restricted","14":"first","15":"instock","16":"sale","17":"downloadable","18":"virtual","19":"sold-individually","20":"purchasable","21":"product-type-simple"},"_links":{"self":[{"href":"https:\/\/gpl-love.com\/es\/wp-json\/wp\/v2\/product\/114874","targetHints":{"allow":["GET"]}}],"collection":[{"href":"https:\/\/gpl-love.com\/es\/wp-json\/wp\/v2\/product"}],"about":[{"href":"https:\/\/gpl-love.com\/es\/wp-json\/wp\/v2\/types\/product"}],"replies":[{"embeddable":true,"href":"https:\/\/gpl-love.com\/es\/wp-json\/wp\/v2\/comments?post=114874"}],"wp:featuredmedia":[{"embeddable":true,"href":"https:\/\/gpl-love.com\/es\/wp-json\/wp\/v2\/media\/165286"}],"wp:attachment":[{"href":"https:\/\/gpl-love.com\/es\/wp-json\/wp\/v2\/media?parent=114874"}],"wp:term":[{"taxonomy":"product_brand","embeddable":true,"href":"https:\/\/gpl-love.com\/es\/wp-json\/wp\/v2\/product_brand?post=114874"},{"taxonomy":"product_cat","embeddable":true,"href":"https:\/\/gpl-love.com\/es\/wp-json\/wp\/v2\/product_cat?post=114874"},{"taxonomy":"product_tag","embeddable":true,"href":"https:\/\/gpl-love.com\/es\/wp-json\/wp\/v2\/product_tag?post=114874"}],"curies":[{"name":"wp","href":"https:\/\/api.w.org\/{rel}","templated":true}]}}