{"id":114872,"date":"2024-04-21T00:00:00","date_gmt":"2024-04-21T05:00:00","guid":{"rendered":"http:\/\/gpl-love.com\/es\/?post_type=product&#038;p=114872"},"modified":"2026-04-10T11:17:24","modified_gmt":"2026-04-10T16:17:24","slug":"my-sticky-elements-pro-wordpress-plugin","status":"publish","type":"product","link":"https:\/\/gpl-love.com\/es\/producto\/my-sticky-elements-pro-wordpress-plugin\/","title":{"rendered":"My Sticky Elements Pro WordPress Plugin 2.0.7"},"content":{"rendered":"<h3>My Sticky Elements Pro WordPress Plugin Caracteristicas<\/h3>\n<p>El Sticky Elements Pro que tengo es un complemento de WordPress incre\u00edblemente robusto que proporciona un m\u00e9todo directo y altamente eficiente para generar elementos pegajosos en su sitio web. Este incre\u00edble complemento le brinda la capacidad de generar sin esfuerzo men\u00fas, encabezados, pies de p\u00e1gina, barras laterales y una variedad de otros elementos. Adem\u00e1s, cuenta con una amplia selecci\u00f3n de opciones de personalizaci\u00f3n que le permiten adaptar la apariencia y el ambiente de sus elementos pegajosos de acuerdo con el dise\u00f1o de su sitio web. Adem\u00e1s, el My Sticky Elements Pro tambi\u00e9n abarca una variedad de funcionalidades avanzadas, incluidas animaciones de desplazamiento, pantalla condicional y contenido din\u00e1mico. Lo que distingue a este complemento no es solo su naturaleza f\u00e1cil de usar, sino tambi\u00e9n su completa capacidad de respuesta y compatibilidad con todos los principales temas y complementos de WordPress. Al aprovechar el poder de mi Profy Elements Pro, tiene la oportunidad de mejorar la experiencia de usuario de su sitio web y elevar sus tasas de conversi\u00f3n a alturas sin precedentes.<\/p>\n<ul>\n<li>Cree f\u00e1cilmente elementos pegajosos personalizados en cualquier p\u00e1gina o publicaci\u00f3n en su sitio web de WordPress<\/li>\n<li>Elija entre una variedad de tipos de elementos, que incluyen texto, im\u00e1genes, botones y m\u00e1s<\/li>\n<li>Personalizar la configuraci\u00f3n de visualizaci\u00f3n de elementos, incluida la posici\u00f3n, el ancho, la altura y el color<\/li>\n<li>Establecer opciones de comportamiento del elemento, como si el elemento siempre debe ser visible o aparecer en el desplazamiento<\/li>\n<li>Agregue animaciones a sus elementos pegajosos para un atractivo visual adicional<\/li>\n<li>Controle el \u00edndice Z del elemento pegajoso para asegurarse de que aparezca adem\u00e1s de otro contenido<\/li>\n<li>Use el widget incluido para agregar f\u00e1cilmente su elemento pegajoso a cualquier \u00e1rea de widget en su sitio web<\/li>\n<li>El dise\u00f1o receptivo asegura que sus elementos pegajosos se vean bien en cualquier dispositivo<\/li>\n<li>No se requieren habilidades de codificaci\u00f3n en la interfaz intuitiva de arrastrar y soltar para crear sus elementos pegajosos personalizados<\/li>\n<\/ul>\n","protected":false},"excerpt":{"rendered":"<p>My Sticky Elements Pro, un complemento de WordPress incre\u00edblemente robusto y lleno de funciones, permite a los usuarios generar elementos pegajosos en sus sitios web. Estos elementos pueden variar desde men\u00fas de navegaci\u00f3n hasta los botones de acci\u00f3n, pancartas promocionales y m\u00e1s all\u00e1. Con su interfaz de arrastrar y soltar ingeniosamente dise\u00f1ada y una amplia selecci\u00f3n de opciones de personalizaci\u00f3n, este complemento facilita la mejora perfecta de la experiencia del usuario y la participaci\u00f3n en su sitio. Independientemente de si se identifica como blogger, vendedor o desarrollador web, mi Profy Elements Pro es una necesidad absoluta, ya que le equipa con las herramientas indispensables requeridas para los sitios web de moda que no solo exudan profesionalismo sino que tambi\u00e9n ofrecen un rendimiento excepcional.<\/p>\n","protected":false},"featured_media":166844,"comment_status":"open","ping_status":"open","template":"","meta":[],"product_brand":[2502],"product_cat":[1214,1206,1211],"product_tag":[2158],"class_list":{"0":"post-114872","1":"product","2":"type-product","3":"status-publish","4":"has-post-thumbnail","6":"product_brand-premio","7":"product_cat-personalizacion","8":"product_cat-plugins","9":"product_cat-wordpress-plugins","10":"product_tag-premio","11":"member-discount","12":"discount-restricted","14":"first","15":"instock","16":"sale","17":"downloadable","18":"virtual","19":"sold-individually","20":"purchasable","21":"product-type-simple"},"_links":{"self":[{"href":"https:\/\/gpl-love.com\/es\/wp-json\/wp\/v2\/product\/114872","targetHints":{"allow":["GET"]}}],"collection":[{"href":"https:\/\/gpl-love.com\/es\/wp-json\/wp\/v2\/product"}],"about":[{"href":"https:\/\/gpl-love.com\/es\/wp-json\/wp\/v2\/types\/product"}],"replies":[{"embeddable":true,"href":"https:\/\/gpl-love.com\/es\/wp-json\/wp\/v2\/comments?post=114872"}],"wp:featuredmedia":[{"embeddable":true,"href":"https:\/\/gpl-love.com\/es\/wp-json\/wp\/v2\/media\/166844"}],"wp:attachment":[{"href":"https:\/\/gpl-love.com\/es\/wp-json\/wp\/v2\/media?parent=114872"}],"wp:term":[{"taxonomy":"product_brand","embeddable":true,"href":"https:\/\/gpl-love.com\/es\/wp-json\/wp\/v2\/product_brand?post=114872"},{"taxonomy":"product_cat","embeddable":true,"href":"https:\/\/gpl-love.com\/es\/wp-json\/wp\/v2\/product_cat?post=114872"},{"taxonomy":"product_tag","embeddable":true,"href":"https:\/\/gpl-love.com\/es\/wp-json\/wp\/v2\/product_tag?post=114872"}],"curies":[{"name":"wp","href":"https:\/\/api.w.org\/{rel}","templated":true}]}}