{"id":114870,"date":"2021-07-05T00:00:00","date_gmt":"2021-07-05T05:00:00","guid":{"rendered":"http:\/\/gpl-love.com\/es\/?post_type=product&#038;p=114870"},"modified":"2026-03-13T17:17:01","modified_gmt":"2026-03-13T22:17:01","slug":"botheme-startup-business-wordpress-theme","status":"publish","type":"product","link":"https:\/\/gpl-love.com\/es\/producto\/botheme-startup-business-wordpress-theme\/","title":{"rendered":"BoTheme Startup Business WordPress Theme 1.3.1"},"content":{"rendered":"<h3>BoTheme Startup Business WordPress Theme Caracteristicas<\/h3>\n<p>El tema de Botheme Startup Business WordPress cuenta con una impresionante variedad de caracter\u00edsticas que lo convierten en una opci\u00f3n ideal para nuevas empresas y peque\u00f1as empresas. En virtud de su dise\u00f1o elegante y contempor\u00e1neo, este tema puede prestarle a su sitio web un aire de distinci\u00f3n sin comprometer la facilidad de uso. Su amplia gama de opciones de personalizaci\u00f3n incluye una multitud de dise\u00f1os de la p\u00e1gina de inicio, una amplia selecci\u00f3n de esquemas de color y una extensa variedad de opciones de fuentes. Adem\u00e1s, viene equipado con una variedad de p\u00e1ginas preconstruidas, como Acerca de nosotros, servicios y cartera, facilitando as\u00ed la exhibici\u00f3n sin esfuerzo de su negocio y atrayendo una nueva afluencia de clientela. Sin lugar a dudas, el tema de Botheme Startup Business WordPress es totalmente receptivo y meticulosamente optimizado para los motores de b\u00fasqueda, lo que garantiza que su sitio web mantendr\u00e1 su atractivo visual y su rendimiento superior en todos los dispositivos. Independientemente de si usted es un emprendedor en ciernes o un propietario de negocios establecido que desea elevar su empresa a nuevas alturas, este tema sin duda es una opci\u00f3n impecable.<\/p>\n<ul>\n<li>Dise\u00f1o moderno y receptivo perfecto para nuevos negocios<\/li>\n<li>P\u00e1gina de inicio personalizable con secciones predise\u00f1adas para una f\u00e1cil configuraci\u00f3n<\/li>\n<li>M\u00faltiples opciones de encabezado y pie de p\u00e1gina para elegir<\/li>\n<li>Viene con complementos \u00fatiles que incluyen el Formulario de contacto 7 y WooCommerce<\/li>\n<li>Optimizaci\u00f3n de SEO incorporada para una mejor visibilidad del motor de b\u00fasqueda<\/li>\n<li>Instalaci\u00f3n de demostraci\u00f3n de un solo clic para arranque r\u00e1pido<\/li>\n<li>Equipo de apoyo dedicado disponible para asistencia<\/li>\n<li>Compatible con todos los navegadores y dispositivos modernos<\/li>\n<li>Traducci\u00f3n lista para un alcance global<\/li>\n<li>Actualizado regularmente con nuevas funciones y correcciones de errores.<\/li>\n<\/ul>\n","protected":false},"excerpt":{"rendered":"<p>Desatara todo el potencial de su inicio con el tema de Botheme Startup Business WordPress. Este tema est\u00e1 espec\u00edficamente dise\u00f1ado para empresarios que desean mostrar su inicio de manera profesional. Cuenta con un dise\u00f1o simplificado que es totalmente personalizable, lo que le permite crear un sitio web \u00fanico y atractivo. Con su dise\u00f1o receptivo, su sitio se ver\u00e1 genial en todos los dispositivos, proporcionando una experiencia perfecta para sus visitantes. Tambi\u00e9n viene con caracter\u00edsticas avanzadas como la optimizaci\u00f3n de SEO, asegurando que su inicio obtenga la visibilidad que necesita en l\u00ednea. El tema de Botheme Startup Business WordPress es f\u00e1cil de usar, lo que facilita incluso las personas que no son expertos en tecnolog\u00eda configuran y administran su sitio web. Aumente la presencia en l\u00ednea de su startup con este tema de WordPress robusto y vers\u00e1til.<\/p>\n","protected":false},"featured_media":165547,"comment_status":"open","ping_status":"open","template":"","meta":[],"product_brand":[2337],"product_cat":[1307,1237,1238],"product_tag":[1391],"class_list":{"0":"post-114870","1":"product","2":"type-product","3":"status-publish","4":"has-post-thumbnail","6":"product_brand-themeforest","7":"product_cat-negocio-wordpress-temas","8":"product_cat-temas","9":"product_cat-wordpress-temas","10":"product_tag-themeforest","11":"member-discount","12":"discount-restricted","14":"first","15":"instock","16":"sale","17":"downloadable","18":"virtual","19":"sold-individually","20":"purchasable","21":"product-type-simple"},"_links":{"self":[{"href":"https:\/\/gpl-love.com\/es\/wp-json\/wp\/v2\/product\/114870","targetHints":{"allow":["GET"]}}],"collection":[{"href":"https:\/\/gpl-love.com\/es\/wp-json\/wp\/v2\/product"}],"about":[{"href":"https:\/\/gpl-love.com\/es\/wp-json\/wp\/v2\/types\/product"}],"replies":[{"embeddable":true,"href":"https:\/\/gpl-love.com\/es\/wp-json\/wp\/v2\/comments?post=114870"}],"wp:featuredmedia":[{"embeddable":true,"href":"https:\/\/gpl-love.com\/es\/wp-json\/wp\/v2\/media\/165547"}],"wp:attachment":[{"href":"https:\/\/gpl-love.com\/es\/wp-json\/wp\/v2\/media?parent=114870"}],"wp:term":[{"taxonomy":"product_brand","embeddable":true,"href":"https:\/\/gpl-love.com\/es\/wp-json\/wp\/v2\/product_brand?post=114870"},{"taxonomy":"product_cat","embeddable":true,"href":"https:\/\/gpl-love.com\/es\/wp-json\/wp\/v2\/product_cat?post=114870"},{"taxonomy":"product_tag","embeddable":true,"href":"https:\/\/gpl-love.com\/es\/wp-json\/wp\/v2\/product_tag?post=114870"}],"curies":[{"name":"wp","href":"https:\/\/api.w.org\/{rel}","templated":true}]}}