{"id":114866,"date":"2023-10-19T00:00:00","date_gmt":"2023-10-19T05:00:00","guid":{"rendered":"http:\/\/gpl-love.com\/es\/?post_type=product&#038;p=114866"},"modified":"2026-03-13T17:17:48","modified_gmt":"2026-03-13T22:17:48","slug":"cleanora-cleaning-services-theme","status":"publish","type":"product","link":"https:\/\/gpl-love.com\/es\/producto\/cleanora-cleaning-services-theme\/","title":{"rendered":"Cleanora Cleaning Services Theme 1.1.4"},"content":{"rendered":"<h3>Cleanora Cleaning Services Theme Caracteristicas<\/h3>\n<p>El tema de los servicios de limpieza Cleanora es un tema de WordPress incre\u00edblemente robusto y vers\u00e1til que ha sido meticulosamente elaborado para atender espec\u00edficamente a las empresas de servicios de limpieza. Con un dise\u00f1o elegante y contempor\u00e1neo, este tema otorga sin esfuerzo una est\u00e9tica sofisticada y pulida en su sitio web, lo que lo convierte en una opci\u00f3n ideal para las empresas que buscan exhibir sin esfuerzo su variedad de servicios excepcionales para aclarar efectivamente clientes potenciales. Adem\u00e1s, este tema es completamente personalizable, facilitando la sastrer\u00eda sin esfuerzo para cumplir con precisi\u00f3n con sus requisitos \u00fanicos con la m\u00e1xima facilidad y conveniencia. Abarca un constructor de p\u00e1ginas de arrastrar y soltar f\u00e1cilmente f\u00e1cil de usar, una extensa gama de opciones personalizables y una variedad de plantillas de p\u00e1gina predise\u00f1adas, todas las cuales colectivamente lo capacitan para actualizar su visi\u00f3n sin problemas. Adem\u00e1s, este tema es totalmente receptivo, asegurando que su sitio web parezca incre\u00edblemente perfecto e impecablemente optimizado en todos los dispositivos, independientemente de su tama\u00f1o o especificaciones. Con las incre\u00edbles capacidades y el potencial ilimitado que ofrece el tema de los servicios de limpieza de Cleanora, puede crear sin esfuerzo y competencia un sitio web exquisitamente profesional que sin duda allanar\u00e1 el camino para el crecimiento monumental y el florecimiento pr\u00f3spero de su estimado negocio.<\/p>\n<ul>\n<li>Un tema moderno y profesional dise\u00f1ado para sitios web de servicios de limpieza<\/li>\n<li>Dise\u00f1o totalmente receptivo que se ve muy bien en los dispositivos de escritorio, tabletas y m\u00f3viles<\/li>\n<li>P\u00e1gina de inicio predise\u00f1ada con secciones para testimonios, servicios, miembros del equipo y m\u00e1s<\/li>\n<li>Cuatro plantillas de p\u00e1gina preconstruidas para servicios, sobre nosotros, blogs y p\u00e1ginas de contacto<\/li>\n<li>Esquema de color personalizable y opciones de fuente para que coincidan con la marca y las preferencias<\/li>\n<li>Incluye complementos premium como Slider Revolution y WPBakery Page Builder<\/li>\n<li>Importaci\u00f3n de demostraci\u00f3n de un solo clic para configurar r\u00e1pidamente un sitio similar a la demostraci\u00f3n<\/li>\n<li>Todas las im\u00e1genes utilizadas en la demostraci\u00f3n se incluyen gratis<\/li>\n<li>Motor de b\u00fasqueda optimizado para ayudar a aumentar la visibilidad en l\u00ednea y atraer clientes<\/li>\n<li>Actualizaciones regulares y excelente atenci\u00f3n al cliente.<\/li>\n<\/ul>\n","protected":false},"excerpt":{"rendered":"<p>Sum\u00e9rgete en el mundo de la limpieza impecable con el tema de los servicios de limpieza de limpieza. Este tema \u00fanico y f\u00e1cil de usar est\u00e1 dise\u00f1ado espec\u00edficamente para empresas en la industria de la limpieza, lo que lo convierte en un ajuste perfecto para los servicios de limpieza, servicios de mucama, negocios de limpieza y m\u00e1s. Con sus caracter\u00edsticas premium como WooCommerce Integration, puede configurar f\u00e1cilmente su tienda en l\u00ednea para vender productos de limpieza. Sus im\u00e1genes adaptativas y su dise\u00f1o amigable con SEO aseguran que su negocio siempre se destaque entre la multitud. El tema est\u00e1 bien documentado, f\u00e1cil de instalar y viene con una vida de actualizaciones gratuitas. Cleanora no es solo un tema; Es una herramienta poderosa para impulsar su presencia en l\u00ednea y su crecimiento comercial.<\/p>\n","protected":false},"featured_media":165631,"comment_status":"open","ping_status":"open","template":"","meta":[],"product_brand":[2337],"product_cat":[1307,1237,1238],"product_tag":[1391],"class_list":{"0":"post-114866","1":"product","2":"type-product","3":"status-publish","4":"has-post-thumbnail","6":"product_brand-themeforest","7":"product_cat-negocio-wordpress-temas","8":"product_cat-temas","9":"product_cat-wordpress-temas","10":"product_tag-themeforest","11":"member-discount","12":"discount-restricted","14":"first","15":"instock","16":"sale","17":"downloadable","18":"virtual","19":"sold-individually","20":"purchasable","21":"product-type-simple"},"_links":{"self":[{"href":"https:\/\/gpl-love.com\/es\/wp-json\/wp\/v2\/product\/114866","targetHints":{"allow":["GET"]}}],"collection":[{"href":"https:\/\/gpl-love.com\/es\/wp-json\/wp\/v2\/product"}],"about":[{"href":"https:\/\/gpl-love.com\/es\/wp-json\/wp\/v2\/types\/product"}],"replies":[{"embeddable":true,"href":"https:\/\/gpl-love.com\/es\/wp-json\/wp\/v2\/comments?post=114866"}],"wp:featuredmedia":[{"embeddable":true,"href":"https:\/\/gpl-love.com\/es\/wp-json\/wp\/v2\/media\/165631"}],"wp:attachment":[{"href":"https:\/\/gpl-love.com\/es\/wp-json\/wp\/v2\/media?parent=114866"}],"wp:term":[{"taxonomy":"product_brand","embeddable":true,"href":"https:\/\/gpl-love.com\/es\/wp-json\/wp\/v2\/product_brand?post=114866"},{"taxonomy":"product_cat","embeddable":true,"href":"https:\/\/gpl-love.com\/es\/wp-json\/wp\/v2\/product_cat?post=114866"},{"taxonomy":"product_tag","embeddable":true,"href":"https:\/\/gpl-love.com\/es\/wp-json\/wp\/v2\/product_tag?post=114866"}],"curies":[{"name":"wp","href":"https:\/\/api.w.org\/{rel}","templated":true}]}}