{"id":114862,"date":"2023-05-11T00:00:00","date_gmt":"2023-05-11T05:00:00","guid":{"rendered":"http:\/\/gpl-love.com\/es\/?post_type=product&#038;p=114862"},"modified":"2026-03-13T17:19:37","modified_gmt":"2026-03-13T22:19:37","slug":"ecole-education-y-school-wordpress-theme","status":"publish","type":"product","link":"https:\/\/gpl-love.com\/es\/producto\/ecole-education-y-school-wordpress-theme\/","title":{"rendered":"Ecole Education y School WordPress Theme 1.0.9"},"content":{"rendered":"<h3>Ecole Education y School WordPress Theme Caracteristicas<\/h3>\n<p>Ecole Education and School WordPress Tema, un tema vers\u00e1til y personalizable dise\u00f1ado expl\u00edcitamente para instituciones educativas que abarcan escuelas, universidades y cursos en l\u00ednea, muestra un dise\u00f1o moderno y limpio integrado con una abundancia de opciones personalizables que facilitan la creaci\u00f3n sin costura de un sitio web distintivo y profesional Eso refleja tu marca. Con una interfaz f\u00e1cil de usar y un editor visual intuitivo, la ardua tarea de elaborar p\u00e1ginas y personalizar dise\u00f1os se vuelve sin esfuerzo. Adem\u00e1s, este tema abarca todas las caracter\u00edsticas indispensables que indispensablemente se requieren para un sitio web educativo, que abarca listados de cursos, calendarios de eventos, perfiles de maestros y funcionalidad de blog. En resumen, Ecole Education and School WordPress Them, sin duda, surge como una elecci\u00f3n excepcional para cualquier instituci\u00f3n educativa que aspire a forjar una presencia en l\u00ednea convincente y experta.<\/p>\n<ul>\n<li>Dise\u00f1o moderno y elegante<\/li>\n<li>Dise\u00f1o de la p\u00e1gina de inicio personalizable<\/li>\n<li>Sistema de gesti\u00f3n de aprendizaje incorporado<\/li>\n<li>Integraci\u00f3n con complementos populares como WooCommerce y WPML<\/li>\n<li>Receptivo y amigable para m\u00f3viles<\/li>\n<li>F\u00e1cil de usar y navegar tanto para administradores como para estudiantes<\/li>\n<li>M\u00faltiples plantillas de p\u00e1gina para varios tipos de p\u00e1ginas escolares, como eventos y maestros<\/li>\n<li>Compatible con todos los principales navegadores web<\/li>\n<li>Importaci\u00f3n de datos de demostraci\u00f3n de un solo clic para una f\u00e1cil configuraci\u00f3n<\/li>\n<li>Documentaci\u00f3n y apoyo extenso proporcionado.<\/li>\n<\/ul>\n","protected":false},"excerpt":{"rendered":"<p>El tema Ecole Education and School WordPress, siendo un tema altamente vers\u00e1til y contempor\u00e1neo, ha sido dise\u00f1ado de manera inteligente para satisfacer las necesidades y preferencias espec\u00edficas de las instituciones educativas. Poseiendo un dise\u00f1o elegante y pulido, este tema demuestra ser una opci\u00f3n ideal para una amplia gama de establecimientos educativos, que abarca escuelas, colegios, universidades y otras organizaciones educativas. La gama completa de caracter\u00edsticas integradas dentro de este notable tema comprende dise\u00f1os de p\u00e1gina de inicio personalizables, un constructor de p\u00e1ginas f\u00e1cil de usar, m\u00faltiples estilos de men\u00fa, un calendario de eventos eficiente y muchos m\u00e1s. Lo que realmente distingue el tema Ecole es su capacidad de respuesta completa, garantizar una adaptabilidad perfecta en todos los dispositivos, su meticulosa optimizaci\u00f3n para la optimizaci\u00f3n de motores de b\u00fasqueda (SEO), mejorar efectivamente la visibilidad en l\u00ednea y su invaluable apoyo para m\u00faltiples idiomas, facilitando as\u00ed la divulgaci\u00f3n global. Sin lugar a dudas, el tema Ecole, con su operaci\u00f3n sin complicaciones, emerge como el instrumento por excelencia, empoderando la creaci\u00f3n de una representaci\u00f3n en l\u00ednea excepcional y sofisticada para su estimada instituci\u00f3n educativa.<\/p>\n","protected":false},"featured_media":165902,"comment_status":"open","ping_status":"open","template":"","meta":[],"product_brand":[2337],"product_cat":[1267,1237,1238],"product_tag":[1391],"class_list":{"0":"post-114862","1":"product","2":"type-product","3":"status-publish","4":"has-post-thumbnail","6":"product_brand-themeforest","7":"product_cat-creativo","8":"product_cat-temas","9":"product_cat-wordpress-temas","10":"product_tag-themeforest","11":"member-discount","12":"discount-restricted","14":"first","15":"instock","16":"sale","17":"downloadable","18":"virtual","19":"sold-individually","20":"purchasable","21":"product-type-simple"},"_links":{"self":[{"href":"https:\/\/gpl-love.com\/es\/wp-json\/wp\/v2\/product\/114862","targetHints":{"allow":["GET"]}}],"collection":[{"href":"https:\/\/gpl-love.com\/es\/wp-json\/wp\/v2\/product"}],"about":[{"href":"https:\/\/gpl-love.com\/es\/wp-json\/wp\/v2\/types\/product"}],"replies":[{"embeddable":true,"href":"https:\/\/gpl-love.com\/es\/wp-json\/wp\/v2\/comments?post=114862"}],"wp:featuredmedia":[{"embeddable":true,"href":"https:\/\/gpl-love.com\/es\/wp-json\/wp\/v2\/media\/165902"}],"wp:attachment":[{"href":"https:\/\/gpl-love.com\/es\/wp-json\/wp\/v2\/media?parent=114862"}],"wp:term":[{"taxonomy":"product_brand","embeddable":true,"href":"https:\/\/gpl-love.com\/es\/wp-json\/wp\/v2\/product_brand?post=114862"},{"taxonomy":"product_cat","embeddable":true,"href":"https:\/\/gpl-love.com\/es\/wp-json\/wp\/v2\/product_cat?post=114862"},{"taxonomy":"product_tag","embeddable":true,"href":"https:\/\/gpl-love.com\/es\/wp-json\/wp\/v2\/product_tag?post=114862"}],"curies":[{"name":"wp","href":"https:\/\/api.w.org\/{rel}","templated":true}]}}