{"id":114860,"date":"2021-07-05T00:00:00","date_gmt":"2021-07-05T05:00:00","guid":{"rendered":"http:\/\/gpl-love.com\/es\/?post_type=product&#038;p=114860"},"modified":"2026-04-10T11:33:26","modified_gmt":"2026-04-10T16:33:26","slug":"woocommerce-product-stats-y-related","status":"publish","type":"product","link":"https:\/\/gpl-love.com\/es\/producto\/woocommerce-product-stats-y-related\/","title":{"rendered":"WooCommerce Product Stats y Related 3.2"},"content":{"rendered":"<h3>WooCommerce Product Stats y Related Caracteristicas<\/h3>\n<p>Las estad\u00edsticas de productos de WooCommerce y el complemento relacionado est\u00e1n espec\u00edficamente dise\u00f1ados para empresarios que operan tiendas en l\u00ednea y aspiran a elevar su negocio a nuevas alturas. Este complemento robusto capacita a los usuarios con la capacidad de profundizar en el rendimiento de su producto y el comportamiento del cliente, lo que les permite tomar decisiones bien informadas relacionadas con sus esfuerzos comerciales. Al integrar perfectamente este complemento en su tienda en l\u00ednea, obtiene acceso a estad\u00edsticas integrales en tiempo real que abarcan vistas, ventas e ingresos de productos. Adem\u00e1s, se le presentan ideas invaluables con respecto a sus productos y categor\u00edas de alto rendimiento. Ampliando m\u00e1s all\u00e1 de estos beneficios, se le otorgan informes intrincados que aclaran los patrones de compra de sus clientes, las preferencias de productos y una variedad de otra informaci\u00f3n relevante. Adem\u00e1s, las estad\u00edsticas de productos de WooCommerce y el complemento relacionado recomiendan sin problemas productos relacionados a sus estimados clientes en funci\u00f3n de su historial de navegaci\u00f3n y compra, lo que aumenta exponencialmente sus cifras de ventas y mejoran la satisfacci\u00f3n del cliente. Este complemento indispensable, caracterizado por su interfaz f\u00e1cil de usar y caracter\u00edsticas potentes, es una herramienta esencial para cualquier propietario de la tienda en l\u00ednea que se esfuerce por expandir sus operaciones comerciales.<\/p>\n<ul>\n<li>Estad\u00edsticas de productos en tiempo real que se muestran en los widgets del tablero<\/li>\n<li>Rastrear las ventas y los ingresos de los productos individuales<\/li>\n<li>Ver inventario de productos y niveles de stock<\/li>\n<li>Monitorear las revisiones de los clientes de sus productos<\/li>\n<li>Recibir notificaciones de niveles bajos de existencias y necesidades de reposici\u00f3n<\/li>\n<li>Navegar f\u00e1cilmente por productos relacionados y oportunidades de venta cruzada<\/li>\n<li>Mejorar la gesti\u00f3n de productos y la toma de decisiones con informaci\u00f3n basada en datos<\/li>\n<li>Compatible con todos los temas y extensiones de WooCommerce<\/li>\n<li>Proceso de instalaci\u00f3n y configuraci\u00f3n r\u00e1pida y f\u00e1cil.<\/li>\n<\/ul>\n","protected":false},"excerpt":{"rendered":"<p>Las estad\u00edsticas de productos de WooCommerce y relacionado son un complemento indispensable y esencial que no debe pasarse por alto en ninguna tienda en l\u00ednea que utilice WooCommerce. Esta herramienta notable y potente ofrece una amplia gama de estad\u00edsticas integrales relacionadas con sus productos de WooCommerce, lo que le permite tomar decisiones comerciales bien informadas y juiciosas. Al aprovechar la informaci\u00f3n detallada e intrincada sobre las vistas del producto, las ventas y el comportamiento del cliente, puede ajustar y optimizar sin esfuerzo sus ofertas de productos, lo que lleva a una mejora sustancial en las ventas. Adem\u00e1s, este complemento ofrece sugerencias valiosas y pertinentes para los productos relacionados con los clientes, aumentando a\u00fan m\u00e1s la experiencia general de compra y fomentando una mayor propensi\u00f3n para un aumento de las compras. Para resumir, la adici\u00f3n de estad\u00edsticas de productos de WooCommerce y relacionada con cualquier tienda de WooCommerce es un movimiento verdaderamente ventajoso y beneficioso, ya que efectivamente contribuye a impulsar el triunfo de los negocios y promover el crecimiento exponencial.<\/p>\n","protected":false},"featured_media":168232,"comment_status":"open","ping_status":"open","template":"","meta":[],"product_brand":[2339],"product_cat":[1208,1207,1206],"product_tag":[1256],"class_list":{"0":"post-114860","1":"product","2":"type-product","3":"status-publish","4":"has-post-thumbnail","6":"product_brand-codecanyon","7":"product_cat-administracion","8":"product_cat-comercio-electronico-plugins","9":"product_cat-plugins","10":"product_tag-codecanyon","11":"member-discount","12":"discount-restricted","14":"first","15":"instock","16":"sale","17":"downloadable","18":"virtual","19":"sold-individually","20":"purchasable","21":"product-type-simple"},"_links":{"self":[{"href":"https:\/\/gpl-love.com\/es\/wp-json\/wp\/v2\/product\/114860","targetHints":{"allow":["GET"]}}],"collection":[{"href":"https:\/\/gpl-love.com\/es\/wp-json\/wp\/v2\/product"}],"about":[{"href":"https:\/\/gpl-love.com\/es\/wp-json\/wp\/v2\/types\/product"}],"replies":[{"embeddable":true,"href":"https:\/\/gpl-love.com\/es\/wp-json\/wp\/v2\/comments?post=114860"}],"wp:featuredmedia":[{"embeddable":true,"href":"https:\/\/gpl-love.com\/es\/wp-json\/wp\/v2\/media\/168232"}],"wp:attachment":[{"href":"https:\/\/gpl-love.com\/es\/wp-json\/wp\/v2\/media?parent=114860"}],"wp:term":[{"taxonomy":"product_brand","embeddable":true,"href":"https:\/\/gpl-love.com\/es\/wp-json\/wp\/v2\/product_brand?post=114860"},{"taxonomy":"product_cat","embeddable":true,"href":"https:\/\/gpl-love.com\/es\/wp-json\/wp\/v2\/product_cat?post=114860"},{"taxonomy":"product_tag","embeddable":true,"href":"https:\/\/gpl-love.com\/es\/wp-json\/wp\/v2\/product_tag?post=114860"}],"curies":[{"name":"wp","href":"https:\/\/api.w.org\/{rel}","templated":true}]}}