{"id":114853,"date":"2025-11-27T00:00:00","date_gmt":"2025-11-27T05:00:00","guid":{"rendered":"http:\/\/gpl-love.com\/es\/?post_type=product&#038;p=114853"},"modified":"2026-03-09T07:40:32","modified_gmt":"2026-03-09T12:40:32","slug":"gravity-forms-zoho-crm-addon","status":"publish","type":"product","link":"https:\/\/gpl-love.com\/es\/producto\/gravity-forms-zoho-crm-addon\/","title":{"rendered":"Gravity Forms Zoho CRM Addon 2.4.0.1"},"content":{"rendered":"<h3>Gravity Forms Zoho CRM Addon Caracteristicas<\/h3>\n<p>La gravedad forma Zoho CRM Addon, una herramienta robusta dise\u00f1ada para mejorar los procesos de generaci\u00f3n de leads y gesti\u00f3n de relaciones con los clientes, ofrece a las empresas una soluci\u00f3n notable. Integra perfectamente las formas de gravedad con Zoho CRM, simplificando as\u00ed las tareas desafiantes de capturar la informaci\u00f3n del cliente y convertir los clientes potenciales en ventas. Utilizando su interfaz de arrastrar y soltar f\u00e1cilmente de usuario, las empresas pueden crear formas y encuestas personalizadas sin esfuerzo para recopilar datos pertinentes de los visitantes de su sitio web. Lo que distingue a este complemento es su sincronizaci\u00f3n autom\u00e1tica de datos con Zoho CRM, eliminando el tedioso y propenso al proceso de entrada de datos manuales. Adem\u00e1s, este complemento permite a las empresas automatizar los correos electr\u00f3nicos de seguimiento, asignar conductos a equipos de ventas y rastrear meticulosamente las interacciones de los clientes, obteniendo as\u00ed ideas valiosas sobre su comportamiento de compra. En conclusi\u00f3n, las formas de gravedad Zoho CRM Addon es una herramienta indispensable para las empresas que buscan optimizar sus estrategias de adquisici\u00f3n y retenci\u00f3n de clientes.<\/p>\n<ul>\n<li>Integraci\u00f3n perfecta entre las formas de gravedad y Zoho CRM<\/li>\n<li>Agregue autom\u00e1ticamente los env\u00edos de formularios como clientes potenciales, contactos o cuentas en Zoho CRM<\/li>\n<li>MAP Gravity Forms Fields a los campos correspondientes en Zoho CRM<\/li>\n<li>Ahorre tiempo eliminando la necesidad de entrada de datos manuales<\/li>\n<li>Personalizar opciones de mapeo para satisfacer sus necesidades comerciales espec\u00edficas<\/li>\n<li>Mant\u00e9ngase organizado con datos de clientes precisos y actualizados almacenados en Zoho CRM<\/li>\n<li>Mejorar las tasas de conversi\u00f3n de plomo al optimizar el proceso de captura de plomo<\/li>\n<li>Compatible con todos los tipos de formularios de gravedad y m\u00f3dulos Zoho CRM<\/li>\n<li>Proceso simple de instalaci\u00f3n y configuraci\u00f3n<\/li>\n<li>Atenci\u00f3n al cliente y actualizaciones gratuitas por un a\u00f1o con la compra.<\/li>\n<\/ul>\n","protected":false},"excerpt":{"rendered":"<p>Las formas de gravedad Zoho CRM Addon se han desarrollado intrincadamente para amalgamar impecablemente sus datos de formularios de gravedad con su cuenta Zoho CRM, lo que resulta en una integraci\u00f3n perfecta. A trav\u00e9s de la utilizaci\u00f3n de esta herramienta formidable, la ardua tarea de transferir los env\u00edos de formularios, la informaci\u00f3n del cliente y otros datos sobresalientes a su cuenta Zoho CRM se realizan sin esfuerzo. Se despiden de la laboriosa y lento ingreso manual de datos y adopta el advenimiento de los flujos de trabajo simplificados y la productividad aumentada. Adem\u00e1s, la gravedad forma Zoho CRM Addon ofrece un proceso de configuraci\u00f3n sin problemas y una amplia gama de opciones de personalizaci\u00f3n, lo que lo convierte en la adici\u00f3n por excelencia a su kit de herramientas de negocios.<\/p>\n","protected":false},"featured_media":166341,"comment_status":"open","ping_status":"open","template":"","meta":[],"product_brand":[2469],"product_cat":[1232,1206,1211],"product_tag":[1300],"class_list":{"0":"post-114853","1":"product","2":"type-product","3":"status-publish","4":"has-post-thumbnail","6":"product_brand-gravityforms","7":"product_cat-marketing-wordpress-plugins","8":"product_cat-plugins","9":"product_cat-wordpress-plugins","10":"product_tag-gravityforms","11":"member-discount","12":"discount-restricted","14":"first","15":"instock","16":"sale","17":"downloadable","18":"virtual","19":"sold-individually","20":"purchasable","21":"product-type-simple"},"_links":{"self":[{"href":"https:\/\/gpl-love.com\/es\/wp-json\/wp\/v2\/product\/114853","targetHints":{"allow":["GET"]}}],"collection":[{"href":"https:\/\/gpl-love.com\/es\/wp-json\/wp\/v2\/product"}],"about":[{"href":"https:\/\/gpl-love.com\/es\/wp-json\/wp\/v2\/types\/product"}],"replies":[{"embeddable":true,"href":"https:\/\/gpl-love.com\/es\/wp-json\/wp\/v2\/comments?post=114853"}],"wp:featuredmedia":[{"embeddable":true,"href":"https:\/\/gpl-love.com\/es\/wp-json\/wp\/v2\/media\/166341"}],"wp:attachment":[{"href":"https:\/\/gpl-love.com\/es\/wp-json\/wp\/v2\/media?parent=114853"}],"wp:term":[{"taxonomy":"product_brand","embeddable":true,"href":"https:\/\/gpl-love.com\/es\/wp-json\/wp\/v2\/product_brand?post=114853"},{"taxonomy":"product_cat","embeddable":true,"href":"https:\/\/gpl-love.com\/es\/wp-json\/wp\/v2\/product_cat?post=114853"},{"taxonomy":"product_tag","embeddable":true,"href":"https:\/\/gpl-love.com\/es\/wp-json\/wp\/v2\/product_tag?post=114853"}],"curies":[{"name":"wp","href":"https:\/\/api.w.org\/{rel}","templated":true}]}}