{"id":114851,"date":"2025-04-16T00:00:00","date_gmt":"2025-04-16T05:00:00","guid":{"rendered":"http:\/\/gpl-love.com\/es\/?post_type=product&#038;p=114851"},"modified":"2026-03-09T07:40:28","modified_gmt":"2026-03-09T12:40:28","slug":"gravity-forms-webhooks-addon","status":"publish","type":"product","link":"https:\/\/gpl-love.com\/es\/producto\/gravity-forms-webhooks-addon\/","title":{"rendered":"Gravity Forms Webhooks AddOn 1.7.0"},"content":{"rendered":"<h3>Gravity Forms Webhooks AddOn Caracteristicas<\/h3>\n<p>El complemento de Webhooks Forms de gravedad es un complemento excepcionalmente potente que sirve para facilitar la automatizaci\u00f3n de su flujo de trabajo integrando perfectamente sus formularios de gravedad con una multitud de aplicaciones de terceros. Al implementar este complemento en particular, obtiene la capacidad de generar sin esfuerzo webhooks que se desencadenan r\u00e1pidamente en la ocurrencia de una presentaci\u00f3n de formulario. En consecuencia, puede aprovechar estos datos invaluables para optimizar efectivamente sus operaciones comerciales, abarcar, pero no limitarse a acciones como la difusi\u00f3n de notificaciones por correo electr\u00f3nico, la actualizaci\u00f3n meticulosa de su CRM o incluso la creaci\u00f3n de un boleto de soporte completamente novedoso. Sorprendentemente, el complemento en s\u00ed se caracteriza por su naturaleza f\u00e1cil de usar, asegurando que su proceso de configuraci\u00f3n sea muy f\u00e1cil. Adem\u00e1s, su flexibilidad inherente le permite personalizar juiciosamente una gran cantidad de elementos esenciales, incluidas la URL del webhook, la carga \u00fatil, los encabezados y el m\u00e9todo HTTP, todo de acuerdo con sus especificaciones y requisitos previos \u00fanicos. En \u00faltima instancia, la gravedad forma Webhooks Addon sirve como un faro de eficiencia, trabajando diligentemente hacia la optimizaci\u00f3n de su flujo de trabajo en gran medida, efectuando as\u00ed la reducci\u00f3n de tareas manuales mientras conserve simult\u00e1neamente tanto tiempo como esfuerzo.<\/p>\n<ul>\n<li>Permite a los usuarios de gravedad formularios integrarse con aplicaciones y servicios externas a trav\u00e9s de Webhooks<\/li>\n<li>Env\u00eda datos de env\u00edo de formulario en formato JSON a la URL especificada<\/li>\n<li>Puede enviar datos sobre el env\u00edo del formulario, o en eventos espec\u00edficos como el recibo de pago, el registro del usuario o el abandono del formulario<\/li>\n<li>F\u00e1cilmente configurable a trav\u00e9s de la pantalla de configuraci\u00f3n de gravedad formularios<\/li>\n<li>Puede enviar encabezados HTTP personalizados junto con la carga \u00fatil de datos<\/li>\n<li>Admite el cifrado SSL\/TLS para la transmisi\u00f3n de datos seguros<\/li>\n<li>Proporciona registro detallado e informes de errores para una f\u00e1cil resoluci\u00f3n de problemas<\/li>\n<li>Compatible con una amplia gama de plataformas y servicios externas, incluidos Zapier, Salesforce, MailChimp y muchos m\u00e1s<\/li>\n<li>Ayuda a automatizar los flujos de trabajo y optimizar la gesti\u00f3n de datos para empresas de todos los tama\u00f1os<\/li>\n<li>Ofrece una soluci\u00f3n rentable y flexible para integrar formularios web con sistemas y aplicaciones externas<\/li>\n<\/ul>\n","protected":false},"excerpt":{"rendered":"<p>La gravedad forma Webhooks Addon, una herramienta altamente potente, sirve como una soluci\u00f3n fundamental para integrar sin problemas sus datos de formularios de gravedad con varios servicios de terceros. Al habilitar la transmisi\u00f3n de env\u00edos de formulario a trav\u00e9s de solicitudes HTTP a una URL predeterminada, puede incorporar sin esfuerzo sus formularios en su sistema de gesti\u00f3n de relaciones con el cliente (CRM) preferido, herramienta de marketing por correo electr\u00f3nico o cualquier otro software que acepte f\u00e1cilmente las solicitudes de Webhook. Dise\u00f1ado a prop\u00f3sito para facilitar la optimizaci\u00f3n de su flujo de trabajo y la automatizaci\u00f3n de sus procesos, este complemento se esfuerza por simplificar el intrincado procedimiento de integraci\u00f3n. Totalmente compatible con todas las versiones de los formularios de gravedad, el complemento Webhooks se destaca indiscutiblemente como un recurso indispensable para las personas que buscan expandir y refinar sus operaciones comerciales.<\/p>\n","protected":false},"featured_media":166338,"comment_status":"open","ping_status":"open","template":"","meta":[],"product_brand":[2469],"product_cat":[1214,1206,1211],"product_tag":[1300],"class_list":{"0":"post-114851","1":"product","2":"type-product","3":"status-publish","4":"has-post-thumbnail","6":"product_brand-gravityforms","7":"product_cat-personalizacion","8":"product_cat-plugins","9":"product_cat-wordpress-plugins","10":"product_tag-gravityforms","11":"member-discount","12":"discount-restricted","14":"first","15":"instock","16":"sale","17":"downloadable","18":"virtual","19":"sold-individually","20":"purchasable","21":"product-type-simple"},"_links":{"self":[{"href":"https:\/\/gpl-love.com\/es\/wp-json\/wp\/v2\/product\/114851","targetHints":{"allow":["GET"]}}],"collection":[{"href":"https:\/\/gpl-love.com\/es\/wp-json\/wp\/v2\/product"}],"about":[{"href":"https:\/\/gpl-love.com\/es\/wp-json\/wp\/v2\/types\/product"}],"replies":[{"embeddable":true,"href":"https:\/\/gpl-love.com\/es\/wp-json\/wp\/v2\/comments?post=114851"}],"wp:featuredmedia":[{"embeddable":true,"href":"https:\/\/gpl-love.com\/es\/wp-json\/wp\/v2\/media\/166338"}],"wp:attachment":[{"href":"https:\/\/gpl-love.com\/es\/wp-json\/wp\/v2\/media?parent=114851"}],"wp:term":[{"taxonomy":"product_brand","embeddable":true,"href":"https:\/\/gpl-love.com\/es\/wp-json\/wp\/v2\/product_brand?post=114851"},{"taxonomy":"product_cat","embeddable":true,"href":"https:\/\/gpl-love.com\/es\/wp-json\/wp\/v2\/product_cat?post=114851"},{"taxonomy":"product_tag","embeddable":true,"href":"https:\/\/gpl-love.com\/es\/wp-json\/wp\/v2\/product_tag?post=114851"}],"curies":[{"name":"wp","href":"https:\/\/api.w.org\/{rel}","templated":true}]}}