{"id":114849,"date":"2024-04-05T00:00:00","date_gmt":"2024-04-05T05:00:00","guid":{"rendered":"http:\/\/gpl-love.com\/es\/?post_type=product&#038;p=114849"},"modified":"2026-03-09T07:40:12","modified_gmt":"2026-03-09T12:40:12","slug":"gravity-forms-sendgrid-addon","status":"publish","type":"product","link":"https:\/\/gpl-love.com\/es\/producto\/gravity-forms-sendgrid-addon\/","title":{"rendered":"Gravity Forms SendGrid Addon 1.6.0"},"content":{"rendered":"<h3>Gravity Forms SendGrid Addon Caracteristicas<\/h3>\n<p>Los formularios de gravedad SendGrid Addon sirven como una herramienta incre\u00edblemente potente, que sirve a las empresas con el prop\u00f3sito de racionalizar y mejorar sus esfuerzos de comunicaci\u00f3n por correo electr\u00f3nico a trav\u00e9s de la integraci\u00f3n perfecta de los formularios de gravedad y SendGrid. Al utilizar este complemento, los usuarios tienen la conveniencia de dise\u00f1ar y administrar sin esfuerzo plantillas de correo electr\u00f3nico a medida, implementar autorespondedores, rastrear meticulosamente las entregas de correo electr\u00f3nico y monitorear vigilantemente las tarifas de apertura y clics. Adem\u00e1s, este complemento cuenta con una gran cantidad de funcionalidades avanzadas, que incluye una l\u00f3gica condicional, formularios de varias p\u00e1ginas y cargas de archivos, lo que permite a los usuarios con un dominio final sobre sus campa\u00f1as de correo electr\u00f3nico. En consecuencia, con la utilizaci\u00f3n de los formularios de gravedad SendGrid Addon, las empresas pueden forjar conexiones sin esfuerzo con su p\u00fablico objetivo y avanzar efectivamente en sus estrategias de marketing generales.<\/p>\n<ul>\n<li>Integraci\u00f3n perfecta del servicio de correo electr\u00f3nico SendGrid con formularios de gravedad<\/li>\n<li>Notificaciones de correo electr\u00f3nico instant\u00e1neas y autorespondedores<\/li>\n<li>Proceso de configuraci\u00f3n y configuraci\u00f3n f\u00e1cil<\/li>\n<li>Capacidad para personalizar las plantillas de correo electr\u00f3nico para fines de marca<\/li>\n<li>Seguimiento y an\u00e1lisis en tiempo real para el correo electr\u00f3nico abre, clics y conversiones<\/li>\n<li>Caracter\u00edsticas avanzadas de entrega de correo electr\u00f3nico, como listas de supresi\u00f3n e informes de spam<\/li>\n<li>Entrega de correo electr\u00f3nico confiable con las altas tarifas de entrega de SendGrid<\/li>\n<li>Transmisi\u00f3n segura de datos del cliente con cifrado incorporado<\/li>\n<li>Integraci\u00f3n con CRMS populares y herramientas de automatizaci\u00f3n de marketing<\/li>\n<li>Acceso al equipo de atenci\u00f3n al cliente de SendGrid para asistencia t\u00e9cnica<\/li>\n<\/ul>\n","protected":false},"excerpt":{"rendered":"<p>Los formularios de gravedad SendGrid Addon demuestran ser una herramienta incre\u00edblemente robusta y eficiente que integra perfectamente sus formularios de gravedad con los aclamados servicios de correo electr\u00f3nico SendGrid. Este complemento extraordinario le otorga la capacidad incomparable para enviar notificaciones de correo electr\u00f3nico sin esfuerzo, boletines informativos y una amplia gama de otros mensajes esenciales directamente desde su tablero de formularios de gravedad. Al emplear funciones avanzadas, como la segmentaci\u00f3n de la lista de correo electr\u00f3nico, la mensajer\u00eda personalizada y la optimizaci\u00f3n de la entrega, puede estar seguro de que sus mensajes sin duda llegar\u00e1n a sus destinatarios previstos de inmediato. Independientemente de si usted es un propietario de negocios a peque\u00f1a escala, un profesional de marketing o incluso un desarrollador calificado, los formularios de gravedad SendGrid Addon representa un instrumento absolutamente indispensable para optimizar sus campa\u00f1as de correo electr\u00f3nico y, en \u00faltima instancia, maximizar su alcance general.<\/p>\n","protected":false},"featured_media":166327,"comment_status":"open","ping_status":"open","template":"","meta":[],"product_brand":[2469],"product_cat":[1232,1206,1211],"product_tag":[1300],"class_list":{"0":"post-114849","1":"product","2":"type-product","3":"status-publish","4":"has-post-thumbnail","6":"product_brand-gravityforms","7":"product_cat-marketing-wordpress-plugins","8":"product_cat-plugins","9":"product_cat-wordpress-plugins","10":"product_tag-gravityforms","11":"member-discount","12":"discount-restricted","14":"first","15":"instock","16":"sale","17":"downloadable","18":"virtual","19":"sold-individually","20":"purchasable","21":"product-type-simple"},"_links":{"self":[{"href":"https:\/\/gpl-love.com\/es\/wp-json\/wp\/v2\/product\/114849","targetHints":{"allow":["GET"]}}],"collection":[{"href":"https:\/\/gpl-love.com\/es\/wp-json\/wp\/v2\/product"}],"about":[{"href":"https:\/\/gpl-love.com\/es\/wp-json\/wp\/v2\/types\/product"}],"replies":[{"embeddable":true,"href":"https:\/\/gpl-love.com\/es\/wp-json\/wp\/v2\/comments?post=114849"}],"wp:featuredmedia":[{"embeddable":true,"href":"https:\/\/gpl-love.com\/es\/wp-json\/wp\/v2\/media\/166327"}],"wp:attachment":[{"href":"https:\/\/gpl-love.com\/es\/wp-json\/wp\/v2\/media?parent=114849"}],"wp:term":[{"taxonomy":"product_brand","embeddable":true,"href":"https:\/\/gpl-love.com\/es\/wp-json\/wp\/v2\/product_brand?post=114849"},{"taxonomy":"product_cat","embeddable":true,"href":"https:\/\/gpl-love.com\/es\/wp-json\/wp\/v2\/product_cat?post=114849"},{"taxonomy":"product_tag","embeddable":true,"href":"https:\/\/gpl-love.com\/es\/wp-json\/wp\/v2\/product_tag?post=114849"}],"curies":[{"name":"wp","href":"https:\/\/api.w.org\/{rel}","templated":true}]}}