{"id":114847,"date":"2024-03-29T00:00:00","date_gmt":"2024-03-29T05:00:00","guid":{"rendered":"http:\/\/gpl-love.com\/es\/?post_type=product&#038;p=114847"},"modified":"2026-03-09T07:40:09","modified_gmt":"2026-03-09T12:40:09","slug":"gravity-forms-postmark-addon","status":"publish","type":"product","link":"https:\/\/gpl-love.com\/es\/producto\/gravity-forms-postmark-addon\/","title":{"rendered":"Gravity Forms Postmark Addon 1.4.0"},"content":{"rendered":"<h3>Gravity Forms Postmark Addon Caracteristicas<\/h3>\n<p>El complemento de Mostmark de Gravity Forms es una herramienta excepcionalmente potente que optimiza el proceso de enviar correos electr\u00f3nicos desde su sitio de WordPress. Este notable complemento le permite enviar correos electr\u00f3nicos sin esfuerzo y r\u00e1pidamente, sin la necesidad de preocuparse por configuraciones enrevesadas o intrincados dilemas t\u00e9cnicos. Al conectarse directamente con la API de Manachinas, este complemento garantiza la entrega confiable y r\u00e1pida de sus correos electr\u00f3nicos. Adem\u00e1s, tiene la capacidad de monitorear el estado de sus entregas de correo electr\u00f3nico y leer informes en profundidad, facilitando la optimizaci\u00f3n de sus campa\u00f1as de marketing por correo electr\u00f3nico. Ideal tanto para empresas como para personas que buscan optimizar sus esfuerzos de marketing por correo electr\u00f3nico y mejorar sus tarifas de entrega de correo electr\u00f3nico, este complemento es realmente indispensable.<\/p>\n<ul>\n<li>Integraci\u00f3n perfecta con formas de gravedad<\/li>\n<li>Entrega de correo electr\u00f3nico avanzada con API de postkark<\/li>\n<li>Proporciona actualizaciones detalladas de an\u00e1lisis de correo electr\u00f3nico y estado de entrega<\/li>\n<li>Plantillas de correo electr\u00f3nico personalizables con marcadores de posici\u00f3n din\u00e1micos<\/li>\n<li>Manejo autom\u00e1tico de correos electr\u00f3nicos rebotados y direcciones err\u00f3neas<\/li>\n<li>Seguridad de correo electr\u00f3nico mejorada con la robusta infraestructura de Mostmark<\/li>\n<li>Configuraci\u00f3n y configuraci\u00f3n f\u00e1cil con instrucciones paso a paso<\/li>\n<li>Actualizaciones y soporte regulares del equipo de Gravity Forms<\/li>\n<li>Compatible con las versiones de WordPress -6 y arriba<\/li>\n<li>Opciones de precios asequibles y planes flexibles.<\/li>\n<\/ul>\n","protected":false},"excerpt":{"rendered":"<p>El complemento de Mostmark de Gravity Forms es una herramienta incre\u00edblemente potente y eficiente que le ofrece la integraci\u00f3n perfecta de sus formularios de gravedad con la plataforma de entrega de correo electr\u00f3nico altamente confiable conocida como Matchark. Esta notable plataforma asegura que sus mensajes se entreguen directamente a las bandejas de entrada de sus destinatarios, eliminando cualquier posibilidad de que se pierdan o pasen por alto. Al utilizar este ingenioso complemento, obtiene la capacidad de configurar sin esfuerzo una amplia gama de notificaciones de correo electr\u00f3nico, recibos y varias otras formas de correos electr\u00f3nicos automatizados que se enviar\u00e1n desde su sitio de WordPress, todo mientras se beneficia de la excepcional tecnolog\u00eda de entrega de correo electr\u00f3nico proporcionada por Manualmark. En consecuencia, experimenta un impulso significativo en sus tasas de apertura de correo electr\u00f3nico y el \u00e9xito general en el \u00e1mbito de la comunicaci\u00f3n por correo electr\u00f3nico.<\/p>\n","protected":false},"featured_media":166325,"comment_status":"open","ping_status":"open","template":"","meta":[],"product_brand":[2469],"product_cat":[1214,1206,1211],"product_tag":[1300],"class_list":{"0":"post-114847","1":"product","2":"type-product","3":"status-publish","4":"has-post-thumbnail","6":"product_brand-gravityforms","7":"product_cat-personalizacion","8":"product_cat-plugins","9":"product_cat-wordpress-plugins","10":"product_tag-gravityforms","11":"member-discount","12":"discount-restricted","14":"first","15":"instock","16":"sale","17":"downloadable","18":"virtual","19":"sold-individually","20":"purchasable","21":"product-type-simple"},"_links":{"self":[{"href":"https:\/\/gpl-love.com\/es\/wp-json\/wp\/v2\/product\/114847","targetHints":{"allow":["GET"]}}],"collection":[{"href":"https:\/\/gpl-love.com\/es\/wp-json\/wp\/v2\/product"}],"about":[{"href":"https:\/\/gpl-love.com\/es\/wp-json\/wp\/v2\/types\/product"}],"replies":[{"embeddable":true,"href":"https:\/\/gpl-love.com\/es\/wp-json\/wp\/v2\/comments?post=114847"}],"wp:featuredmedia":[{"embeddable":true,"href":"https:\/\/gpl-love.com\/es\/wp-json\/wp\/v2\/media\/166325"}],"wp:attachment":[{"href":"https:\/\/gpl-love.com\/es\/wp-json\/wp\/v2\/media?parent=114847"}],"wp:term":[{"taxonomy":"product_brand","embeddable":true,"href":"https:\/\/gpl-love.com\/es\/wp-json\/wp\/v2\/product_brand?post=114847"},{"taxonomy":"product_cat","embeddable":true,"href":"https:\/\/gpl-love.com\/es\/wp-json\/wp\/v2\/product_cat?post=114847"},{"taxonomy":"product_tag","embeddable":true,"href":"https:\/\/gpl-love.com\/es\/wp-json\/wp\/v2\/product_tag?post=114847"}],"curies":[{"name":"wp","href":"https:\/\/api.w.org\/{rel}","templated":true}]}}