{"id":114845,"date":"2021-07-04T00:00:00","date_gmt":"2021-07-04T05:00:00","guid":{"rendered":"http:\/\/gpl-love.com\/es\/?post_type=product&#038;p=114845"},"modified":"2026-03-09T07:40:04","modified_gmt":"2026-03-09T12:40:04","slug":"gravity-forms-paypal-payments-standard-addon","status":"publish","type":"product","link":"https:\/\/gpl-love.com\/es\/producto\/gravity-forms-paypal-payments-standard-addon\/","title":{"rendered":"Gravity Forms Paypal Payments Standard Addon 3.3"},"content":{"rendered":"<h3>Gravity Forms Paypal Payments Standard Addon Caracteristicas<\/h3>\n<p>La gravedad forma PayPal Payments Standard Addon, repleto de sus extensas capacidades, capacita a los usuarios al permitirles aceptar los pagos sin esfuerzo a trav\u00e9s de sus cuentas de PayPal. Este notable complemento facilita la creaci\u00f3n de formularios en l\u00ednea que se integran sin problemas con la estimada pasarela de pago de PayPal, proporcionando as\u00ed a los clientes un medio seguro a trav\u00e9s del cual pueden presentar los pagos de los productos o servicios que desean. La interfaz de usuario de este complemento no solo es directa, sino tambi\u00e9n f\u00e1cil de usar, asegurando que los usuarios puedan establecer sin esfuerzo opciones de pago, adaptar los campos de pago a sus necesidades espec\u00edficas y administrar expertos en las intrincadas transacciones de la Web of Pague. Adem\u00e1s, cuenta con una gran cantidad de caracter\u00edsticas avanzadas, incluida la l\u00f3gica condicional, las opciones de estilo personalizadas y la capacidad de construir formularios de varias p\u00e1ginas, lo que lo convierte en una soluci\u00f3n verdaderamente adaptable y flexible adecuada para empresas que abarcan todo el espectro de tama\u00f1o y escala. En esencia, la gravedad forma PayPal Payments Standard Addon personifica la fluidez y la eficiencia, sirviendo como un activo invaluable para las empresas que buscan optimizar sus procesos de pago, maximizar los ingresos y, en \u00faltima instancia, mejorar la satisfacci\u00f3n de su estimada clientela.<\/p>\n<ul>\n<li>Acepte los pagos directamente a trav\u00e9s de su sitio web con formularios de gravedad con alimentaci\u00f3n<\/li>\n<li>Proceso de forma segura Transacciones con PayPal Payments Standard<\/li>\n<li>Ofrecer a los clientes la conveniencia de pagar a trav\u00e9s de la tarjeta de cr\u00e9dito o la cuenta de PayPal<\/li>\n<li>Integre a la perfecci\u00f3n con su configuraci\u00f3n de formularios de gravedad existentes<\/li>\n<li>Env\u00ede autom\u00e1ticamente los correos electr\u00f3nicos de confirmaci\u00f3n de pago a los clientes<\/li>\n<li>Configurar opciones de producto o servicio con varios niveles de precios<\/li>\n<li>Rastrear y administrar f\u00e1cilmente los pagos dentro de su tablero de WordPress<\/li>\n<li>Compatible con m\u00faltiples monedas para transacciones globales<\/li>\n<li>Personalizar la configuraci\u00f3n de visualizaci\u00f3n para que coincida con la marca de su sitio web<\/li>\n<li>Proceso de configuraci\u00f3n r\u00e1pido y f\u00e1cil con instrucciones paso a paso<\/li>\n<\/ul>\n","protected":false},"excerpt":{"rendered":"<p>Los formularios de gravedad PayPal Payments Standard Addon es una herramienta incre\u00edblemente robusta y efectiva que ofrece a las personas la capacidad perfecta de incorporar sin esfuerzo los pagos de PayPal en sus respectivas formas. En virtud de su interfaz altamente intuitiva y funcionalidad avanzada, los usuarios pueden establecer de manera expedita y eficiente formularios de pago para sus sitios web personales o tiendas virtuales sin necesidad de ninguna experiencia de codificaci\u00f3n previa. Adem\u00e1s, este complemento invaluable tambi\u00e9n proporciona una variedad de diversas opciones para personalizar las configuraciones de pago, incluida la capacidad de configurar pagos de una sola instancia o recurrentes, as\u00ed como la capacidad de adaptar los recibos de pago y las funciones adicionales diversas. \u00a1No pierda tiempo y adquiera los formularios de gravedad PayPal Payments Standard Addon sin demora para acelerar y optimizar su proceso de pago instant\u00e1neamente!<\/p>\n","protected":false},"featured_media":166322,"comment_status":"open","ping_status":"open","template":"","meta":[],"product_brand":[2469],"product_cat":[1278,1206,1211],"product_tag":[1300],"class_list":{"0":"post-114845","1":"product","2":"type-product","3":"status-publish","4":"has-post-thumbnail","6":"product_brand-gravityforms","7":"product_cat-pago","8":"product_cat-plugins","9":"product_cat-wordpress-plugins","10":"product_tag-gravityforms","11":"member-discount","12":"discount-restricted","14":"first","15":"instock","16":"sale","17":"downloadable","18":"virtual","19":"sold-individually","20":"purchasable","21":"product-type-simple"},"_links":{"self":[{"href":"https:\/\/gpl-love.com\/es\/wp-json\/wp\/v2\/product\/114845","targetHints":{"allow":["GET"]}}],"collection":[{"href":"https:\/\/gpl-love.com\/es\/wp-json\/wp\/v2\/product"}],"about":[{"href":"https:\/\/gpl-love.com\/es\/wp-json\/wp\/v2\/types\/product"}],"replies":[{"embeddable":true,"href":"https:\/\/gpl-love.com\/es\/wp-json\/wp\/v2\/comments?post=114845"}],"wp:featuredmedia":[{"embeddable":true,"href":"https:\/\/gpl-love.com\/es\/wp-json\/wp\/v2\/media\/166322"}],"wp:attachment":[{"href":"https:\/\/gpl-love.com\/es\/wp-json\/wp\/v2\/media?parent=114845"}],"wp:term":[{"taxonomy":"product_brand","embeddable":true,"href":"https:\/\/gpl-love.com\/es\/wp-json\/wp\/v2\/product_brand?post=114845"},{"taxonomy":"product_cat","embeddable":true,"href":"https:\/\/gpl-love.com\/es\/wp-json\/wp\/v2\/product_cat?post=114845"},{"taxonomy":"product_tag","embeddable":true,"href":"https:\/\/gpl-love.com\/es\/wp-json\/wp\/v2\/product_tag?post=114845"}],"curies":[{"name":"wp","href":"https:\/\/api.w.org\/{rel}","templated":true}]}}