{"id":114843,"date":"2025-10-30T00:00:00","date_gmt":"2025-10-30T05:00:00","guid":{"rendered":"http:\/\/gpl-love.com\/es\/?post_type=product&#038;p=114843"},"modified":"2026-03-09T07:40:00","modified_gmt":"2026-03-09T12:40:00","slug":"gravity-forms-partial-entries-addon","status":"publish","type":"product","link":"https:\/\/gpl-love.com\/es\/producto\/gravity-forms-partial-entries-addon\/","title":{"rendered":"Gravity Forms Partial Entries Addon 1.8.1"},"content":{"rendered":"<h3>Gravity Forms Partial Entries Addon Caracteristicas<\/h3>\n<p>La gravedad forma el complemento de entradas parciales, una herramienta altamente influyente, ha sido meticulosamente elaborada para racionalizar su flujo de trabajo a trav\u00e9s de su capacidad para capturar las presentaciones de formularios parciales. Con la inclusi\u00f3n de este complemento, est\u00e1 facultado para retener y almacenar presentaciones incompletas para cualquier forma, lo que le brinda la flexibilidad de volver a visitarlos y finalizarlos en un momento futuro. Esta funcionalidad es particularmente ventajosa para formas intrincadas y extensas, ya que mitiga efectivamente el riesgo potencial de p\u00e9rdida irrecuperable cuando se trata de datos valiosos. Adem\u00e1s, el complemento cuenta con una amplia gama de funciones de personalizaci\u00f3n, lo que le permite adaptar la experiencia de entrada parcial para satisfacer sus requisitos \u00fanicos e individuales. Independientemente de si preside una empresa modesta o una corporaci\u00f3n en expansi\u00f3n, el complemento de entradas parciales de forma de gravedad es un activo indispensable para todas y cada una de las personas que buscan optimizar y refinar su procedimiento de presentaciones de formulario.<\/p>\n<ul>\n<li>Captura sin esfuerzo Las entradas de formulario parcialmente completadas con las formularios de gravedad Entradas parciales complementan<\/li>\n<li>Integre perfectamente con formularios de gravedad para recuperar env\u00edos de formularios parcialmente completos<\/li>\n<li>Mejore la experiencia del usuario guardando el progreso de los usuarios a medida que completan formularios en su sitio web<\/li>\n<li>Reducir el riesgo de perder informaci\u00f3n valiosa capturando entradas de formularios parcialmente completadas<\/li>\n<li>Simplifique la recuperaci\u00f3n y el an\u00e1lisis de datos mediante la recopilaci\u00f3n de datos de formulario parcial junto con los datos de formulario completos<\/li>\n<li>Agilice su flujo de trabajo automatizando el proceso de ahorro y recuperaci\u00f3n de entradas de formulario parcialmente completadas<\/li>\n<li>La configuraci\u00f3n personalizable le permite dictar qu\u00e9 campos de formulario se guardan como entradas parciales<\/li>\n<li>Cree una experiencia m\u00e1s personalizada para los usuarios, lo que les permite retomar donde lo dejaron en formas complicadas<\/li>\n<li>Administrar y organizar eficientemente sus entradas de forma parcial en su tablero de WordPress<\/li>\n<li>Ideal para formas m\u00e1s largas y complejas que pueden tomar m\u00faltiples sesiones para completar.<\/li>\n<\/ul>\n","protected":false},"excerpt":{"rendered":"<p>El complemento de las entradas parciales de la gravedad, equipado con sus inmensas capacidades, ofrece una soluci\u00f3n notable para preservar las entradas de formularios en un estado inacabado. Este complemento invaluable le otorga la conveniencia de capturar eficientemente datos cruciales, incluso en escenarios en los que los usuarios terminan inadvertidamente su sesi\u00f3n de navegaci\u00f3n o apagados de dispositivos de experiencia. Adem\u00e1s, proporciona la caracter\u00edstica ventajosa de facilitar los recordatorios automatizados a los usuarios, persuadi\u00e9ndolos para finalizar sus formularios. Como resultado, este complemento excepcional no solo mejora las tasas de conversi\u00f3n, sino que tambi\u00e9n eleva la experiencia del usuario. En consecuencia, las personas que buscan optimizar sus procedimientos de recopilaci\u00f3n de datos y mejorar la eficacia general de sus formas encontrar\u00e1n que este complemento es el ep\u00edtome de la perfecci\u00f3n.<\/p>\n","protected":false},"featured_media":166319,"comment_status":"open","ping_status":"open","template":"","meta":[],"product_brand":[2469],"product_cat":[1214,1206,1211],"product_tag":[1300],"class_list":{"0":"post-114843","1":"product","2":"type-product","3":"status-publish","4":"has-post-thumbnail","6":"product_brand-gravityforms","7":"product_cat-personalizacion","8":"product_cat-plugins","9":"product_cat-wordpress-plugins","10":"product_tag-gravityforms","11":"member-discount","12":"discount-restricted","14":"first","15":"instock","16":"sale","17":"downloadable","18":"virtual","19":"sold-individually","20":"purchasable","21":"product-type-simple"},"_links":{"self":[{"href":"https:\/\/gpl-love.com\/es\/wp-json\/wp\/v2\/product\/114843","targetHints":{"allow":["GET"]}}],"collection":[{"href":"https:\/\/gpl-love.com\/es\/wp-json\/wp\/v2\/product"}],"about":[{"href":"https:\/\/gpl-love.com\/es\/wp-json\/wp\/v2\/types\/product"}],"replies":[{"embeddable":true,"href":"https:\/\/gpl-love.com\/es\/wp-json\/wp\/v2\/comments?post=114843"}],"wp:featuredmedia":[{"embeddable":true,"href":"https:\/\/gpl-love.com\/es\/wp-json\/wp\/v2\/media\/166319"}],"wp:attachment":[{"href":"https:\/\/gpl-love.com\/es\/wp-json\/wp\/v2\/media?parent=114843"}],"wp:term":[{"taxonomy":"product_brand","embeddable":true,"href":"https:\/\/gpl-love.com\/es\/wp-json\/wp\/v2\/product_brand?post=114843"},{"taxonomy":"product_cat","embeddable":true,"href":"https:\/\/gpl-love.com\/es\/wp-json\/wp\/v2\/product_cat?post=114843"},{"taxonomy":"product_tag","embeddable":true,"href":"https:\/\/gpl-love.com\/es\/wp-json\/wp\/v2\/product_tag?post=114843"}],"curies":[{"name":"wp","href":"https:\/\/api.w.org\/{rel}","templated":true}]}}